{"id":11513,"date":"2022-03-22T11:38:24","date_gmt":"2022-03-22T17:38:24","guid":{"rendered":"https:\/\/dev.resuelvetudeuda.com\/es-co\/?page_id=11513"},"modified":"2023-10-23T17:43:31","modified_gmt":"2023-10-23T23:43:31","slug":"tratamiento-de-datos-personales","status":"publish","type":"page","link":"https:\/\/dev.resuelvetudeuda.com\/es-co\/tratamiento-de-datos-personales\/","title":{"rendered":"Tratamiento de datos personales"},"content":{"rendered":"\n<p><\/p>\n\n\n\n<h2 class=\"wp-block-heading has-text-align-center has-medium-font-size\"><strong>AUTORIZACI\u00d3N PARA EL TRATAMIENTO DE DATOS PERSONALES<\/strong><\/h2>\n\n\n\n<p><a href=\"https:\/\/resuelvetudeuda.com\/es-co\/tratamiento-de-datos-personales\/\">https:\/\/resuelvetudeuda.com\/es-co\/tratamiento-de-datos-personales\/<\/a><\/p>\n\n\n\n<p>En atenci\u00f3n a la aplicaci\u00f3n de la Ley 1581 de 2012, sus decretos reglamentarios y dem\u00e1s normas que lo modifiquen, complementen o aclaren, el titular del dato, por medio del presente documento, imparte de manera previa, expresa e informada la siguiente autorizaci\u00f3n a Resuelve tu Deuda para el manejo de mi informaci\u00f3n, con los siguientes prop\u00f3sitos:<\/p>\n\n\n\n<ol class=\"wp-block-list\">\n<li><strong>Autorizaci\u00f3n<\/strong>: Por medio del presente escrito, autorizo a Resuelve tu Deuda para que pueda recolectar, almacenar, depurar, usar, analizar, circular, actualizar, cruzar y eliminar mis datos de contacto (Direcci\u00f3n, tel\u00e9fono, correo electr\u00f3nico, c\u00e9dula, escolaridad, informaci\u00f3n financiera y sociodemogr\u00e1fica, entre otros), as\u00ed como cualquier otra informaci\u00f3n suministrada a trav\u00e9s del Sitio Web, llamadas telef\u00f3nicas y\/o visitas presenciales.<\/li>\n\n\n\n<li><strong>Finalidades<\/strong>: La presente autorizaci\u00f3n, tienen como finalidades: <strong>(i)<\/strong> El desarrollo de todas las operaciones propias del objeto social de Resuelve tu Deuda e sus aliados comerciales, de negocio compa\u00f1\u00edas que participan en operaciones; <strong>(ii)<\/strong> Actualizar, verificar y complementar datos personales y de contacto, tales como celular, direcci\u00f3n, tel\u00e9fono fijo y correo electr\u00f3nico; <strong>(iii)<\/strong> Administrar la informaci\u00f3n de contacto de las personas naturales y jur\u00eddicas para las actividades propias del objeto social de la entidad; <strong>(iv)<\/strong> Contactar a los titulares de los datos en virtud de la relaci\u00f3n comercial o civil existente con los mismos; <strong>(v)<\/strong> Validar informaci\u00f3n para cumplimiento de las pol\u00edticas internas de Resuelve tu Deuda acerca del conocimiento del cliente y administraci\u00f3n de riesgos SARLAFT; <strong>(vi)<\/strong> Proveer o informar sobre los servicios y\/o productos que ofrezca la compa\u00f1\u00eda directa y conjuntamente con sus aliados de negocios y los cambios que implemente respecto a los mismos; <strong>(vii)<\/strong> Realizar tr\u00e1mites administrativos internos de Resuelve tu Deuda tales como reportes contables, auditor\u00edas y facturaci\u00f3n; <strong>(viii)<\/strong> Enviar al correo f\u00edsico, electr\u00f3nico, celular o dispositivo m\u00f3vil v\u00eda mensajes de texto (SMS y\/o MMS) o a trav\u00e9s de cualquier otro medio an\u00e1logo y\/o digital creado o por crearse, informaci\u00f3n comercial, publicitaria sobre los productos y\/o servicios, eventos de tipo comercial o no de estos, con el fin de informar sobre campa\u00f1as de car\u00e1cter comercial o publicitario, adelantados por la entidad o conjuntamente con sus aliados de negocios; <strong>(ix)<\/strong> Crear y alimentar bases de datos para los fines comerciales expuestos y en general para el desarrollo del objeto social de Resuelve tu Deuda;<strong>(x)<\/strong>&nbsp;La atenci\u00f3n de solicitudes, quejas y reclamos y <strong>(xi)<\/strong> Realizar procesos de negociaci\u00f3n de deudas en las plataformas virtuales de entidades que administren cartera, en desarrollo del objeto contractual estipulado para cada una de las empresas del GRUPO; (xii) Desarrollar labores de cobranza relacionada con obligaciones pendientes a favor de Resuelve tu Deuda.<\/li>\n\n\n\n<li><strong>Medios:<\/strong> Las comunicaciones derivadas de las anteriores finalidades, se podr\u00e1n realizar a trav\u00e9s de medios an\u00e1logos, f\u00edsicos y electr\u00f3nicos y cualquier otro conocido o por conocer, y por parte de la entidad con la cual tenga convenio para ejecutar las actividades descritas en las finalidades.<\/li>\n\n\n\n<li>Canales: Autorizo que las comunicaciones derivadas de las anteriores finalidades, se podr\u00e1n realizar mediante el uso de los siguientes canales: Mensaje de texto (SMS), mensajer\u00eda por aplicaciones web (Whatsapp), llamadas telef\u00f3nicas o correo electr\u00f3nico.<\/li>\n\n\n\n<li><strong>Uso:<\/strong> Con el consentimiento de este documento, autorizo al tratamiento de los datos registrados para su procesamiento, recolecci\u00f3n, almacenamiento, uso, custodia, circulaci\u00f3n, supresi\u00f3n, actualizaci\u00f3n, transmisi\u00f3n y\/o transferencia nacional e internacional de los datos suministrados.<\/li>\n\n\n\n<li><strong>Transmisi\u00f3n:<\/strong> En caso que la custodia y almacenamiento sea realizado por una entidad con la que Resuelve tu Deuda tenga relaci\u00f3n contractual, autoriza para la transmisi\u00f3n de sus datos personales, incluyendo los datos personales sensibles a un tercer pa\u00eds, que cuenta con los est\u00e1ndares de seguridad en la protecci\u00f3n de datos personales fijados por la Superintendencia de Industria y Comercio.<\/li>\n\n\n\n<li><strong>Responsable:<\/strong> Resuelve tu Deuda actuar\u00e1 como responsable del Tratamiento de Datos Personales, conforme la pol\u00edtica de Tratamiento de Datos Personales, disponible en la p\u00e1gina web <a href=\"http:\/\/www.resuelvetudeuda.co\" target=\"_blank\" rel=\"noreferrer noopener\">http:\/\/www.resuelvetudeuda.co<\/a><a href=\"http:\/\/www.resuelvetudeuda.co \"> <\/a>y para sus fines misionales.<\/li>\n\n\n\n<li><strong>Derechos del Titular: <\/strong>Como titular, usted tiene derecho a conocer, actualizar y corregir los datos personales. Podr\u00e1 materializar estos derechos mediante el procedimiento de \u201cReclamos\u201d.<\/li>\n\n\n\n<li><strong>Reclamos: <\/strong>En caso de un reclamo o consulta relativa a los datos personales, puede realizarla, remitiendo la solicitud indicada en la p\u00e1gina web <a href=\"http:\/\/www.resuelvetudeuda.co\" target=\"_blank\" rel=\"noreferrer noopener\">http:\/\/www.resuelvetudeuda.co<\/a><\/li>\n\n\n\n<li><strong>Pol\u00edtica de privacidad:<\/strong> Si desea m\u00e1s informaci\u00f3n sobre el tratamiento de sus datos personales, consulte nuestra Pol\u00edtica de Tratamiento de Datos personales en la p\u00e1gina web (<a href=\"http:\/\/www.resuelvetudeuda.co\" target=\"_blank\" rel=\"noreferrer noopener\">http:\/\/www.resuelvetudeuda.co<\/a>)<\/li>\n\n\n\n<li><strong>Mensaje de datos: <\/strong>La informaci\u00f3n contenida en el presente documento, goza de plena validez a la luz del art\u00edculo 5 de la Ley 527 de 1999, por medio del cual se reconoce jur\u00eddicamente los efectos de los mensajes de datos.&nbsp;<\/li>\n<\/ol>\n\n\n\n<p>Declara haber le\u00eddo cuidadosamente el contenido de este documento y haberlo comprendido a cabalidad.<\/p>\n\n\n\n<p>La informaci\u00f3n obtenida para el Tratamiento de los datos personales la he suministrado de forma voluntaria y es ver\u00eddica.<\/p>\n\n\n\n<p class=\"has-text-align-right\"><strong>\u00daltima actualizaci\u00f3n: Octubre 2023.<\/strong><\/p>\n","protected":false},"excerpt":{"rendered":"<p>AUTORIZACI\u00d3N PARA EL TRATAMIENTO DE DATOS PERSONALES https:\/\/resuelvetudeuda.com\/es-co\/tratamiento-de-datos-personales\/ En atenci\u00f3n a la aplicaci\u00f3n de la Ley 1581 de 2012, sus decretos reglamentarios y dem\u00e1s normas que lo modifiquen, complementen o aclaren, el [&#8230;]<\/p>\n<p><a class=\"read-more\" href=\"https:\/\/dev.resuelvetudeuda.com\/es-co\/tratamiento-de-datos-personales\/\">Leer m\u00e1s<\/a><\/p>\n","protected":false},"author":58,"featured_media":0,"parent":0,"menu_order":0,"comment_status":"closed","ping_status":"closed","template":"page-templates\/template-legales.php","meta":{"footnotes":""},"class_list":["post-11513","page","type-page","status-publish","hentry"],"yoast_head":"<!-- This site is optimized with the Yoast SEO plugin v20.13 - https:\/\/yoast.com\/wordpress\/plugins\/seo\/ -->\n<title>Tratamiento de datos personales | Resuelve Tu Deuda Colombia<\/title>\n<meta name=\"robots\" content=\"index, follow, max-snippet:-1, max-image-preview:large, max-video-preview:-1\" \/>\n<link rel=\"canonical\" href=\"https:\/\/dev.resuelvetudeuda.com\/es-co\/tratamiento-de-datos-personales\/\" \/>\n<meta property=\"og:locale\" content=\"es_ES\" \/>\n<meta property=\"og:type\" content=\"article\" \/>\n<meta property=\"og:title\" content=\"Tratamiento de datos personales | Resuelve Tu Deuda Colombia\" \/>\n<meta property=\"og:description\" content=\"AUTORIZACI\u00d3N PARA EL TRATAMIENTO DE DATOS PERSONALES https:\/\/resuelvetudeuda.com\/es-co\/tratamiento-de-datos-personales\/ En atenci\u00f3n a la aplicaci\u00f3n de la Ley 1581 de 2012, sus decretos reglamentarios y dem\u00e1s normas que lo modifiquen, complementen o aclaren, el [...]Leer m\u00e1s\" \/>\n<meta property=\"og:url\" content=\"https:\/\/dev.resuelvetudeuda.com\/es-co\/tratamiento-de-datos-personales\/\" \/>\n<meta property=\"og:site_name\" content=\"Resuelve Tu Deuda Colombia\" \/>\n<meta property=\"article:publisher\" content=\"https:\/\/www.facebook.com\/ResuelveTuDeuda\" \/>\n<meta property=\"article:modified_time\" content=\"2023-10-23T23:43:31+00:00\" \/>\n<meta property=\"og:image\" content=\"https:\/\/dev.resuelvetudeuda.com\/es-co\/wp-content\/uploads\/sites\/6\/2021\/04\/rtd2021_cover.png\" \/>\n\t<meta property=\"og:image:width\" content=\"1200\" \/>\n\t<meta property=\"og:image:height\" content=\"630\" \/>\n\t<meta property=\"og:image:type\" content=\"image\/png\" \/>\n<meta name=\"twitter:card\" content=\"summary_large_image\" \/>\n<meta name=\"twitter:site\" content=\"@resuelvetudeuda\" \/>\n<meta name=\"twitter:label1\" content=\"Tiempo estimado de lectura\" \/>\n\t<meta name=\"twitter:data1\" content=\"4 minutos\" \/>\n<script type=\"application\/ld+json\" class=\"yoast-schema-graph\">{\"@context\":\"https:\/\/schema.org\",\"@graph\":[{\"@type\":\"WebPage\",\"@id\":\"https:\/\/dev.resuelvetudeuda.com\/es-co\/tratamiento-de-datos-personales\/\",\"url\":\"https:\/\/dev.resuelvetudeuda.com\/es-co\/tratamiento-de-datos-personales\/\",\"name\":\"Tratamiento de datos personales | Resuelve Tu Deuda Colombia\",\"isPartOf\":{\"@id\":\"https:\/\/dev.resuelvetudeuda.com\/es-co\/#website\"},\"datePublished\":\"2022-03-22T17:38:24+00:00\",\"dateModified\":\"2023-10-23T23:43:31+00:00\",\"breadcrumb\":{\"@id\":\"https:\/\/dev.resuelvetudeuda.com\/es-co\/tratamiento-de-datos-personales\/#breadcrumb\"},\"inLanguage\":\"es-CO\",\"potentialAction\":[{\"@type\":\"ReadAction\",\"target\":[\"https:\/\/dev.resuelvetudeuda.com\/es-co\/tratamiento-de-datos-personales\/\"]}]},{\"@type\":\"BreadcrumbList\",\"@id\":\"https:\/\/dev.resuelvetudeuda.com\/es-co\/tratamiento-de-datos-personales\/#breadcrumb\",\"itemListElement\":[{\"@type\":\"ListItem\",\"position\":1,\"name\":\"Inicio\",\"item\":\"https:\/\/dev.resuelvetudeuda.com\/es-co\/\"},{\"@type\":\"ListItem\",\"position\":2,\"name\":\"Tratamiento de datos personales\"}]},{\"@type\":\"WebSite\",\"@id\":\"https:\/\/dev.resuelvetudeuda.com\/es-co\/#website\",\"url\":\"https:\/\/dev.resuelvetudeuda.com\/es-co\/\",\"name\":\"Resuelve Tu Deuda Colombia\",\"description\":\"Somos la reparadora de cr\u00e9dito con m\u00e1s experiencia en Am\u00e9rica Latina.\",\"publisher\":{\"@id\":\"https:\/\/dev.resuelvetudeuda.com\/es-co\/#organization\"},\"potentialAction\":[{\"@type\":\"SearchAction\",\"target\":{\"@type\":\"EntryPoint\",\"urlTemplate\":\"https:\/\/dev.resuelvetudeuda.com\/es-co\/?s={search_term_string}\"},\"query-input\":\"required name=search_term_string\"}],\"inLanguage\":\"es-CO\"},{\"@type\":\"Organization\",\"@id\":\"https:\/\/dev.resuelvetudeuda.com\/es-co\/#organization\",\"name\":\"Resuelve tu Deuda\",\"url\":\"https:\/\/dev.resuelvetudeuda.com\/es-co\/\",\"logo\":{\"@type\":\"ImageObject\",\"inLanguage\":\"es-CO\",\"@id\":\"https:\/\/dev.resuelvetudeuda.com\/es-co\/#\/schema\/logo\/image\/\",\"url\":\"https:\/\/dev.resuelvetudeuda.com\/es-co\/wp-content\/uploads\/sites\/6\/2021\/04\/logoRTD.png\",\"contentUrl\":\"https:\/\/dev.resuelvetudeuda.com\/es-co\/wp-content\/uploads\/sites\/6\/2021\/04\/logoRTD.png\",\"width\":192,\"height\":192,\"caption\":\"Resuelve tu Deuda\"},\"image\":{\"@id\":\"https:\/\/dev.resuelvetudeuda.com\/es-co\/#\/schema\/logo\/image\/\"},\"sameAs\":[\"https:\/\/www.facebook.com\/ResuelveTuDeuda\",\"https:\/\/twitter.com\/resuelvetudeuda\",\"https:\/\/www.instagram.com\/resuelvetudeuda\",\"https:\/\/www.linkedin.com\/company\/resuelve-global\/\"]}]}<\/script>\n<!-- \/ Yoast SEO plugin. -->","yoast_head_json":{"title":"Tratamiento de datos personales | Resuelve Tu Deuda Colombia","robots":{"index":"index","follow":"follow","max-snippet":"max-snippet:-1","max-image-preview":"max-image-preview:large","max-video-preview":"max-video-preview:-1"},"canonical":"https:\/\/dev.resuelvetudeuda.com\/es-co\/tratamiento-de-datos-personales\/","og_locale":"es_ES","og_type":"article","og_title":"Tratamiento de datos personales | Resuelve Tu Deuda Colombia","og_description":"AUTORIZACI\u00d3N PARA EL TRATAMIENTO DE DATOS PERSONALES https:\/\/resuelvetudeuda.com\/es-co\/tratamiento-de-datos-personales\/ En atenci\u00f3n a la aplicaci\u00f3n de la Ley 1581 de 2012, sus decretos reglamentarios y dem\u00e1s normas que lo modifiquen, complementen o aclaren, el [...]Leer m\u00e1s","og_url":"https:\/\/dev.resuelvetudeuda.com\/es-co\/tratamiento-de-datos-personales\/","og_site_name":"Resuelve Tu Deuda Colombia","article_publisher":"https:\/\/www.facebook.com\/ResuelveTuDeuda","article_modified_time":"2023-10-23T23:43:31+00:00","og_image":[{"width":1200,"height":630,"url":"https:\/\/dev.resuelvetudeuda.com\/es-co\/wp-content\/uploads\/sites\/6\/2021\/04\/rtd2021_cover.png","type":"image\/png"}],"twitter_card":"summary_large_image","twitter_site":"@resuelvetudeuda","twitter_misc":{"Tiempo estimado de lectura":"4 minutos"},"schema":{"@context":"https:\/\/schema.org","@graph":[{"@type":"WebPage","@id":"https:\/\/dev.resuelvetudeuda.com\/es-co\/tratamiento-de-datos-personales\/","url":"https:\/\/dev.resuelvetudeuda.com\/es-co\/tratamiento-de-datos-personales\/","name":"Tratamiento de datos personales | Resuelve Tu Deuda Colombia","isPartOf":{"@id":"https:\/\/dev.resuelvetudeuda.com\/es-co\/#website"},"datePublished":"2022-03-22T17:38:24+00:00","dateModified":"2023-10-23T23:43:31+00:00","breadcrumb":{"@id":"https:\/\/dev.resuelvetudeuda.com\/es-co\/tratamiento-de-datos-personales\/#breadcrumb"},"inLanguage":"es-CO","potentialAction":[{"@type":"ReadAction","target":["https:\/\/dev.resuelvetudeuda.com\/es-co\/tratamiento-de-datos-personales\/"]}]},{"@type":"BreadcrumbList","@id":"https:\/\/dev.resuelvetudeuda.com\/es-co\/tratamiento-de-datos-personales\/#breadcrumb","itemListElement":[{"@type":"ListItem","position":1,"name":"Inicio","item":"https:\/\/dev.resuelvetudeuda.com\/es-co\/"},{"@type":"ListItem","position":2,"name":"Tratamiento de datos personales"}]},{"@type":"WebSite","@id":"https:\/\/dev.resuelvetudeuda.com\/es-co\/#website","url":"https:\/\/dev.resuelvetudeuda.com\/es-co\/","name":"Resuelve Tu Deuda Colombia","description":"Somos la reparadora de cr\u00e9dito con m\u00e1s experiencia en Am\u00e9rica Latina.","publisher":{"@id":"https:\/\/dev.resuelvetudeuda.com\/es-co\/#organization"},"potentialAction":[{"@type":"SearchAction","target":{"@type":"EntryPoint","urlTemplate":"https:\/\/dev.resuelvetudeuda.com\/es-co\/?s={search_term_string}"},"query-input":"required name=search_term_string"}],"inLanguage":"es-CO"},{"@type":"Organization","@id":"https:\/\/dev.resuelvetudeuda.com\/es-co\/#organization","name":"Resuelve tu Deuda","url":"https:\/\/dev.resuelvetudeuda.com\/es-co\/","logo":{"@type":"ImageObject","inLanguage":"es-CO","@id":"https:\/\/dev.resuelvetudeuda.com\/es-co\/#\/schema\/logo\/image\/","url":"https:\/\/dev.resuelvetudeuda.com\/es-co\/wp-content\/uploads\/sites\/6\/2021\/04\/logoRTD.png","contentUrl":"https:\/\/dev.resuelvetudeuda.com\/es-co\/wp-content\/uploads\/sites\/6\/2021\/04\/logoRTD.png","width":192,"height":192,"caption":"Resuelve tu Deuda"},"image":{"@id":"https:\/\/dev.resuelvetudeuda.com\/es-co\/#\/schema\/logo\/image\/"},"sameAs":["https:\/\/www.facebook.com\/ResuelveTuDeuda","https:\/\/twitter.com\/resuelvetudeuda","https:\/\/www.instagram.com\/resuelvetudeuda","https:\/\/www.linkedin.com\/company\/resuelve-global\/"]}]}},"_links":{"self":[{"href":"https:\/\/dev.resuelvetudeuda.com\/es-co\/wp-json\/wp\/v2\/pages\/11513","targetHints":{"allow":["GET"]}}],"collection":[{"href":"https:\/\/dev.resuelvetudeuda.com\/es-co\/wp-json\/wp\/v2\/pages"}],"about":[{"href":"https:\/\/dev.resuelvetudeuda.com\/es-co\/wp-json\/wp\/v2\/types\/page"}],"author":[{"embeddable":true,"href":"https:\/\/dev.resuelvetudeuda.com\/es-co\/wp-json\/wp\/v2\/users\/58"}],"replies":[{"embeddable":true,"href":"https:\/\/dev.resuelvetudeuda.com\/es-co\/wp-json\/wp\/v2\/comments?post=11513"}],"version-history":[{"count":0,"href":"https:\/\/dev.resuelvetudeuda.com\/es-co\/wp-json\/wp\/v2\/pages\/11513\/revisions"}],"wp:attachment":[{"href":"https:\/\/dev.resuelvetudeuda.com\/es-co\/wp-json\/wp\/v2\/media?parent=11513"}],"curies":[{"name":"wp","href":"https:\/\/api.w.org\/{rel}","templated":true}]}}