{"id":253,"date":"2020-08-26T15:20:22","date_gmt":"2020-08-26T15:20:22","guid":{"rendered":"http:\/\/resuelve-tu-deuda.local\/?page_id=6"},"modified":"2021-06-22T18:26:26","modified_gmt":"2021-06-22T23:26:26","slug":"reparadora-de-credito","status":"publish","type":"page","link":"https:\/\/dev.resuelvetudeuda.com\/es-co\/reparadora-de-credito\/","title":{"rendered":"Inicio"},"content":{"rendered":"<div class=\"wp-bootstrap-blocks-container container-fluid mb-2 pleca-right\">\n\t\n<div class=\"wp-bootstrap-blocks-container container mb-2\">\n\t\n<div class=\"wp-bootstrap-blocks-row row\">\n\t\n\n<div class=\"col-12 text-center\">\n\t\t\t\n\n<p class=\"has-text-align-center\">Si tienes una deuda y quieres terminar de pagarla, de una vez por todas, Resuelve tu Deuda es tu opci\u00f3n confiable.<\/p>\n\n\n\n<div class=\"wp-block-image iso-divider\"><figure class=\"aligncenter size-full is-resized\"><img decoding=\"async\" src=\"https:\/\/dev.resuelvetudeuda.com\/es-co\/wp-content\/uploads\/sites\/6\/2020\/09\/rtd-logo@2x.png\" alt=\"\" class=\"wp-image-10122\" width=\"38\" height=\"40\"\/><\/figure><\/div>\n\n\t<\/div>\n\n<\/div>\n\n\n<div class=\"wp-bootstrap-blocks-row row row-eq-height\">\n\t\n\n<div class=\"col-12 col-md-6\">\n\t\t\t\n\n<figure class=\"wp-block-image size-large\"><img decoding=\"async\" width=\"588\" height=\"637\" src=\"https:\/\/dev.resuelvetudeuda.com\/es-co\/wp-content\/uploads\/sites\/6\/2021\/02\/ps_home.png\" alt=\"\" class=\"wp-image-10544\" srcset=\"https:\/\/dev.resuelvetudeuda.com\/es-co\/wp-content\/uploads\/sites\/6\/2021\/02\/ps_home.png 588w, https:\/\/dev.resuelvetudeuda.com\/es-co\/wp-content\/uploads\/sites\/6\/2021\/02\/ps_home-277x300.png 277w\" sizes=\"(max-width: 588px) 100vw, 588px\" \/><\/figure>\n\n\t<\/div>\n\n\n\n<div class=\"col-12 col-md-6\">\n\t\t\t\n\n<div class=\"wp-block-group v-center\"><div class=\"wp-block-group__inner-container is-layout-flow wp-block-group-is-layout-flow\">\n<h2 class=\"wp-block-heading\" id=\"h-no-adquieras-m-s-pr-stamos\">No adquieras <strong>m\u00e1s pr\u00e9stamos<\/strong><\/h2>\n\n\n\n<p class=\"pr-5\">Con nuestro programa tendr\u00e1s la soluci\u00f3n definitiva al endeudamiento e incluso adquirir\u00e1s nuevos h\u00e1bitos financieros que te alejar\u00e1n de m\u00e1s obligaciones.<\/p>\n<\/div><\/div>\n\n\n\n<p><\/p>\n\n\t<\/div>\n\n<\/div>\n\n<\/div>\n\n<\/div>\n\n\n<div class=\"wp-bootstrap-blocks-container container-fluid mb-2 clear-bg py-5\">\n\t\n<div class=\"wp-bootstrap-blocks-container container mb-0\">\n\t\n<div class=\"wp-bootstrap-blocks-row row my-0\">\n\t\n\n<div class=\"col-12 col-md-12\">\n\t\t\t\n\n<h2 class=\"has-text-align-center wp-block-heading\" id=\"h-as-lo-hacemos\">As\u00ed lo <strong>hacemos:<\/strong><\/h2>\n\n\t<\/div>\n\n<\/div>\n\n<\/div>\n\n\n<div class=\"wp-bootstrap-blocks-row row\">\n\t\n\n<div class=\"col-12\">\n\t\t\t\n<div class=\"container px-0\">\n    <div class=\"features-slider features data-slider-length=\" 3\">\n                <div class=\"feature\">\n            <div class=\"feature-image\">\n                                <video class=\"lozad\" autoplay loop muted playsinline\n                    data-poster=\"https:\/\/dev.resuelvetudeuda.com\/es-co\/wp-content\/uploads\/sites\/6\/2020\/10\/Comofunciona_2.gif\">\n                    <source data-src=\"https:\/\/dev.resuelvetudeuda.com\/es-co\/wp-content\/uploads\/sites\/6\/2021\/04\/1_ASILOHACEMOS.webm\" type=\"video\/webm\" \/>\n                    <source data-src=\"https:\/\/dev.resuelvetudeuda.com\/es-co\/wp-content\/uploads\/sites\/6\/2021\/04\/2021_ASILOHACEMOS_1.mp4\" type=\"video\/mp4\" \/>\n                <\/video>\n                            <\/div>\n            <div class=\"feature-text\">\n                                <!-- wp:paragraph -->\n<p>Estudiamos tu situaci\u00f3n y dise\u00f1amos un plan de ahorro a tu medida.<\/p>\n<!-- \/wp:paragraph -->            <\/div>\n        <\/div>\n                <div class=\"feature\">\n            <div class=\"feature-image\">\n                                <video class=\"lozad\" autoplay loop muted playsinline\n                    data-poster=\"https:\/\/dev.resuelvetudeuda.com\/es-co\/wp-content\/uploads\/sites\/6\/2020\/10\/Comofunciona_6.gif\">\n                    <source data-src=\"https:\/\/dev.resuelvetudeuda.com\/es-co\/wp-content\/uploads\/sites\/6\/2021\/04\/2_ASILOHACEMOS.webm\" type=\"video\/webm\" \/>\n                    <source data-src=\"https:\/\/dev.resuelvetudeuda.com\/es-co\/wp-content\/uploads\/sites\/6\/2021\/04\/2021_ASILOHACEMOS_2.mp4\" type=\"video\/mp4\" \/>\n                <\/video>\n                            <\/div>\n            <div class=\"feature-text\">\n                                <!-- wp:paragraph -->\n<p>Mientras t\u00fa ahorras, nosotros negociamos para conseguirte el mejor descuento posible.<\/p>\n<!-- \/wp:paragraph -->            <\/div>\n        <\/div>\n                <div class=\"feature\">\n            <div class=\"feature-image\">\n                                <video class=\"lozad\" autoplay loop muted playsinline\n                    data-poster=\"https:\/\/dev.resuelvetudeuda.com\/es-co\/wp-content\/uploads\/sites\/6\/2020\/10\/Comofunciona_4.gif\">\n                    <source data-src=\"https:\/\/dev.resuelvetudeuda.com\/es-co\/wp-content\/uploads\/sites\/6\/2021\/04\/3_ASILOHACEMOS.webm\" type=\"video\/webm\" \/>\n                    <source data-src=\"https:\/\/dev.resuelvetudeuda.com\/es-co\/wp-content\/uploads\/sites\/6\/2021\/04\/2021_ASILOHACEMOS_3.mp4\" type=\"video\/mp4\" \/>\n                <\/video>\n                            <\/div>\n            <div class=\"feature-text\">\n                                <!-- wp:paragraph -->\n<p>Cuando obtenemos el mejor descuento y tu ahorro es suficiente, liquidamos tus deudas.<\/p>\n<!-- \/wp:paragraph -->            <\/div>\n        <\/div>\n            <\/div>\n<\/div>\n\n\n\n<div class=\"wp-block-rtd-rtd-cta undefined cta\"><a href=\"https:\/\/dev.resuelvetudeuda.com\/es-co\/asesoria\/\" class=\"btn btn-lg\">Obt\u00e9n una asesor\u00eda<\/a><\/div>\n\n\t<\/div>\n\n<\/div>\n\n<\/div>\n\n\n<div class=\"wp-bootstrap-blocks-container container-fluid mb-2 pleca-left py-5\">\n\t\n<div class=\"wp-bootstrap-blocks-container container mb-2\">\n\t\n<div class=\"wp-bootstrap-blocks-row row\">\n\t\n\n<div class=\"col-12\">\n\t\t\t\n\n<div class=\"wp-block-rtd-block-rtd-title row page-title\"><div class=\"col text-center\"><h2>Hemos cre\u00eddo en miles de personas<br><strong>y ellos en nosotros.<\/strong><\/h2><\/div><\/div>\n\n\n<div class=\"row testimonials\">\n        <div class=\"testimonial col-md-6\">\n        <div class=\"testimonial-content\">\n                        <div class=\"top\">\n                <div class=\"carita\"><img decoding=\"async\" width=\"88\" height=\"90\"\n                        src=\"https:\/\/dev.resuelvetudeuda.com\/es-co\/wp-content\/uploads\/sites\/6\/2020\/10\/img_farlyk.png\" alt=\"10939\">\n                <\/div>\n                <h3 class=\"name\">Farlyk                <\/h3>\n                <h4 class=\"city\">Bogot\u00e1                <\/h4>\n            <\/div>\n            <div class=\"bottom\">\n                <p class=\"phrase\">&#8220;Mi salario ya no alcanzaba para pagar mis deudas.&#8221;                <\/p>\n                                <a class=\"link\" href=\"https:\/\/www.youtube.com\/watch?v=S95Dg2K62r0&#038;t=374s\">\n                  Conoce su historia                <\/a>\n                            <\/div>\n\n        <\/div>\n    <\/div>\n        <div class=\"testimonial col-md-6\">\n        <div class=\"testimonial-content\">\n                        <div class=\"top\">\n                <div class=\"carita\"><img decoding=\"async\" width=\"88\" height=\"90\"\n                        src=\"https:\/\/dev.resuelvetudeuda.com\/es-co\/wp-content\/uploads\/sites\/6\/2020\/10\/img_luz.png\" alt=\"10940\">\n                <\/div>\n                <h3 class=\"name\">Luz                <\/h3>\n                <h4 class=\"city\">Bogot\u00e1                <\/h4>\n            <\/div>\n            <div class=\"bottom\">\n                <p class=\"phrase\">&#8220;Gracias a Resuelve tu Deuda logr\u00e9 liquidar 4 cuentas.&#8221;                <\/p>\n                                <a class=\"link\" href=\"https:\/\/www.youtube.com\/watch?v=PqwKtW0S6PE&#038;t=3s\">\n                  Conoce su historia                <\/a>\n                            <\/div>\n\n        <\/div>\n    <\/div>\n    <\/div> \n\n\n<div class=\"wp-block-rtd-rtd-cta undefined cta\"><a href=\"https:\/\/dev.resuelvetudeuda.com\/es-co\/nuestros-clientes\/\" class=\"btn btn-lg\">Leer m\u00e1s testimonios<\/a><\/div>\n\n\t<\/div>\n\n<\/div>\n\n\n<div class=\"wp-bootstrap-blocks-row row\">\n\t\n\n<div class=\"col-12 mt-3\">\n\t\t\t\n\n<div class=\"wp-block-rtd-block-rtd-title row page-title\"><div class=\"col text-center\"><h2>Ellos han hablado<br><strong>de nosotros:<\/strong><\/h2><\/div><\/div>\n\n\n\n<p><\/p>\n\n\t<\/div>\n\n<\/div>\n\n\n<div class=\"wp-bootstrap-blocks-row row press-home\">\n\t\n\n<div class=\"col-6 col-sm-6 col-md-4\">\n\t\t\t\n\n<div class=\"wp-block-image\"><figure class=\"aligncenter size-large\"><a href=\"https:\/\/www.portafolio.co\/mis-finanzas\/programas-de-reparacion-de-credito-la-apuesta-para-saldar-deudas-506749\" target=\"_blank\" rel=\"noopener\"><img decoding=\"async\" width=\"488\" height=\"203\" src=\"https:\/\/dev.resuelvetudeuda.com\/es-co\/wp-content\/uploads\/sites\/6\/2020\/10\/portafolio.png\" alt=\"\" class=\"wp-image-10923\" srcset=\"https:\/\/dev.resuelvetudeuda.com\/es-co\/wp-content\/uploads\/sites\/6\/2020\/10\/portafolio.png 488w, https:\/\/dev.resuelvetudeuda.com\/es-co\/wp-content\/uploads\/sites\/6\/2020\/10\/portafolio-300x125.png 300w\" sizes=\"(max-width: 488px) 100vw, 488px\" \/><\/a><\/figure><\/div>\n\n\t<\/div>\n\n\n\n<div class=\"col-6 col-sm-6 col-md-4\">\n\t\t\t\n\n<figure class=\"wp-block-image size-large\"><img decoding=\"async\" width=\"488\" height=\"203\" src=\"https:\/\/dev.resuelvetudeuda.com\/es-co\/wp-content\/uploads\/sites\/6\/2020\/10\/canal_1.png\" alt=\"\" class=\"wp-image-10976\" srcset=\"https:\/\/dev.resuelvetudeuda.com\/es-co\/wp-content\/uploads\/sites\/6\/2020\/10\/canal_1.png 488w, https:\/\/dev.resuelvetudeuda.com\/es-co\/wp-content\/uploads\/sites\/6\/2020\/10\/canal_1-300x125.png 300w\" sizes=\"(max-width: 488px) 100vw, 488px\" \/><\/figure>\n\n\t<\/div>\n\n\n\n<div class=\"col-6 col-sm-6 col-md-4\">\n\t\t\t\n\n<div class=\"wp-block-image\"><figure class=\"aligncenter size-large\"><a href=\"https:\/\/www.eltiempo.com\/economia\/finanzas-personales\/por-que-los-colombianos-se-han-endeudado-tanto-durante-la-pandemia-513410\" target=\"_blank\" rel=\"noopener\"><img decoding=\"async\" width=\"488\" height=\"203\" src=\"https:\/\/dev.resuelvetudeuda.com\/es-co\/wp-content\/uploads\/sites\/6\/2020\/10\/el_tiempo.png\" alt=\"\" class=\"wp-image-10925\" srcset=\"https:\/\/dev.resuelvetudeuda.com\/es-co\/wp-content\/uploads\/sites\/6\/2020\/10\/el_tiempo.png 488w, https:\/\/dev.resuelvetudeuda.com\/es-co\/wp-content\/uploads\/sites\/6\/2020\/10\/el_tiempo-300x125.png 300w\" sizes=\"(max-width: 488px) 100vw, 488px\" \/><\/a><\/figure><\/div>\n\n\t<\/div>\n\n\n\n<div class=\"col-6 col-sm-6 col-md-4 ml-auto\">\n\t\t\t\n\n<div class=\"wp-block-image\"><figure class=\"aligncenter size-large\"><a href=\"https:\/\/www.larepublica.co\/finanzas\/estos-son-los-10-errores-mas-comunes-al-momento-de-utilizar-su-tarjeta-de-credito-2779715\" target=\"_blank\" rel=\"noopener\"><img decoding=\"async\" width=\"488\" height=\"203\" src=\"https:\/\/dev.resuelvetudeuda.com\/es-co\/wp-content\/uploads\/sites\/6\/2020\/10\/la_republica.png\" alt=\"\" class=\"wp-image-10927\" srcset=\"https:\/\/dev.resuelvetudeuda.com\/es-co\/wp-content\/uploads\/sites\/6\/2020\/10\/la_republica.png 488w, https:\/\/dev.resuelvetudeuda.com\/es-co\/wp-content\/uploads\/sites\/6\/2020\/10\/la_republica-300x125.png 300w\" sizes=\"(max-width: 488px) 100vw, 488px\" \/><\/a><\/figure><\/div>\n\n\t<\/div>\n\n\n\n<div class=\"col-6 col-sm-6 col-md-4 mr-auto\">\n\t\t\t\n\n<figure class=\"wp-block-image size-large\"><a href=\"https:\/\/www.finanzaspersonales.co\/ahorro-e-inversion\/articulo\/como-llevar-una-buena-vida-financiera\/81399\" target=\"_blank\" rel=\"noopener\"><img decoding=\"async\" width=\"488\" height=\"203\" src=\"https:\/\/dev.resuelvetudeuda.com\/es-co\/wp-content\/uploads\/sites\/6\/2020\/10\/finanzas_personales.png\" alt=\"\" class=\"wp-image-10926\" srcset=\"https:\/\/dev.resuelvetudeuda.com\/es-co\/wp-content\/uploads\/sites\/6\/2020\/10\/finanzas_personales.png 488w, https:\/\/dev.resuelvetudeuda.com\/es-co\/wp-content\/uploads\/sites\/6\/2020\/10\/finanzas_personales-300x125.png 300w\" sizes=\"(max-width: 488px) 100vw, 488px\" \/><\/a><\/figure>\n\n\n\n<p><\/p>\n\n\t<\/div>\n\n<\/div>\n\n<\/div>\n\n<\/div>\n","protected":false},"excerpt":{"rendered":"<p> [&#8230;]<\/p>\n<p><a class=\"read-more\" href=\"https:\/\/dev.resuelvetudeuda.com\/es-co\/reparadora-de-credito\/\">Leer m\u00e1s<\/a><\/p>\n","protected":false},"author":5,"featured_media":0,"parent":0,"menu_order":0,"comment_status":"closed","ping_status":"closed","template":"page-templates\/template-home.php","meta":{"footnotes":""},"class_list":["post-253","page","type-page","status-publish","hentry"],"yoast_head":"<!-- This site is optimized with the Yoast SEO plugin v20.13 - https:\/\/yoast.com\/wordpress\/plugins\/seo\/ -->\n<title>Resuelve tu Deuda Colombia | Reparadora de Cr\u00e9dito<\/title>\n<meta name=\"description\" content=\"Con ayuda de nuestros expertos brindamos soluciones a miles de clientes, en M\u00e9xico, Colombia y Espa\u00f1a. \u00a1La Reparadora de Cr\u00e9dito en Colombia m\u00e1s confiable!\" \/>\n<meta name=\"robots\" content=\"index, follow, max-snippet:-1, max-image-preview:large, max-video-preview:-1\" \/>\n<link rel=\"canonical\" href=\"https:\/\/dev.resuelvetudeuda.com\/es-co\/\" \/>\n<meta property=\"og:locale\" content=\"es_ES\" \/>\n<meta property=\"og:type\" content=\"article\" \/>\n<meta property=\"og:title\" content=\"Resuelve tu Deuda Colombia | Reparadora de Cr\u00e9dito\" \/>\n<meta property=\"og:description\" content=\"Con ayuda de nuestros expertos brindamos soluciones a miles de clientes, en M\u00e9xico, Colombia y Espa\u00f1a. \u00a1La Reparadora de Cr\u00e9dito en Colombia m\u00e1s confiable!\" \/>\n<meta property=\"og:url\" content=\"https:\/\/dev.resuelvetudeuda.com\/es-co\/\" \/>\n<meta property=\"og:site_name\" content=\"Resuelve Tu Deuda Colombia\" \/>\n<meta property=\"article:publisher\" content=\"https:\/\/www.facebook.com\/ResuelveTuDeuda\" \/>\n<meta property=\"article:modified_time\" content=\"2021-06-22T23:26:26+00:00\" \/>\n<meta property=\"og:image\" content=\"https:\/\/dev.resuelvetudeuda.com\/es-co\/wp-content\/uploads\/sites\/6\/2020\/09\/rtd-logo@2x.png\" \/>\n<meta name=\"twitter:card\" content=\"summary_large_image\" \/>\n<meta name=\"twitter:site\" content=\"@resuelvetudeuda\" \/>\n<meta name=\"twitter:label1\" content=\"Tiempo estimado de lectura\" \/>\n\t<meta name=\"twitter:data1\" content=\"2 minutos\" \/>\n<script type=\"application\/ld+json\" class=\"yoast-schema-graph\">{\"@context\":\"https:\/\/schema.org\",\"@graph\":[{\"@type\":\"WebPage\",\"@id\":\"https:\/\/dev.resuelvetudeuda.com\/es-co\/reparadora-de-credito\/\",\"url\":\"https:\/\/dev.resuelvetudeuda.com\/es-co\/\",\"name\":\"Resuelve tu Deuda Colombia | Reparadora de Cr\u00e9dito\",\"isPartOf\":{\"@id\":\"https:\/\/dev.resuelvetudeuda.com\/es-co\/#website\"},\"datePublished\":\"2020-08-26T15:20:22+00:00\",\"dateModified\":\"2021-06-22T23:26:26+00:00\",\"description\":\"Con ayuda de nuestros expertos brindamos soluciones a miles de clientes, en M\u00e9xico, Colombia y Espa\u00f1a. \u00a1La Reparadora de Cr\u00e9dito en Colombia m\u00e1s confiable!\",\"breadcrumb\":{\"@id\":\"https:\/\/dev.resuelvetudeuda.com\/es-co\/#breadcrumb\"},\"inLanguage\":\"es-CO\",\"potentialAction\":[{\"@type\":\"ReadAction\",\"target\":[\"https:\/\/dev.resuelvetudeuda.com\/es-co\/\"]}]},{\"@type\":\"BreadcrumbList\",\"@id\":\"https:\/\/dev.resuelvetudeuda.com\/es-co\/#breadcrumb\",\"itemListElement\":[{\"@type\":\"ListItem\",\"position\":1,\"name\":\"Inicio\",\"item\":\"https:\/\/dev.resuelvetudeuda.com\/es-co\/\"},{\"@type\":\"ListItem\",\"position\":2,\"name\":\"Inicio\"}]},{\"@type\":\"WebSite\",\"@id\":\"https:\/\/dev.resuelvetudeuda.com\/es-co\/#website\",\"url\":\"https:\/\/dev.resuelvetudeuda.com\/es-co\/\",\"name\":\"Resuelve Tu Deuda Colombia\",\"description\":\"Somos la reparadora de cr\u00e9dito con m\u00e1s experiencia en Am\u00e9rica Latina.\",\"publisher\":{\"@id\":\"https:\/\/dev.resuelvetudeuda.com\/es-co\/#organization\"},\"potentialAction\":[{\"@type\":\"SearchAction\",\"target\":{\"@type\":\"EntryPoint\",\"urlTemplate\":\"https:\/\/dev.resuelvetudeuda.com\/es-co\/?s={search_term_string}\"},\"query-input\":\"required name=search_term_string\"}],\"inLanguage\":\"es-CO\"},{\"@type\":\"Organization\",\"@id\":\"https:\/\/dev.resuelvetudeuda.com\/es-co\/#organization\",\"name\":\"Resuelve tu Deuda\",\"url\":\"https:\/\/dev.resuelvetudeuda.com\/es-co\/\",\"logo\":{\"@type\":\"ImageObject\",\"inLanguage\":\"es-CO\",\"@id\":\"https:\/\/dev.resuelvetudeuda.com\/es-co\/#\/schema\/logo\/image\/\",\"url\":\"https:\/\/dev.resuelvetudeuda.com\/es-co\/wp-content\/uploads\/sites\/6\/2021\/04\/logoRTD.png\",\"contentUrl\":\"https:\/\/dev.resuelvetudeuda.com\/es-co\/wp-content\/uploads\/sites\/6\/2021\/04\/logoRTD.png\",\"width\":192,\"height\":192,\"caption\":\"Resuelve tu Deuda\"},\"image\":{\"@id\":\"https:\/\/dev.resuelvetudeuda.com\/es-co\/#\/schema\/logo\/image\/\"},\"sameAs\":[\"https:\/\/www.facebook.com\/ResuelveTuDeuda\",\"https:\/\/twitter.com\/resuelvetudeuda\",\"https:\/\/www.instagram.com\/resuelvetudeuda\",\"https:\/\/www.linkedin.com\/company\/resuelve-global\/\"]}]}<\/script>\n<!-- \/ Yoast SEO plugin. -->","yoast_head_json":{"title":"Resuelve tu Deuda Colombia | Reparadora de Cr\u00e9dito","description":"Con ayuda de nuestros expertos brindamos soluciones a miles de clientes, en M\u00e9xico, Colombia y Espa\u00f1a. \u00a1La Reparadora de Cr\u00e9dito en Colombia m\u00e1s confiable!","robots":{"index":"index","follow":"follow","max-snippet":"max-snippet:-1","max-image-preview":"max-image-preview:large","max-video-preview":"max-video-preview:-1"},"canonical":"https:\/\/dev.resuelvetudeuda.com\/es-co\/","og_locale":"es_ES","og_type":"article","og_title":"Resuelve tu Deuda Colombia | Reparadora de Cr\u00e9dito","og_description":"Con ayuda de nuestros expertos brindamos soluciones a miles de clientes, en M\u00e9xico, Colombia y Espa\u00f1a. \u00a1La Reparadora de Cr\u00e9dito en Colombia m\u00e1s confiable!","og_url":"https:\/\/dev.resuelvetudeuda.com\/es-co\/","og_site_name":"Resuelve Tu Deuda Colombia","article_publisher":"https:\/\/www.facebook.com\/ResuelveTuDeuda","article_modified_time":"2021-06-22T23:26:26+00:00","og_image":[{"url":"https:\/\/dev.resuelvetudeuda.com\/es-co\/wp-content\/uploads\/sites\/6\/2020\/09\/rtd-logo@2x.png"}],"twitter_card":"summary_large_image","twitter_site":"@resuelvetudeuda","twitter_misc":{"Tiempo estimado de lectura":"2 minutos"},"schema":{"@context":"https:\/\/schema.org","@graph":[{"@type":"WebPage","@id":"https:\/\/dev.resuelvetudeuda.com\/es-co\/reparadora-de-credito\/","url":"https:\/\/dev.resuelvetudeuda.com\/es-co\/","name":"Resuelve tu Deuda Colombia | Reparadora de Cr\u00e9dito","isPartOf":{"@id":"https:\/\/dev.resuelvetudeuda.com\/es-co\/#website"},"datePublished":"2020-08-26T15:20:22+00:00","dateModified":"2021-06-22T23:26:26+00:00","description":"Con ayuda de nuestros expertos brindamos soluciones a miles de clientes, en M\u00e9xico, Colombia y Espa\u00f1a. \u00a1La Reparadora de Cr\u00e9dito en Colombia m\u00e1s confiable!","breadcrumb":{"@id":"https:\/\/dev.resuelvetudeuda.com\/es-co\/#breadcrumb"},"inLanguage":"es-CO","potentialAction":[{"@type":"ReadAction","target":["https:\/\/dev.resuelvetudeuda.com\/es-co\/"]}]},{"@type":"BreadcrumbList","@id":"https:\/\/dev.resuelvetudeuda.com\/es-co\/#breadcrumb","itemListElement":[{"@type":"ListItem","position":1,"name":"Inicio","item":"https:\/\/dev.resuelvetudeuda.com\/es-co\/"},{"@type":"ListItem","position":2,"name":"Inicio"}]},{"@type":"WebSite","@id":"https:\/\/dev.resuelvetudeuda.com\/es-co\/#website","url":"https:\/\/dev.resuelvetudeuda.com\/es-co\/","name":"Resuelve Tu Deuda Colombia","description":"Somos la reparadora de cr\u00e9dito con m\u00e1s experiencia en Am\u00e9rica Latina.","publisher":{"@id":"https:\/\/dev.resuelvetudeuda.com\/es-co\/#organization"},"potentialAction":[{"@type":"SearchAction","target":{"@type":"EntryPoint","urlTemplate":"https:\/\/dev.resuelvetudeuda.com\/es-co\/?s={search_term_string}"},"query-input":"required name=search_term_string"}],"inLanguage":"es-CO"},{"@type":"Organization","@id":"https:\/\/dev.resuelvetudeuda.com\/es-co\/#organization","name":"Resuelve tu Deuda","url":"https:\/\/dev.resuelvetudeuda.com\/es-co\/","logo":{"@type":"ImageObject","inLanguage":"es-CO","@id":"https:\/\/dev.resuelvetudeuda.com\/es-co\/#\/schema\/logo\/image\/","url":"https:\/\/dev.resuelvetudeuda.com\/es-co\/wp-content\/uploads\/sites\/6\/2021\/04\/logoRTD.png","contentUrl":"https:\/\/dev.resuelvetudeuda.com\/es-co\/wp-content\/uploads\/sites\/6\/2021\/04\/logoRTD.png","width":192,"height":192,"caption":"Resuelve tu Deuda"},"image":{"@id":"https:\/\/dev.resuelvetudeuda.com\/es-co\/#\/schema\/logo\/image\/"},"sameAs":["https:\/\/www.facebook.com\/ResuelveTuDeuda","https:\/\/twitter.com\/resuelvetudeuda","https:\/\/www.instagram.com\/resuelvetudeuda","https:\/\/www.linkedin.com\/company\/resuelve-global\/"]}]}},"_links":{"self":[{"href":"https:\/\/dev.resuelvetudeuda.com\/es-co\/wp-json\/wp\/v2\/pages\/253","targetHints":{"allow":["GET"]}}],"collection":[{"href":"https:\/\/dev.resuelvetudeuda.com\/es-co\/wp-json\/wp\/v2\/pages"}],"about":[{"href":"https:\/\/dev.resuelvetudeuda.com\/es-co\/wp-json\/wp\/v2\/types\/page"}],"author":[{"embeddable":true,"href":"https:\/\/dev.resuelvetudeuda.com\/es-co\/wp-json\/wp\/v2\/users\/5"}],"replies":[{"embeddable":true,"href":"https:\/\/dev.resuelvetudeuda.com\/es-co\/wp-json\/wp\/v2\/comments?post=253"}],"version-history":[{"count":0,"href":"https:\/\/dev.resuelvetudeuda.com\/es-co\/wp-json\/wp\/v2\/pages\/253\/revisions"}],"wp:attachment":[{"href":"https:\/\/dev.resuelvetudeuda.com\/es-co\/wp-json\/wp\/v2\/media?parent=253"}],"curies":[{"name":"wp","href":"https:\/\/api.w.org\/{rel}","templated":true}]}}