{"id":255,"date":"2020-08-27T00:45:53","date_gmt":"2020-08-27T00:45:53","guid":{"rendered":"http:\/\/resuelve-tu-deuda.local\/?page_id=21"},"modified":"2021-06-22T18:36:44","modified_gmt":"2021-06-22T23:36:44","slug":"como-funciona","status":"publish","type":"page","link":"https:\/\/dev.resuelvetudeuda.com\/es-co\/como-funciona\/","title":{"rendered":"C\u00f3mo funciona"},"content":{"rendered":"<div class=\"wp-bootstrap-blocks-container container mb-0\">\n\t\n<div class=\"wp-bootstrap-blocks-row row mb-0\">\n\t\n\n<div class=\"col-12 col-md-12\">\n\t\t\t\n\n<div class=\"wp-block-rtd-block-rtd-title row page-title\"><div class=\"col text-center\"><h2>Cambiamos <strong>Vidas<\/strong><\/h2><p>Sabemos que el sobreendeudamiento es un serio problema; llevamos desde 2009 buscando soluciones financieras para personas como t\u00fa, que buscan resolver sus deudas y recuperar su tranquilidad.<\/p><\/div><\/div>\n\n\t<\/div>\n\n<\/div>\n\n<\/div>\n\n\n<div class=\"container px-0\">\n    <div class=\"features-slider features data-slider-length=\" 6\">\n                <div class=\"feature\">\n            <div class=\"feature-image\">\n                                <video class=\"lozad\" autoplay loop muted playsinline\n                    data-poster=\"https:\/\/dev.resuelvetudeuda.com\/es-co\/wp-content\/uploads\/sites\/6\/2020\/10\/Comofunciona_1.gif\">\n                    <source data-src=\"https:\/\/dev.resuelvetudeuda.com\/es-co\/wp-content\/uploads\/sites\/6\/2021\/03\/Comofunciona1_2021.webm\" type=\"video\/webm\" \/>\n                    <source data-src=\"https:\/\/dev.resuelvetudeuda.com\/es-co\/wp-content\/uploads\/sites\/6\/2021\/04\/2021_COMOFUNCIONA_1.mp4\" type=\"video\/mp4\" \/>\n                <\/video>\n                            <\/div>\n            <div class=\"feature-text\">\n                                <!-- wp:paragraph -->\n<p>Al dejar tus datos, nuestros expertos se pondr\u00e1n en contacto contigo para brindarte asesor\u00eda financiera y crear un plan para salir de deudas.<\/p>\n<!-- \/wp:paragraph -->            <\/div>\n        <\/div>\n                <div class=\"feature\">\n            <div class=\"feature-image\">\n                                <video class=\"lozad\" autoplay loop muted playsinline\n                    data-poster=\"https:\/\/dev.resuelvetudeuda.com\/es-co\/wp-content\/uploads\/sites\/6\/2020\/10\/Comofunciona_2.gif\">\n                    <source data-src=\"https:\/\/dev.resuelvetudeuda.com\/es-co\/wp-content\/uploads\/sites\/6\/2021\/03\/Comofunciona2_2021.webm\" type=\"video\/webm\" \/>\n                    <source data-src=\"https:\/\/dev.resuelvetudeuda.com\/es-co\/wp-content\/uploads\/sites\/6\/2021\/04\/2021_COMOFUNCIONA_2.mp4\" type=\"video\/mp4\" \/>\n                <\/video>\n                            <\/div>\n            <div class=\"feature-text\">\n                                <!-- wp:paragraph -->\n<p>Crearemos un plan de ahorro ajustado a tu capacidad de pago, que te permita llevar una vida financiera m\u00e1s saludable.<\/p>\n<!-- \/wp:paragraph -->            <\/div>\n        <\/div>\n                <div class=\"feature\">\n            <div class=\"feature-image\">\n                                <video class=\"lozad\" autoplay loop muted playsinline\n                    data-poster=\"https:\/\/dev.resuelvetudeuda.com\/es-co\/wp-content\/uploads\/sites\/6\/2020\/10\/Comofunciona_3.gif\">\n                    <source data-src=\"https:\/\/dev.resuelvetudeuda.com\/es-co\/wp-content\/uploads\/sites\/6\/2021\/03\/3_COMOFUNCIONA_1.webm\" type=\"video\/webm\" \/>\n                    <source data-src=\"https:\/\/dev.resuelvetudeuda.com\/es-co\/wp-content\/uploads\/sites\/6\/2021\/04\/2021_COMOFUNCIONA_3.mp4\" type=\"video\/mp4\" \/>\n                <\/video>\n                            <\/div>\n            <div class=\"feature-text\">\n                                <!-- wp:paragraph -->\n<p>Cuando realices tu primer ahorro \u00a1formar\u00e1s parte de nuestro programa! Con tu compromiso Resuelve tu Deuda funciona mejor.<\/p>\n<!-- \/wp:paragraph -->            <\/div>\n        <\/div>\n                <div class=\"feature\">\n            <div class=\"feature-image\">\n                                <video class=\"lozad\" autoplay loop muted playsinline\n                    data-poster=\"https:\/\/dev.resuelvetudeuda.com\/es-co\/wp-content\/uploads\/sites\/6\/2020\/10\/Comofunciona_4.gif\">\n                    <source data-src=\"https:\/\/dev.resuelvetudeuda.com\/es-co\/wp-content\/uploads\/sites\/6\/2021\/03\/Comofunciona4_2021.webm\" type=\"video\/webm\" \/>\n                    <source data-src=\"https:\/\/dev.resuelvetudeuda.com\/es-co\/wp-content\/uploads\/sites\/6\/2021\/04\/2021_COMOFUNCIONA_4.mp4\" type=\"video\/mp4\" \/>\n                <\/video>\n                            <\/div>\n            <div class=\"feature-text\">\n                                <!-- wp:paragraph -->\n<p>Nosotros negociaremos con tus acreedores para conseguir el mejor descuento. Aunque cada caso es distinto, hemos logrado reducciones de hasta 50%.<\/p>\n<!-- \/wp:paragraph -->            <\/div>\n        <\/div>\n                <div class=\"feature\">\n            <div class=\"feature-image\">\n                                <video class=\"lozad\" autoplay loop muted playsinline\n                    data-poster=\"https:\/\/dev.resuelvetudeuda.com\/es-co\/wp-content\/uploads\/sites\/6\/2020\/10\/Comofunciona_5.gif\">\n                    <source data-src=\"https:\/\/dev.resuelvetudeuda.com\/es-co\/wp-content\/uploads\/sites\/6\/2021\/03\/Comofunciona5_2021.webm\" type=\"video\/webm\" \/>\n                    <source data-src=\"https:\/\/dev.resuelvetudeuda.com\/es-co\/wp-content\/uploads\/sites\/6\/2021\/04\/2021_COMOFUNCIONA_5.mp4\" type=\"video\/mp4\" \/>\n                <\/video>\n                            <\/div>\n            <div class=\"feature-text\">\n                                <!-- wp:paragraph -->\n<p>Cuando logremos la mejor negociaci\u00f3n, podremos liquidar con lo que has ahorrado mes a mes.&nbsp;Nuestro programa funciona sin pr\u00e9stamos que pongan en riesgo tus finanzas.<\/p>\n<!-- \/wp:paragraph -->            <\/div>\n        <\/div>\n                <div class=\"feature\">\n            <div class=\"feature-image\">\n                                <video class=\"lozad\" autoplay loop muted playsinline\n                    data-poster=\"https:\/\/dev.resuelvetudeuda.com\/es-co\/wp-content\/uploads\/sites\/6\/2020\/10\/Comofunciona_6.gif\">\n                    <source data-src=\"https:\/\/dev.resuelvetudeuda.com\/es-co\/wp-content\/uploads\/sites\/6\/2021\/03\/Comofunciona6_2021.webm\" type=\"video\/webm\" \/>\n                    <source data-src=\"https:\/\/dev.resuelvetudeuda.com\/es-co\/wp-content\/uploads\/sites\/6\/2021\/04\/2021_COMOFUNCIONA_6.mp4\" type=\"video\/mp4\" \/>\n                <\/video>\n                            <\/div>\n            <div class=\"feature-text\">\n                                <!-- wp:paragraph -->\n<p>Repetimos este proceso hasta que liquides todas tus deudas.<\/p>\n<!-- \/wp:paragraph -->            <\/div>\n        <\/div>\n            <\/div>\n<\/div>\n\n\n<div class=\"wp-bootstrap-blocks-container container-fluid mb-0 clear-bg py-5\">\n\t\n<div class=\"wp-bootstrap-blocks-container container mb-2\">\n\t\n<div class=\"wp-bootstrap-blocks-row row\">\n\t\n\n<div class=\"col-12 col-md-12\">\n\t\t\t\n\n<div class=\"wp-block-rtd-block-rtd-title row page-title\"><div class=\"col text-center\"><h2>Nuestras comisiones var\u00edan seg\u00fan<br>la situaci\u00f3n de endeudamiento de cada cliente.<br>Pero nuestro programa tiene 3 comisiones:<\/h2><\/div><\/div>\n\n\t<\/div>\n\n<\/div>\n\n<\/div>\n\n\n<div class=\"container\">\n    <div class=\"features-vertical-desktop row row-eq-height\">\n        <div class=\"col-md-6 col-lg-6\">\n            <div class=\"features-v-slider-left\">\n                                <div class=\"feature-image-slide\">\n                                        <video class=\"lozad\" autoplay loop muted playsinline\n                        data-poster=\"https:\/\/dev.resuelvetudeuda.com\/es-co\/wp-content\/uploads\/sites\/6\/2020\/10\/comisiones_1.gif\">\n                        <source data-src=\"https:\/\/dev.resuelvetudeuda.com\/es-co\/wp-content\/uploads\/sites\/6\/2021\/03\/Comisiones_1.webm\" type=\"video\/webm\" \/>\n                        <source data-src=\"https:\/\/dev.resuelvetudeuda.com\/es-co\/wp-content\/uploads\/sites\/6\/2021\/03\/Comisiones_1.mp4\" type=\"video\/mp4\" \/>\n                    <\/video>\n                                    <\/div>\n                                <div class=\"feature-image-slide\">\n                                        <video class=\"lozad\" autoplay loop muted playsinline\n                        data-poster=\"https:\/\/dev.resuelvetudeuda.com\/es-co\/wp-content\/uploads\/sites\/6\/2020\/10\/comisiones_2.gif\">\n                        <source data-src=\"https:\/\/dev.resuelvetudeuda.com\/es-co\/wp-content\/uploads\/sites\/6\/2021\/03\/Comisiones_2.webm\" type=\"video\/webm\" \/>\n                        <source data-src=\"https:\/\/dev.resuelvetudeuda.com\/es-co\/wp-content\/uploads\/sites\/6\/2021\/03\/Comisiones_2.mp4\" type=\"video\/mp4\" \/>\n                    <\/video>\n                                    <\/div>\n                                <div class=\"feature-image-slide\">\n                                        <video class=\"lozad\" autoplay loop muted playsinline\n                        data-poster=\"https:\/\/dev.resuelvetudeuda.com\/es-co\/wp-content\/uploads\/sites\/6\/2020\/10\/comisiones_3.gif\">\n                        <source data-src=\"https:\/\/dev.resuelvetudeuda.com\/es-co\/wp-content\/uploads\/sites\/6\/2021\/03\/Comisiones_3.webm\" type=\"video\/webm\" \/>\n                        <source data-src=\"https:\/\/dev.resuelvetudeuda.com\/es-co\/wp-content\/uploads\/sites\/6\/2021\/03\/Comisiones_3.mp4\" type=\"video\/mp4\" \/>\n                    <\/video>\n                                    <\/div>\n                            <\/div>\n        <\/div>\n        <div class=\"col-md-6 col-lg-6\">\n            <div class=\"features-v-slider-right\" data-slick='{\"slidesToShow\": 3}'>\n                                <div class=\"feature-content-slide\">\n                    <div class=\"feature-content\">\n                        <h3>Cuota de inscripci\u00f3n                        <\/h3>\n                        <!-- wp:paragraph -->\n<p>Una por inscripci\u00f3n al programa.<\/p>\n<!-- \/wp:paragraph -->                    <\/div>\n                <\/div>\n                                <div class=\"feature-content-slide\">\n                    <div class=\"feature-content\">\n                        <h3>Comisi\u00f3n mensual                        <\/h3>\n                        <!-- wp:paragraph -->\n<p>Una mensual que puede ser entre<br>el 0.4% y 0.5% de tu deuda total.<\/p>\n<!-- \/wp:paragraph -->                    <\/div>\n                <\/div>\n                                <div class=\"feature-content-slide\">\n                    <div class=\"feature-content\">\n                        <h3>Comisi\u00f3n de \u00e9xito                        <\/h3>\n                        <!-- wp:paragraph -->\n<p>Y nuestra comisi\u00f3n de \u00e9xito, que var\u00eda<br>entre el 15% y 20%, y se te cobrar\u00e1 solo<br>cuando liquidemos tu deuda, no antes.<\/p>\n<!-- \/wp:paragraph -->                    <\/div>\n                <\/div>\n                            <\/div>\n        <\/div>\n    <\/div>\n<\/div>\n<div class=\"container-fluid px-0 mx-0\">\n    <div class=\"features-vertical-mobile\">\n        <div class=\"features-v-slider-center\" data-slider-length=\"3\">\n                        <div class=\"feature-v-slider-slide\">\n                <div class=\"feature-animation\">\n                                        <video class=\"lozad\" autoplay loop muted playsinline\n                        data-poster=\"https:\/\/dev.resuelvetudeuda.com\/es-co\/wp-content\/uploads\/sites\/6\/2020\/10\/comisiones_1.gif\">\n                        <source data-src=\"https:\/\/dev.resuelvetudeuda.com\/es-co\/wp-content\/uploads\/sites\/6\/2021\/03\/Comisiones_1.webm\" type=\"video\/webm\" \/>\n                        <source data-src=\"https:\/\/dev.resuelvetudeuda.com\/es-co\/wp-content\/uploads\/sites\/6\/2021\/03\/Comisiones_1.mp4\" type=\"video\/mp4\" \/>\n                    <\/video>\n                                    <\/div>\n                <div class=\"feature-content\">\n                    <h3>Cuota de inscripci\u00f3n                    <\/h3>\n                    <!-- wp:paragraph -->  <p>Una por inscripci\u00f3n al programa.<\/p>  <!-- \/wp:paragraph -->                <\/div>\n            <\/div>\n                        <div class=\"feature-v-slider-slide\">\n                <div class=\"feature-animation\">\n                                        <video class=\"lozad\" autoplay loop muted playsinline\n                        data-poster=\"https:\/\/dev.resuelvetudeuda.com\/es-co\/wp-content\/uploads\/sites\/6\/2020\/10\/comisiones_2.gif\">\n                        <source data-src=\"https:\/\/dev.resuelvetudeuda.com\/es-co\/wp-content\/uploads\/sites\/6\/2021\/03\/Comisiones_2.webm\" type=\"video\/webm\" \/>\n                        <source data-src=\"https:\/\/dev.resuelvetudeuda.com\/es-co\/wp-content\/uploads\/sites\/6\/2021\/03\/Comisiones_2.mp4\" type=\"video\/mp4\" \/>\n                    <\/video>\n                                    <\/div>\n                <div class=\"feature-content\">\n                    <h3>Comisi\u00f3n mensual                    <\/h3>\n                    <!-- wp:paragraph -->  <p>Una mensual que puede ser entre el 0.4% y 0.5% de tu deuda total.<\/p>  <!-- \/wp:paragraph -->                <\/div>\n            <\/div>\n                        <div class=\"feature-v-slider-slide\">\n                <div class=\"feature-animation\">\n                                        <video class=\"lozad\" autoplay loop muted playsinline\n                        data-poster=\"https:\/\/dev.resuelvetudeuda.com\/es-co\/wp-content\/uploads\/sites\/6\/2020\/10\/comisiones_3.gif\">\n                        <source data-src=\"https:\/\/dev.resuelvetudeuda.com\/es-co\/wp-content\/uploads\/sites\/6\/2021\/03\/Comisiones_3.webm\" type=\"video\/webm\" \/>\n                        <source data-src=\"https:\/\/dev.resuelvetudeuda.com\/es-co\/wp-content\/uploads\/sites\/6\/2021\/03\/Comisiones_3.mp4\" type=\"video\/mp4\" \/>\n                    <\/video>\n                                    <\/div>\n                <div class=\"feature-content\">\n                    <h3>Comisi\u00f3n de \u00e9xito                    <\/h3>\n                    <!-- wp:paragraph -->  <p>Y nuestra comisi\u00f3n de \u00e9xito, que var\u00eda entre el 15% y 20%, y se te cobrar\u00e1 solo cuando liquidemos tu deuda, no antes.<\/p>  <!-- \/wp:paragraph -->                <\/div>\n            <\/div>\n                    <\/div>\n    <\/div>\n<\/div>\n\n\n<\/div>\n","protected":false},"excerpt":{"rendered":"<p> [&#8230;]<\/p>\n<p><a class=\"read-more\" href=\"https:\/\/dev.resuelvetudeuda.com\/es-co\/como-funciona\/\">Leer m\u00e1s<\/a><\/p>\n","protected":false},"author":5,"featured_media":0,"parent":0,"menu_order":0,"comment_status":"closed","ping_status":"closed","template":"page-templates\/template-rtd-default.php","meta":{"footnotes":""},"class_list":["post-255","page","type-page","status-publish","hentry"],"yoast_head":"<!-- This site is optimized with the Yoast SEO plugin v20.13 - https:\/\/yoast.com\/wordpress\/plugins\/seo\/ -->\n<title>\u00bfResuelve Tu Deuda Funciona? | Hasta 70% menos Deuda<\/title>\n<meta name=\"description\" content=\"Conoce c\u00f3mo funciona nuestro programa y c\u00f3mo podemos conseguir hasta 70% de descuento en tu deuda. Liquida tu deuda pagando menos ahora.\" \/>\n<meta name=\"robots\" content=\"index, follow, max-snippet:-1, max-image-preview:large, max-video-preview:-1\" \/>\n<link rel=\"canonical\" href=\"https:\/\/dev.resuelvetudeuda.com\/es-co\/como-funciona\/\" \/>\n<meta property=\"og:locale\" content=\"es_ES\" \/>\n<meta property=\"og:type\" content=\"article\" \/>\n<meta property=\"og:title\" content=\"\u00bfResuelve Tu Deuda Funciona? | Hasta 70% menos Deuda\" \/>\n<meta property=\"og:description\" content=\"Conoce c\u00f3mo funciona nuestro programa y c\u00f3mo podemos conseguir hasta 70% de descuento en tu deuda. Liquida tu deuda pagando menos ahora.\" \/>\n<meta property=\"og:url\" content=\"https:\/\/dev.resuelvetudeuda.com\/es-co\/como-funciona\/\" \/>\n<meta property=\"og:site_name\" content=\"Resuelve Tu Deuda Colombia\" \/>\n<meta property=\"article:publisher\" content=\"https:\/\/www.facebook.com\/ResuelveTuDeuda\" \/>\n<meta property=\"article:modified_time\" content=\"2021-06-22T23:36:44+00:00\" \/>\n<meta property=\"og:image\" content=\"https:\/\/dev.resuelvetudeuda.com\/es-co\/wp-content\/uploads\/sites\/6\/2021\/04\/rtd2021_cover.png\" \/>\n\t<meta property=\"og:image:width\" content=\"1200\" \/>\n\t<meta property=\"og:image:height\" content=\"630\" \/>\n\t<meta property=\"og:image:type\" content=\"image\/png\" \/>\n<meta name=\"twitter:card\" content=\"summary_large_image\" \/>\n<meta name=\"twitter:site\" content=\"@resuelvetudeuda\" \/>\n<meta name=\"twitter:label1\" content=\"Tiempo estimado de lectura\" \/>\n\t<meta name=\"twitter:data1\" content=\"1 minuto\" \/>\n<script type=\"application\/ld+json\" class=\"yoast-schema-graph\">{\"@context\":\"https:\/\/schema.org\",\"@graph\":[{\"@type\":\"WebPage\",\"@id\":\"https:\/\/dev.resuelvetudeuda.com\/es-co\/como-funciona\/\",\"url\":\"https:\/\/dev.resuelvetudeuda.com\/es-co\/como-funciona\/\",\"name\":\"\u00bfResuelve Tu Deuda Funciona? | Hasta 70% menos Deuda\",\"isPartOf\":{\"@id\":\"https:\/\/dev.resuelvetudeuda.com\/es-co\/#website\"},\"datePublished\":\"2020-08-27T00:45:53+00:00\",\"dateModified\":\"2021-06-22T23:36:44+00:00\",\"description\":\"Conoce c\u00f3mo funciona nuestro programa y c\u00f3mo podemos conseguir hasta 70% de descuento en tu deuda. Liquida tu deuda pagando menos ahora.\",\"breadcrumb\":{\"@id\":\"https:\/\/dev.resuelvetudeuda.com\/es-co\/como-funciona\/#breadcrumb\"},\"inLanguage\":\"es-CO\",\"potentialAction\":[{\"@type\":\"ReadAction\",\"target\":[\"https:\/\/dev.resuelvetudeuda.com\/es-co\/como-funciona\/\"]}]},{\"@type\":\"BreadcrumbList\",\"@id\":\"https:\/\/dev.resuelvetudeuda.com\/es-co\/como-funciona\/#breadcrumb\",\"itemListElement\":[{\"@type\":\"ListItem\",\"position\":1,\"name\":\"Inicio\",\"item\":\"https:\/\/dev.resuelvetudeuda.com\/es-co\/\"},{\"@type\":\"ListItem\",\"position\":2,\"name\":\"C\u00f3mo funciona\"}]},{\"@type\":\"WebSite\",\"@id\":\"https:\/\/dev.resuelvetudeuda.com\/es-co\/#website\",\"url\":\"https:\/\/dev.resuelvetudeuda.com\/es-co\/\",\"name\":\"Resuelve Tu Deuda Colombia\",\"description\":\"Somos la reparadora de cr\u00e9dito con m\u00e1s experiencia en Am\u00e9rica Latina.\",\"publisher\":{\"@id\":\"https:\/\/dev.resuelvetudeuda.com\/es-co\/#organization\"},\"potentialAction\":[{\"@type\":\"SearchAction\",\"target\":{\"@type\":\"EntryPoint\",\"urlTemplate\":\"https:\/\/dev.resuelvetudeuda.com\/es-co\/?s={search_term_string}\"},\"query-input\":\"required name=search_term_string\"}],\"inLanguage\":\"es-CO\"},{\"@type\":\"Organization\",\"@id\":\"https:\/\/dev.resuelvetudeuda.com\/es-co\/#organization\",\"name\":\"Resuelve tu Deuda\",\"url\":\"https:\/\/dev.resuelvetudeuda.com\/es-co\/\",\"logo\":{\"@type\":\"ImageObject\",\"inLanguage\":\"es-CO\",\"@id\":\"https:\/\/dev.resuelvetudeuda.com\/es-co\/#\/schema\/logo\/image\/\",\"url\":\"https:\/\/dev.resuelvetudeuda.com\/es-co\/wp-content\/uploads\/sites\/6\/2021\/04\/logoRTD.png\",\"contentUrl\":\"https:\/\/dev.resuelvetudeuda.com\/es-co\/wp-content\/uploads\/sites\/6\/2021\/04\/logoRTD.png\",\"width\":192,\"height\":192,\"caption\":\"Resuelve tu Deuda\"},\"image\":{\"@id\":\"https:\/\/dev.resuelvetudeuda.com\/es-co\/#\/schema\/logo\/image\/\"},\"sameAs\":[\"https:\/\/www.facebook.com\/ResuelveTuDeuda\",\"https:\/\/twitter.com\/resuelvetudeuda\",\"https:\/\/www.instagram.com\/resuelvetudeuda\",\"https:\/\/www.linkedin.com\/company\/resuelve-global\/\"]}]}<\/script>\n<!-- \/ Yoast SEO plugin. -->","yoast_head_json":{"title":"\u00bfResuelve Tu Deuda Funciona? | Hasta 70% menos Deuda","description":"Conoce c\u00f3mo funciona nuestro programa y c\u00f3mo podemos conseguir hasta 70% de descuento en tu deuda. Liquida tu deuda pagando menos ahora.","robots":{"index":"index","follow":"follow","max-snippet":"max-snippet:-1","max-image-preview":"max-image-preview:large","max-video-preview":"max-video-preview:-1"},"canonical":"https:\/\/dev.resuelvetudeuda.com\/es-co\/como-funciona\/","og_locale":"es_ES","og_type":"article","og_title":"\u00bfResuelve Tu Deuda Funciona? | Hasta 70% menos Deuda","og_description":"Conoce c\u00f3mo funciona nuestro programa y c\u00f3mo podemos conseguir hasta 70% de descuento en tu deuda. Liquida tu deuda pagando menos ahora.","og_url":"https:\/\/dev.resuelvetudeuda.com\/es-co\/como-funciona\/","og_site_name":"Resuelve Tu Deuda Colombia","article_publisher":"https:\/\/www.facebook.com\/ResuelveTuDeuda","article_modified_time":"2021-06-22T23:36:44+00:00","og_image":[{"width":1200,"height":630,"url":"https:\/\/dev.resuelvetudeuda.com\/es-co\/wp-content\/uploads\/sites\/6\/2021\/04\/rtd2021_cover.png","type":"image\/png"}],"twitter_card":"summary_large_image","twitter_site":"@resuelvetudeuda","twitter_misc":{"Tiempo estimado de lectura":"1 minuto"},"schema":{"@context":"https:\/\/schema.org","@graph":[{"@type":"WebPage","@id":"https:\/\/dev.resuelvetudeuda.com\/es-co\/como-funciona\/","url":"https:\/\/dev.resuelvetudeuda.com\/es-co\/como-funciona\/","name":"\u00bfResuelve Tu Deuda Funciona? | Hasta 70% menos Deuda","isPartOf":{"@id":"https:\/\/dev.resuelvetudeuda.com\/es-co\/#website"},"datePublished":"2020-08-27T00:45:53+00:00","dateModified":"2021-06-22T23:36:44+00:00","description":"Conoce c\u00f3mo funciona nuestro programa y c\u00f3mo podemos conseguir hasta 70% de descuento en tu deuda. Liquida tu deuda pagando menos ahora.","breadcrumb":{"@id":"https:\/\/dev.resuelvetudeuda.com\/es-co\/como-funciona\/#breadcrumb"},"inLanguage":"es-CO","potentialAction":[{"@type":"ReadAction","target":["https:\/\/dev.resuelvetudeuda.com\/es-co\/como-funciona\/"]}]},{"@type":"BreadcrumbList","@id":"https:\/\/dev.resuelvetudeuda.com\/es-co\/como-funciona\/#breadcrumb","itemListElement":[{"@type":"ListItem","position":1,"name":"Inicio","item":"https:\/\/dev.resuelvetudeuda.com\/es-co\/"},{"@type":"ListItem","position":2,"name":"C\u00f3mo funciona"}]},{"@type":"WebSite","@id":"https:\/\/dev.resuelvetudeuda.com\/es-co\/#website","url":"https:\/\/dev.resuelvetudeuda.com\/es-co\/","name":"Resuelve Tu Deuda Colombia","description":"Somos la reparadora de cr\u00e9dito con m\u00e1s experiencia en Am\u00e9rica Latina.","publisher":{"@id":"https:\/\/dev.resuelvetudeuda.com\/es-co\/#organization"},"potentialAction":[{"@type":"SearchAction","target":{"@type":"EntryPoint","urlTemplate":"https:\/\/dev.resuelvetudeuda.com\/es-co\/?s={search_term_string}"},"query-input":"required name=search_term_string"}],"inLanguage":"es-CO"},{"@type":"Organization","@id":"https:\/\/dev.resuelvetudeuda.com\/es-co\/#organization","name":"Resuelve tu Deuda","url":"https:\/\/dev.resuelvetudeuda.com\/es-co\/","logo":{"@type":"ImageObject","inLanguage":"es-CO","@id":"https:\/\/dev.resuelvetudeuda.com\/es-co\/#\/schema\/logo\/image\/","url":"https:\/\/dev.resuelvetudeuda.com\/es-co\/wp-content\/uploads\/sites\/6\/2021\/04\/logoRTD.png","contentUrl":"https:\/\/dev.resuelvetudeuda.com\/es-co\/wp-content\/uploads\/sites\/6\/2021\/04\/logoRTD.png","width":192,"height":192,"caption":"Resuelve tu Deuda"},"image":{"@id":"https:\/\/dev.resuelvetudeuda.com\/es-co\/#\/schema\/logo\/image\/"},"sameAs":["https:\/\/www.facebook.com\/ResuelveTuDeuda","https:\/\/twitter.com\/resuelvetudeuda","https:\/\/www.instagram.com\/resuelvetudeuda","https:\/\/www.linkedin.com\/company\/resuelve-global\/"]}]}},"_links":{"self":[{"href":"https:\/\/dev.resuelvetudeuda.com\/es-co\/wp-json\/wp\/v2\/pages\/255","targetHints":{"allow":["GET"]}}],"collection":[{"href":"https:\/\/dev.resuelvetudeuda.com\/es-co\/wp-json\/wp\/v2\/pages"}],"about":[{"href":"https:\/\/dev.resuelvetudeuda.com\/es-co\/wp-json\/wp\/v2\/types\/page"}],"author":[{"embeddable":true,"href":"https:\/\/dev.resuelvetudeuda.com\/es-co\/wp-json\/wp\/v2\/users\/5"}],"replies":[{"embeddable":true,"href":"https:\/\/dev.resuelvetudeuda.com\/es-co\/wp-json\/wp\/v2\/comments?post=255"}],"version-history":[{"count":0,"href":"https:\/\/dev.resuelvetudeuda.com\/es-co\/wp-json\/wp\/v2\/pages\/255\/revisions"}],"wp:attachment":[{"href":"https:\/\/dev.resuelvetudeuda.com\/es-co\/wp-json\/wp\/v2\/media?parent=255"}],"curies":[{"name":"wp","href":"https:\/\/api.w.org\/{rel}","templated":true}]}}