{"id":9851,"date":"2020-10-07T21:51:31","date_gmt":"2020-10-08T02:51:31","guid":{"rendered":"http:\/\/resuelve-tu-deuda.local\/?page_id=9851"},"modified":"2021-05-28T12:25:11","modified_gmt":"2021-05-28T17:25:11","slug":"beneficios","status":"publish","type":"page","link":"https:\/\/dev.resuelvetudeuda.com\/es-co\/beneficios\/","title":{"rendered":"Beneficios"},"content":{"rendered":"<div class=\"wp-bootstrap-blocks-container container mb-2 px-5\">\n\t\n<div class=\"wp-bootstrap-blocks-row row\">\n\t\n\n<div class=\"col-12 col-md-12\">\n\t\t\t\n\n<div class=\"wp-block-rtd-block-rtd-title row page-title\"><div class=\"col text-center\"><h2>Conoce los <strong>beneficios<\/strong><\/h2><p>Sabemos lo importante que es recuperar la tranquilidad y estabilidad financiera.<br>Por ello, te acompa\u00f1amos y motivamos para que lo logres, brind\u00e1ndote:<\/p><\/div><\/div>\n\n\t<\/div>\n\n<\/div>\n\n<\/div>\n\n\n<div class=\"wp-bootstrap-blocks-container container-fluid mb-2 pleca-right\">\n\t\n<div class=\"container\">\n    <div class=\"features-vertical-desktop row row-eq-height\">\n        <div class=\"col-md-6 col-lg-6\">\n            <div class=\"features-v-slider-left\">\n                                <div class=\"feature-image-slide\">\n                                        <video class=\"lozad\" autoplay loop muted playsinline\n                        data-poster=\"https:\/\/dev.resuelvetudeuda.com\/es-co\/wp-content\/uploads\/sites\/6\/2020\/10\/beneficios_1.gif\">\n                        <source data-src=\"https:\/\/dev.resuelvetudeuda.com\/es-co\/wp-content\/uploads\/sites\/6\/2021\/03\/beneficios-1.webm\" type=\"video\/webm\" \/>\n                        <source data-src=\"https:\/\/dev.resuelvetudeuda.com\/es-co\/wp-content\/uploads\/sites\/6\/2021\/03\/beneficios-1.mp4\" type=\"video\/mp4\" \/>\n                    <\/video>\n                                    <\/div>\n                                <div class=\"feature-image-slide\">\n                                        <video class=\"lozad\" autoplay loop muted playsinline\n                        data-poster=\"https:\/\/dev.resuelvetudeuda.com\/es-co\/wp-content\/uploads\/sites\/6\/2020\/10\/beneficios_2.gif\">\n                        <source data-src=\"https:\/\/dev.resuelvetudeuda.com\/es-co\/wp-content\/uploads\/sites\/6\/2021\/03\/beneficios2-2021.webm\" type=\"video\/webm\" \/>\n                        <source data-src=\"https:\/\/dev.resuelvetudeuda.com\/es-co\/wp-content\/uploads\/sites\/6\/2021\/03\/beneficios2-2021.mp4\" type=\"video\/mp4\" \/>\n                    <\/video>\n                                    <\/div>\n                                <div class=\"feature-image-slide\">\n                                        <video class=\"lozad\" autoplay loop muted playsinline\n                        data-poster=\"https:\/\/dev.resuelvetudeuda.com\/es-co\/wp-content\/uploads\/sites\/6\/2020\/10\/beneficios_3.gif\">\n                        <source data-src=\"https:\/\/dev.resuelvetudeuda.com\/es-co\/wp-content\/uploads\/sites\/6\/2021\/03\/beneficios-3.webm\" type=\"video\/webm\" \/>\n                        <source data-src=\"https:\/\/dev.resuelvetudeuda.com\/es-co\/wp-content\/uploads\/sites\/6\/2021\/03\/beneficios-3.mp4\" type=\"video\/mp4\" \/>\n                    <\/video>\n                                    <\/div>\n                                <div class=\"feature-image-slide\">\n                                        <video class=\"lozad\" autoplay loop muted playsinline\n                        data-poster=\"https:\/\/dev.resuelvetudeuda.com\/es-co\/wp-content\/uploads\/sites\/6\/2020\/10\/beneficios_4.gif\">\n                        <source data-src=\"https:\/\/dev.resuelvetudeuda.com\/es-co\/wp-content\/uploads\/sites\/6\/2021\/03\/beneficios-4.webm\" type=\"video\/webm\" \/>\n                        <source data-src=\"https:\/\/dev.resuelvetudeuda.com\/es-co\/wp-content\/uploads\/sites\/6\/2021\/03\/beneficios-4.mp4\" type=\"video\/mp4\" \/>\n                    <\/video>\n                                    <\/div>\n                                <div class=\"feature-image-slide\">\n                                        <video class=\"lozad\" autoplay loop muted playsinline\n                        data-poster=\"https:\/\/dev.resuelvetudeuda.com\/es-co\/wp-content\/uploads\/sites\/6\/2020\/10\/beneficios_6.gif\">\n                        <source data-src=\"https:\/\/dev.resuelvetudeuda.com\/es-co\/wp-content\/uploads\/sites\/6\/2021\/03\/beneficios-6.webm\" type=\"video\/webm\" \/>\n                        <source data-src=\"https:\/\/dev.resuelvetudeuda.com\/es-co\/wp-content\/uploads\/sites\/6\/2021\/03\/beneficios-6.mp4\" type=\"video\/mp4\" \/>\n                    <\/video>\n                                    <\/div>\n                            <\/div>\n        <\/div>\n        <div class=\"col-md-6 col-lg-6\">\n            <div class=\"features-v-slider-right\" data-slick='{\"slidesToShow\": 5}'>\n                                <div class=\"feature-content-slide\">\n                    <div class=\"feature-content\">\n                        <h3>Descuentos de hasta 50%                        <\/h3>\n                        <!-- wp:paragraph -->\n<p>Nuestra amplia experiencia nos permitir\u00e1 conseguir el mejor descuento en tu deuda.<\/p>\n<!-- \/wp:paragraph -->                    <\/div>\n                <\/div>\n                                <div class=\"feature-content-slide\">\n                    <div class=\"feature-content\">\n                        <h3>Planes a medida                        <\/h3>\n                        <!-- wp:paragraph -->\n<p>Analizamos tu situaci\u00f3n actual y creamos un plan para que puedas pagar con tus propios recursos, sin pedir m\u00e1s pr\u00e9stamos.<\/p>\n<!-- \/wp:paragraph -->                    <\/div>\n                <\/div>\n                                <div class=\"feature-content-slide\">\n                    <div class=\"feature-content\">\n                        <h3>Seguridad                        <\/h3>\n                        <!-- wp:paragraph -->\n<p>Todo tu ahorro se deposita en una cuenta a tu nombre y nuestro equipo te acompa\u00f1ar\u00e1 hasta el d\u00eda en que tu cuenta est\u00e9 oficialmente liquidada.<\/p>\n<!-- \/wp:paragraph -->                    <\/div>\n                <\/div>\n                                <div class=\"feature-content-slide\">\n                    <div class=\"feature-content\">\n                        <h3>Mejoramos tu puntaje ante las centrales de riesgo                        <\/h3>\n                        <!-- wp:paragraph -->\n<p>Reportamos tu comportamiento de pago positivamente ante las centrales de riesgo, siempre y cuando cumplas en tiempo y forma con lo acordado en tu programa.<\/p>\n<!-- \/wp:paragraph -->                    <\/div>\n                <\/div>\n                                <div class=\"feature-content-slide\">\n                    <div class=\"feature-content\">\n                        <h3>Y lo m\u00e1s importante, te devolvemos tu tranquilidad                        <\/h3>\n                        <!-- wp:paragraph -->\n<p>Para nosotros lo m\u00e1s importante es que recuperes el control en tus finanzas personales y que recuerdes lo que es vivir sin deudas.<\/p>\n<!-- \/wp:paragraph -->                    <\/div>\n                <\/div>\n                            <\/div>\n        <\/div>\n    <\/div>\n<\/div>\n<div class=\"container-fluid px-0 mx-0\">\n    <div class=\"features-vertical-mobile\">\n        <div class=\"features-v-slider-center\" data-slider-length=\"5\">\n                        <div class=\"feature-v-slider-slide\">\n                <div class=\"feature-animation\">\n                                        <video class=\"lozad\" autoplay loop muted playsinline\n                        data-poster=\"https:\/\/dev.resuelvetudeuda.com\/es-co\/wp-content\/uploads\/sites\/6\/2020\/10\/beneficios_1.gif\">\n                        <source data-src=\"https:\/\/dev.resuelvetudeuda.com\/es-co\/wp-content\/uploads\/sites\/6\/2021\/03\/beneficios-1.webm\" type=\"video\/webm\" \/>\n                        <source data-src=\"https:\/\/dev.resuelvetudeuda.com\/es-co\/wp-content\/uploads\/sites\/6\/2021\/03\/beneficios-1.mp4\" type=\"video\/mp4\" \/>\n                    <\/video>\n                                    <\/div>\n                <div class=\"feature-content\">\n                    <h3>Descuentos de hasta 50%                    <\/h3>\n                    <!-- wp:paragraph -->  <p>Nuestra amplia experiencia nos permitir\u00e1 conseguir el mejor descuento en tu deuda.<\/p>  <!-- \/wp:paragraph -->                <\/div>\n            <\/div>\n                        <div class=\"feature-v-slider-slide\">\n                <div class=\"feature-animation\">\n                                        <video class=\"lozad\" autoplay loop muted playsinline\n                        data-poster=\"https:\/\/dev.resuelvetudeuda.com\/es-co\/wp-content\/uploads\/sites\/6\/2020\/10\/beneficios_2.gif\">\n                        <source data-src=\"https:\/\/dev.resuelvetudeuda.com\/es-co\/wp-content\/uploads\/sites\/6\/2021\/03\/beneficios2-2021.webm\" type=\"video\/webm\" \/>\n                        <source data-src=\"https:\/\/dev.resuelvetudeuda.com\/es-co\/wp-content\/uploads\/sites\/6\/2021\/03\/beneficios2-2021.mp4\" type=\"video\/mp4\" \/>\n                    <\/video>\n                                    <\/div>\n                <div class=\"feature-content\">\n                    <h3>Planes a medida                    <\/h3>\n                    <!-- wp:paragraph -->  <p>Analizamos tu situaci\u00f3n actual y creamos un plan para que puedas pagar con tus propios recursos, sin pedir m\u00e1s pr\u00e9stamos.<\/p>  <!-- \/wp:paragraph -->                <\/div>\n            <\/div>\n                        <div class=\"feature-v-slider-slide\">\n                <div class=\"feature-animation\">\n                                        <video class=\"lozad\" autoplay loop muted playsinline\n                        data-poster=\"https:\/\/dev.resuelvetudeuda.com\/es-co\/wp-content\/uploads\/sites\/6\/2020\/10\/beneficios_3.gif\">\n                        <source data-src=\"https:\/\/dev.resuelvetudeuda.com\/es-co\/wp-content\/uploads\/sites\/6\/2021\/03\/beneficios-3.webm\" type=\"video\/webm\" \/>\n                        <source data-src=\"https:\/\/dev.resuelvetudeuda.com\/es-co\/wp-content\/uploads\/sites\/6\/2021\/03\/beneficios-3.mp4\" type=\"video\/mp4\" \/>\n                    <\/video>\n                                    <\/div>\n                <div class=\"feature-content\">\n                    <h3>Seguridad                    <\/h3>\n                    <!-- wp:paragraph -->  <p>Todo tu ahorro se deposita en una cuenta a tu nombre y nuestro equipo te acompa\u00f1ar\u00e1 hasta el d\u00eda en que tu cuenta est\u00e9 oficialmente liquidada.<\/p>  <!-- \/wp:paragraph -->                <\/div>\n            <\/div>\n                        <div class=\"feature-v-slider-slide\">\n                <div class=\"feature-animation\">\n                                        <video class=\"lozad\" autoplay loop muted playsinline\n                        data-poster=\"https:\/\/dev.resuelvetudeuda.com\/es-co\/wp-content\/uploads\/sites\/6\/2020\/10\/beneficios_4.gif\">\n                        <source data-src=\"https:\/\/dev.resuelvetudeuda.com\/es-co\/wp-content\/uploads\/sites\/6\/2021\/03\/beneficios-4.webm\" type=\"video\/webm\" \/>\n                        <source data-src=\"https:\/\/dev.resuelvetudeuda.com\/es-co\/wp-content\/uploads\/sites\/6\/2021\/03\/beneficios-4.mp4\" type=\"video\/mp4\" \/>\n                    <\/video>\n                                    <\/div>\n                <div class=\"feature-content\">\n                    <h3>Mejoramos tu puntaje ante las centrales de riesgo                    <\/h3>\n                    <!-- wp:paragraph -->  <p>Reportamos tu comportamiento de pago positivamente ante las centrales de riesgo, siempre y cuando cumplas en tiempo y forma con lo acordado en tu programa.<\/p>  <!-- \/wp:paragraph -->                <\/div>\n            <\/div>\n                        <div class=\"feature-v-slider-slide\">\n                <div class=\"feature-animation\">\n                                        <video class=\"lozad\" autoplay loop muted playsinline\n                        data-poster=\"https:\/\/dev.resuelvetudeuda.com\/es-co\/wp-content\/uploads\/sites\/6\/2020\/10\/beneficios_6.gif\">\n                        <source data-src=\"https:\/\/dev.resuelvetudeuda.com\/es-co\/wp-content\/uploads\/sites\/6\/2021\/03\/beneficios-6.webm\" type=\"video\/webm\" \/>\n                        <source data-src=\"https:\/\/dev.resuelvetudeuda.com\/es-co\/wp-content\/uploads\/sites\/6\/2021\/03\/beneficios-6.mp4\" type=\"video\/mp4\" \/>\n                    <\/video>\n                                    <\/div>\n                <div class=\"feature-content\">\n                    <h3>Y lo m\u00e1s importante, te devolvemos tu tranquilidad                    <\/h3>\n                    <!-- wp:paragraph -->  <p>Para nosotros lo m\u00e1s importante es que recuperes el control en tus finanzas personales y que recuerdes lo que es vivir sin deudas.<\/p>  <!-- \/wp:paragraph -->                <\/div>\n            <\/div>\n                    <\/div>\n    <\/div>\n<\/div>\n\n\n\n<div class=\"wp-bootstrap-blocks-container container mb-2\">\n\t\n<div class=\"wp-bootstrap-blocks-row row\">\n\t\n\n<div class=\"col-12\">\n\t\t\t\n\n<div class=\"wp-block-rtd-rtd-cta undefined cta\"><h3>Con nosotros puedes <strong>empezar de nuevo<\/strong><\/h3><a href=\"https:\/\/dev.resuelvetudeuda.com\/es-co\/requisitos\/\" class=\"btn btn-lg\">Conoce los requisitos<\/a><\/div>\n\n\t<\/div>\n\n<\/div>\n\n<\/div>\n\n<\/div>\n\n\n\n<p><\/p>\n","protected":false},"excerpt":{"rendered":"<p> [&#8230;]<\/p>\n<p><a class=\"read-more\" href=\"https:\/\/dev.resuelvetudeuda.com\/es-co\/beneficios\/\">Leer m\u00e1s<\/a><\/p>\n","protected":false},"author":5,"featured_media":0,"parent":0,"menu_order":0,"comment_status":"closed","ping_status":"closed","template":"page-templates\/template-rtd-default.php","meta":{"footnotes":""},"class_list":["post-9851","page","type-page","status-publish","hentry"],"yoast_head":"<!-- This site is optimized with the Yoast SEO plugin v20.13 - https:\/\/yoast.com\/wordpress\/plugins\/seo\/ -->\n<title>Resuelve tu Deuda | Descubre los Beneficios en Colombia<\/title>\n<meta name=\"description\" content=\"Negociamos con tus acreedores, ayudamos a crear planes a la media. \u00a1Recupera tu Estabilidad Financiera, ac\u00e9rcate y Descubre los beneficios en Colombia!\" \/>\n<meta name=\"robots\" content=\"index, follow, max-snippet:-1, max-image-preview:large, max-video-preview:-1\" \/>\n<link rel=\"canonical\" href=\"https:\/\/dev.resuelvetudeuda.com\/es-co\/beneficios\/\" \/>\n<meta property=\"og:locale\" content=\"es_ES\" \/>\n<meta property=\"og:type\" content=\"article\" \/>\n<meta property=\"og:title\" content=\"Resuelve tu Deuda | Descubre los Beneficios en Colombia\" \/>\n<meta property=\"og:description\" content=\"Negociamos con tus acreedores, ayudamos a crear planes a la media. \u00a1Recupera tu Estabilidad Financiera, ac\u00e9rcate y Descubre los beneficios en Colombia!\" \/>\n<meta property=\"og:url\" content=\"https:\/\/dev.resuelvetudeuda.com\/es-co\/beneficios\/\" \/>\n<meta property=\"og:site_name\" content=\"Resuelve Tu Deuda Colombia\" \/>\n<meta property=\"article:publisher\" content=\"https:\/\/www.facebook.com\/ResuelveTuDeuda\" \/>\n<meta property=\"article:modified_time\" content=\"2021-05-28T17:25:11+00:00\" \/>\n<meta property=\"og:image\" content=\"https:\/\/dev.resuelvetudeuda.com\/es-co\/wp-content\/uploads\/sites\/6\/2021\/04\/rtd2021_cover.png\" \/>\n\t<meta property=\"og:image:width\" content=\"1200\" \/>\n\t<meta property=\"og:image:height\" content=\"630\" \/>\n\t<meta property=\"og:image:type\" content=\"image\/png\" \/>\n<meta name=\"twitter:card\" content=\"summary_large_image\" \/>\n<meta name=\"twitter:site\" content=\"@resuelvetudeuda\" \/>\n<meta name=\"twitter:label1\" content=\"Tiempo estimado de lectura\" \/>\n\t<meta name=\"twitter:data1\" content=\"1 minuto\" \/>\n<script type=\"application\/ld+json\" class=\"yoast-schema-graph\">{\"@context\":\"https:\/\/schema.org\",\"@graph\":[{\"@type\":\"WebPage\",\"@id\":\"https:\/\/dev.resuelvetudeuda.com\/es-co\/beneficios\/\",\"url\":\"https:\/\/dev.resuelvetudeuda.com\/es-co\/beneficios\/\",\"name\":\"Resuelve tu Deuda | Descubre los Beneficios en Colombia\",\"isPartOf\":{\"@id\":\"https:\/\/dev.resuelvetudeuda.com\/es-co\/#website\"},\"datePublished\":\"2020-10-08T02:51:31+00:00\",\"dateModified\":\"2021-05-28T17:25:11+00:00\",\"description\":\"Negociamos con tus acreedores, ayudamos a crear planes a la media. \u00a1Recupera tu Estabilidad Financiera, ac\u00e9rcate y Descubre los beneficios en Colombia!\",\"breadcrumb\":{\"@id\":\"https:\/\/dev.resuelvetudeuda.com\/es-co\/beneficios\/#breadcrumb\"},\"inLanguage\":\"es-CO\",\"potentialAction\":[{\"@type\":\"ReadAction\",\"target\":[\"https:\/\/dev.resuelvetudeuda.com\/es-co\/beneficios\/\"]}]},{\"@type\":\"BreadcrumbList\",\"@id\":\"https:\/\/dev.resuelvetudeuda.com\/es-co\/beneficios\/#breadcrumb\",\"itemListElement\":[{\"@type\":\"ListItem\",\"position\":1,\"name\":\"Inicio\",\"item\":\"https:\/\/dev.resuelvetudeuda.com\/es-co\/\"},{\"@type\":\"ListItem\",\"position\":2,\"name\":\"Beneficios\"}]},{\"@type\":\"WebSite\",\"@id\":\"https:\/\/dev.resuelvetudeuda.com\/es-co\/#website\",\"url\":\"https:\/\/dev.resuelvetudeuda.com\/es-co\/\",\"name\":\"Resuelve Tu Deuda Colombia\",\"description\":\"Somos la reparadora de cr\u00e9dito con m\u00e1s experiencia en Am\u00e9rica Latina.\",\"publisher\":{\"@id\":\"https:\/\/dev.resuelvetudeuda.com\/es-co\/#organization\"},\"potentialAction\":[{\"@type\":\"SearchAction\",\"target\":{\"@type\":\"EntryPoint\",\"urlTemplate\":\"https:\/\/dev.resuelvetudeuda.com\/es-co\/?s={search_term_string}\"},\"query-input\":\"required name=search_term_string\"}],\"inLanguage\":\"es-CO\"},{\"@type\":\"Organization\",\"@id\":\"https:\/\/dev.resuelvetudeuda.com\/es-co\/#organization\",\"name\":\"Resuelve tu Deuda\",\"url\":\"https:\/\/dev.resuelvetudeuda.com\/es-co\/\",\"logo\":{\"@type\":\"ImageObject\",\"inLanguage\":\"es-CO\",\"@id\":\"https:\/\/dev.resuelvetudeuda.com\/es-co\/#\/schema\/logo\/image\/\",\"url\":\"https:\/\/dev.resuelvetudeuda.com\/es-co\/wp-content\/uploads\/sites\/6\/2021\/04\/logoRTD.png\",\"contentUrl\":\"https:\/\/dev.resuelvetudeuda.com\/es-co\/wp-content\/uploads\/sites\/6\/2021\/04\/logoRTD.png\",\"width\":192,\"height\":192,\"caption\":\"Resuelve tu Deuda\"},\"image\":{\"@id\":\"https:\/\/dev.resuelvetudeuda.com\/es-co\/#\/schema\/logo\/image\/\"},\"sameAs\":[\"https:\/\/www.facebook.com\/ResuelveTuDeuda\",\"https:\/\/twitter.com\/resuelvetudeuda\",\"https:\/\/www.instagram.com\/resuelvetudeuda\",\"https:\/\/www.linkedin.com\/company\/resuelve-global\/\"]}]}<\/script>\n<!-- \/ Yoast SEO plugin. -->","yoast_head_json":{"title":"Resuelve tu Deuda | Descubre los Beneficios en Colombia","description":"Negociamos con tus acreedores, ayudamos a crear planes a la media. \u00a1Recupera tu Estabilidad Financiera, ac\u00e9rcate y Descubre los beneficios en Colombia!","robots":{"index":"index","follow":"follow","max-snippet":"max-snippet:-1","max-image-preview":"max-image-preview:large","max-video-preview":"max-video-preview:-1"},"canonical":"https:\/\/dev.resuelvetudeuda.com\/es-co\/beneficios\/","og_locale":"es_ES","og_type":"article","og_title":"Resuelve tu Deuda | Descubre los Beneficios en Colombia","og_description":"Negociamos con tus acreedores, ayudamos a crear planes a la media. \u00a1Recupera tu Estabilidad Financiera, ac\u00e9rcate y Descubre los beneficios en Colombia!","og_url":"https:\/\/dev.resuelvetudeuda.com\/es-co\/beneficios\/","og_site_name":"Resuelve Tu Deuda Colombia","article_publisher":"https:\/\/www.facebook.com\/ResuelveTuDeuda","article_modified_time":"2021-05-28T17:25:11+00:00","og_image":[{"width":1200,"height":630,"url":"https:\/\/dev.resuelvetudeuda.com\/es-co\/wp-content\/uploads\/sites\/6\/2021\/04\/rtd2021_cover.png","type":"image\/png"}],"twitter_card":"summary_large_image","twitter_site":"@resuelvetudeuda","twitter_misc":{"Tiempo estimado de lectura":"1 minuto"},"schema":{"@context":"https:\/\/schema.org","@graph":[{"@type":"WebPage","@id":"https:\/\/dev.resuelvetudeuda.com\/es-co\/beneficios\/","url":"https:\/\/dev.resuelvetudeuda.com\/es-co\/beneficios\/","name":"Resuelve tu Deuda | Descubre los Beneficios en Colombia","isPartOf":{"@id":"https:\/\/dev.resuelvetudeuda.com\/es-co\/#website"},"datePublished":"2020-10-08T02:51:31+00:00","dateModified":"2021-05-28T17:25:11+00:00","description":"Negociamos con tus acreedores, ayudamos a crear planes a la media. \u00a1Recupera tu Estabilidad Financiera, ac\u00e9rcate y Descubre los beneficios en Colombia!","breadcrumb":{"@id":"https:\/\/dev.resuelvetudeuda.com\/es-co\/beneficios\/#breadcrumb"},"inLanguage":"es-CO","potentialAction":[{"@type":"ReadAction","target":["https:\/\/dev.resuelvetudeuda.com\/es-co\/beneficios\/"]}]},{"@type":"BreadcrumbList","@id":"https:\/\/dev.resuelvetudeuda.com\/es-co\/beneficios\/#breadcrumb","itemListElement":[{"@type":"ListItem","position":1,"name":"Inicio","item":"https:\/\/dev.resuelvetudeuda.com\/es-co\/"},{"@type":"ListItem","position":2,"name":"Beneficios"}]},{"@type":"WebSite","@id":"https:\/\/dev.resuelvetudeuda.com\/es-co\/#website","url":"https:\/\/dev.resuelvetudeuda.com\/es-co\/","name":"Resuelve Tu Deuda Colombia","description":"Somos la reparadora de cr\u00e9dito con m\u00e1s experiencia en Am\u00e9rica Latina.","publisher":{"@id":"https:\/\/dev.resuelvetudeuda.com\/es-co\/#organization"},"potentialAction":[{"@type":"SearchAction","target":{"@type":"EntryPoint","urlTemplate":"https:\/\/dev.resuelvetudeuda.com\/es-co\/?s={search_term_string}"},"query-input":"required name=search_term_string"}],"inLanguage":"es-CO"},{"@type":"Organization","@id":"https:\/\/dev.resuelvetudeuda.com\/es-co\/#organization","name":"Resuelve tu Deuda","url":"https:\/\/dev.resuelvetudeuda.com\/es-co\/","logo":{"@type":"ImageObject","inLanguage":"es-CO","@id":"https:\/\/dev.resuelvetudeuda.com\/es-co\/#\/schema\/logo\/image\/","url":"https:\/\/dev.resuelvetudeuda.com\/es-co\/wp-content\/uploads\/sites\/6\/2021\/04\/logoRTD.png","contentUrl":"https:\/\/dev.resuelvetudeuda.com\/es-co\/wp-content\/uploads\/sites\/6\/2021\/04\/logoRTD.png","width":192,"height":192,"caption":"Resuelve tu Deuda"},"image":{"@id":"https:\/\/dev.resuelvetudeuda.com\/es-co\/#\/schema\/logo\/image\/"},"sameAs":["https:\/\/www.facebook.com\/ResuelveTuDeuda","https:\/\/twitter.com\/resuelvetudeuda","https:\/\/www.instagram.com\/resuelvetudeuda","https:\/\/www.linkedin.com\/company\/resuelve-global\/"]}]}},"_links":{"self":[{"href":"https:\/\/dev.resuelvetudeuda.com\/es-co\/wp-json\/wp\/v2\/pages\/9851","targetHints":{"allow":["GET"]}}],"collection":[{"href":"https:\/\/dev.resuelvetudeuda.com\/es-co\/wp-json\/wp\/v2\/pages"}],"about":[{"href":"https:\/\/dev.resuelvetudeuda.com\/es-co\/wp-json\/wp\/v2\/types\/page"}],"author":[{"embeddable":true,"href":"https:\/\/dev.resuelvetudeuda.com\/es-co\/wp-json\/wp\/v2\/users\/5"}],"replies":[{"embeddable":true,"href":"https:\/\/dev.resuelvetudeuda.com\/es-co\/wp-json\/wp\/v2\/comments?post=9851"}],"version-history":[{"count":0,"href":"https:\/\/dev.resuelvetudeuda.com\/es-co\/wp-json\/wp\/v2\/pages\/9851\/revisions"}],"wp:attachment":[{"href":"https:\/\/dev.resuelvetudeuda.com\/es-co\/wp-json\/wp\/v2\/media?parent=9851"}],"curies":[{"name":"wp","href":"https:\/\/api.w.org\/{rel}","templated":true}]}}