{"id":10921,"date":"2021-05-19T16:55:33","date_gmt":"2021-05-19T21:55:33","guid":{"rendered":"https:\/\/rtdnewtest.wpengine.com\/es-es\/?page_id=10921"},"modified":"2023-10-20T07:17:08","modified_gmt":"2023-10-20T13:17:08","slug":"politica-de-privacidad-candidatos","status":"publish","type":"page","link":"https:\/\/dev.resuelvetudeuda.com\/es-es\/politica-de-privacidad-candidatos\/","title":{"rendered":"Pol\u00edtica de Privacidad para Candidatos"},"content":{"rendered":"\n<p><strong>POL\u00cdTICA DE PRIVACIDAD PARA CANDIDATOS<\/strong><\/p>\n\n\n\n<p>Esta Pol\u00edtica de Privacidad tiene por objeto brindar informaci\u00f3n sobre el tratamiento de los datos personales de aquellas personas f\u00edsicas que han enviado un curr\u00edculum a RESUELVE TU DEUDA que forman o han formado parte de un proceso de selecci\u00f3n de personal con dicha empresa de conformidad con lo establecido en la Ley Org\u00e1nica 3\/2018, de 5 de diciembre, de Protecci\u00f3n de Datos Personales y garant\u00eda de los derechos digitales y el Reglamento (UE) 2016\/679 del Parlamento Europeo y del Consejo de 27 de abril de 2016.<\/p>\n\n\n\n<p>Esta Pol\u00edtica de Privacidad resulta aplicable a la recogida de datos personales efectuada a trav\u00e9s de formularios, correos electr\u00f3nicos, sitios web y al tratamiento de dicha informaci\u00f3n cuando ha sido obtenida por RESUELVE TU DEUDA a trav\u00e9s de otras fuentes legalmente reconocidas.<\/p>\n\n\n\n<p>RESUELVE TU DEUDA pondr\u00e1 a tu disposici\u00f3n esta Pol\u00edtica de Privacidad antes de recoger tus datos personales o, en su caso, en el momento de la primera comunicaci\u00f3n con los interesados correspondientes (candidatos a un puesto de trabajo).<\/p>\n\n\n\n<p><strong>Identidad y datos del responsable.<\/strong><\/p>\n\n\n\n<p>Reparadora RTD Espa\u00f1a, S.L. (RESUELVE TU DEUDA) es el responsable del tratamiento de tus datos personales en relaci\u00f3n con las finalidades especificadas en este documento.<\/p>\n\n\n\n<p>RESUELVE TU DEUDA tiene su domicilio social en Calle Vel\u00e1zquez, 50, 4, C.P. 28001, Madrid, Espa\u00f1a, NIF B88133970 y es titular de la p\u00e1gina web <a href=\"https:\/\/resuelvetudeuda.com\/es-es\/\">https:\/\/resuelvetudeuda.com\/es-es<\/a>\/<a href=\"http:\/\/www.resuelvedev.wpengine.com\/es-es\/\">.<\/a><\/p>\n\n\n\n<p>Para cualquier aspecto relacionado con el tratamiento de tus datos personales, incluyendo el ejercicio de los derechos reconocidos por la normativa aplicable, podr\u00e1 dirigirse a la siguiente direcci\u00f3n de correo electr\u00f3nico: datospersonales@resuelvetudeuda.es.<\/p>\n\n\n\n<p><strong>Finalidades y base jur\u00eddica del tratamiento.<\/strong><\/p>\n\n\n\n<p>RESUELVE TU DEUDA trata tus datos personales para las finalidades y conforme a las bases jur\u00eddicas enumeradas a continuaci\u00f3n, que incluyen nuestro inter\u00e9s leg\u00edtimo en los casos debidamente identificados:<\/p>\n\n\n\n<p><strong>Finalidades del tratamiento de sus datos<\/strong><\/p>\n\n\n\n<ul class=\"wp-block-list\">\n<li>Gestionar, controlar y administrar los curr\u00edculos de los candidatos a puestos de trabajo, entregados bajo demanda o espont\u00e1neamente por los interesados.<\/li>\n<\/ul>\n\n\n\n<ul class=\"wp-block-list\">\n<li>Generar perfiles de los candidatos para la realizaci\u00f3n de las entrevistas de trabajo.<\/li>\n<\/ul>\n\n\n\n<ul class=\"wp-block-list\">\n<li>Presentar los t\u00e9rminos y condiciones de contrataci\u00f3n a los candidatos elegidos en los procesos de selecci\u00f3n desarrollados por RESUELVE TU DEUDA.<\/li>\n<\/ul>\n\n\n\n<p><strong>Base jur\u00eddica del tratamiento<\/strong><\/p>\n\n\n\n<ul class=\"wp-block-list\">\n<li>El interesado ha autorizado el tratamiento de sus datos personales para las finalidades establecidas en esta pol\u00edtica de privacidad.&nbsp;<\/li>\n<\/ul>\n\n\n\n<p>RESUELVE TU DEUDA tiene un prop\u00f3sito leg\u00edtimo en conocer y evaluar los perfiles de los candidatos para ocupar los puestos de trabajo en la empresa, con las cualificaciones necesarias para el desarrollo de las tareas requeridas.<\/p>\n\n\n\n<ul class=\"wp-block-list\">\n<li>El interesado ha autorizado el tratamiento de sus datos personales para las finalidades establecidas en esta pol\u00edtica de privacidad.&nbsp;<\/li>\n<\/ul>\n\n\n\n<p>RESUELVE TU DEUDA tiene una finalidad leg\u00edtima al presentar un contrato de trabajo a los candidatos que re\u00fanen las cualidades necesarias para el desarrollo de las tareas requeridas.<\/p>\n\n\n\n<ul class=\"wp-block-list\">\n<li>El interesado ha autorizado el tratamiento de sus datos personales para las finalidades establecidas en esta pol\u00edtica de privacidad.&nbsp;<\/li>\n<\/ul>\n\n\n\n<p>RESUELVE TU DEUDA tiene un prop\u00f3sito leg\u00edtimo en conocer y evaluar los perfiles de los candidatos para ocupar los puestos de trabajo en la empresa, con las cualificaciones necesarias para el desarrollo de las tareas requeridas.<\/p>\n\n\n\n<p><strong>\u00bfCon qui\u00e9n compartimos sus datos?<\/strong><\/p>\n\n\n\n<p>Para los fines que se enumeran a continuaci\u00f3n, RESUELVE TU DEUDA podr\u00e1 compartir los datos personales con los siguientes destinatarios:<\/p>\n\n\n\n<ul class=\"wp-block-list\">\n<li>Proveedores de servicios de b\u00fasqueda y selecci\u00f3n de personal que filtran y procesan informaci\u00f3n de los candidatos en nombre de RESUELVE TU DEUDA.<\/li>\n<\/ul>\n\n\n\n<p><strong>Finalidad de la comunicaci\u00f3n de datos<\/strong><\/p>\n\n\n\n<ul class=\"wp-block-list\">\n<li>Gestionar, controlar y administrar los curr\u00edculos de los candidatos a puestos de trabajo, entregados bajo demanda o espont\u00e1neamente por los interesados;&nbsp;<\/li>\n\n\n\n<li>generar perfiles de candidatos para la realizaci\u00f3n de las entrevistas de trabajo.<\/li>\n<\/ul>\n\n\n\n<p><strong>\u00bfQu\u00e9 datos personales recabamos?<\/strong><\/p>\n\n\n\n<p>Para el cumplimiento de las finalidades anteriormente relacionadas, RESUELVE TU DEUDA recoge y trata las siguientes categor\u00edas de datos personales:<\/p>\n\n\n\n<p>\u2022 Datos de car\u00e1cter identificativo.<\/p>\n\n\n\n<p>\u2022 Datos de caracter\u00edsticas personales.<\/p>\n\n\n\n<p>\u2022 Datos de circunstancias sociales.<\/p>\n\n\n\n<p>\u2022 Datos acad\u00e9micos y profesionales.<\/p>\n\n\n\n<p>\u2022 Detalles del empleo.<\/p>\n\n\n\n<p><strong>Elaboraci\u00f3n de perfiles<\/strong><\/p>\n\n\n\n<p>RESUELVE TU DEUDA trata datos personales para elaborar perfiles de candidatos, con el consentimiento expl\u00edcito de los interesados que han proporcionado sus datos para esa finalidad.<\/p>\n\n\n\n<p>Los interesados no son objeto de decisiones basadas \u00fanicamente en el tratamiento automatizado de sus datos personales; RESUELVE TU DEUDA podr\u00e1 proporcionar informaci\u00f3n sobre el resultado del perfil elaborado por el responsable si el interesado as\u00ed lo requiere en ejercicio de sus derechos legalmente reconocidos.<\/p>\n\n\n\n<p><strong>\u00bfC\u00f3mo obtenemos tus datos personales?<\/strong><\/p>\n\n\n\n<p>RESUELVE TU DEUDA puede solicitar y obtener tus datos personales de manera personal o indirectamente a trav\u00e9s de transferencias efectuadas por otros responsables que tratan tus datos personales.<\/p>\n\n\n\n<p><strong>\u00bfCon qui\u00e9n compartimos su informaci\u00f3n?<\/strong><\/p>\n\n\n\n<p>Para las finalidades que a continuaci\u00f3n enumeramos, RESUELVE TU DEUDA podr\u00e1 o deber\u00e1 compartir tus datos personales:<\/p>\n\n\n\n<p><strong>Transferencias internacionales<\/strong><\/p>\n\n\n\n<p>Para las finalidades indicadas en inciso anterior, RESUELVE TU DEUDA realiza transferencias de datos personales fuera del territorio de la Uni\u00f3n Europea, con destino hacia los Estados Unidos de Am\u00e9rica.<\/p>\n\n\n\n<p>RESUELVE TU DEUDA s\u00f3lo efect\u00faa transferencias de datos personales con destino en los Estados Unidos de Am\u00e9rica hacia entidades certificadas en el marco del Escudo de Privacidad (Privacy Shield) UE-EE. UU., previsto en la Decisi\u00f3n (UE) 2016\/1250 de la Comisi\u00f3n Europea, de 12 de julio de 2016.<\/p>\n\n\n\n<p>Puedes obtener informaci\u00f3n sobre las garant\u00edas adecuadas adoptadas por RESUELVE TU DEUDA para el tratamiento de tus datos personales por prestadores de servicios establecidos en los Estados Unidos de Am\u00e9rica, dirigiendo una solicitud a datospersonales@resuelvetudeuda.es.<\/p>\n\n\n\n<p><strong>Derechos de los interesados<\/strong><\/p>\n\n\n\n<p>Usted tiene derecho al control de los datos personales recabados por RESUELVE TU DEUDA, a trav\u00e9s del ejercicio de los siguientes derechos espec\u00edficos:<\/p>\n\n\n\n<p><strong>a)<\/strong> <strong>Acceso:<\/strong> puedes obtener informaci\u00f3n sobre el tratamiento de tus datos por parte de RESUELVE TU DEUDA, incluyendo informaci\u00f3n sobre los fines del tratamiento, las categor\u00edas de datos de que se trate, destinatarios a los que han sido comunicados tus datos personales, los plazos o criterios de conservaci\u00f3n de tu informaci\u00f3n y, en su caso, el origen de los datos. En tales casos, tienes derecho a obtener una copia de tus datos.<\/p>\n\n\n\n<p><strong>b) Rectificaci\u00f3n:<\/strong> puedes solicitar la rectificaci\u00f3n de tus datos personales si estos son inexactos o a completarlos, en su caso.<\/p>\n\n\n\n<p><strong>c) Supresi\u00f3n: <\/strong>puedes solicitar la supresi\u00f3n de tus datos personales cuando concurran las circunstancias legalmente previstas, y en particular cuando estos ya no sean necesarios en relaci\u00f3n con los fines para los que fueron recogidos.<\/p>\n\n\n\n<p><strong>d) Limitaci\u00f3n:<\/strong> puedes solicitar la limitaci\u00f3n del tratamiento de tus datos cuando requieras que se conserven para el ejercicio de otros derechos o mientras se resuelve su exactitud o los motivos por los cuales se ha comunicado una oposici\u00f3n a su tratamiento.<\/p>\n\n\n\n<p><strong>e) Portabilidad:<\/strong> puedes solicitar la portabilidad de tus datos hacia otro responsable cuando concurran las condiciones que as\u00ed lo permitan.<\/p>\n\n\n\n<p><strong>f)<\/strong> <strong>Oposici\u00f3n: <\/strong>en determinadas circunstancias y por motivos relacionados con tu situaci\u00f3n particular, puedes oponerte al tratamiento de tus datos.<\/p>\n\n\n\n<p>Puedes ejercer tus derechos, sin coste alguno, a trav\u00e9s de los siguientes medios y con los siguientes requisitos:<\/p>\n\n\n\n<p>\u2022 <strong>Solicitud postal,<\/strong> mediante solicitud escrita y firmada, dirigida a Reparadora RTD Espa\u00f1a, S.L. en Calle Vel\u00e1zquez, 50, 4, C.P. 28001, Madrid, Espa\u00f1a. Asunto: Protecci\u00f3n de Datos. Requisitos: acompa\u00f1ar copia del Documento Nacional de Identidad (DNI) del solicitante.<\/p>\n\n\n\n<p>\u2022 <strong>Solicitud electr\u00f3nica,<\/strong> mediante solicitud dirigida a la cuenta de correo datospersonales@resuelvetudeuda.es<a href=\"http:\/\/datospersonales@resuelvetudeuda.es.\/\">.<\/a> Asunto: Protecci\u00f3n de Datos. Requisitos: adjuntar copia escaneada del DNI del solicitante.<\/p>\n\n\n\n<p>La Agencia Espa\u00f1ola de Protecci\u00f3n de Datos ha puesto a disposici\u00f3n de los interesados modelos de formularios para ejercer sus derechos, que pueden ser descargados desde el siguiente enlace: <a href=\"https:\/\/www.aepd.es\/reglamento\/derechos\/index.html.\">https:\/\/www.aepd.es\/reglamento\/derechos\/index.html.<\/a><\/p>\n\n\n\n<p>RESUELVE TU DEUDA dar\u00e1 respuesta dentro del plazo de un mes a partir de la recepci\u00f3n de tu solicitud y, en casos excepcionales, dicho plazo podr\u00e1 prorrogarse hasta por otros dos meses.<\/p>\n\n\n\n<p><strong>\u00bfCu\u00e1nto tiempo conservamos tus datos personales?<\/strong><\/p>\n\n\n\n<p>Tus datos personales ser\u00e1n conservados por RESUELVE TU DEUDA de conformidad a los siguientes criterios:<\/p>\n\n\n\n<p>\u2022 Hasta por seis meses, contados a partir de la entrega de tu informaci\u00f3n acad\u00e9mica y laboral (curr\u00edculum) a RESUELVE TU DEUDA.<\/p>\n\n\n\n<p><strong>Reclamaciones<\/strong><\/p>\n\n\n\n<p>Tienes derecho a presentar una reclamaci\u00f3n ante la Agencia Espa\u00f1ola de Protecci\u00f3n de Datos si no est\u00e1s satisfecho con la respuesta brindada a la solicitud de ejercicio de cualquiera de tus derechos, o si consideras que no hemos dado un tratamiento adecuado a tus datos personales. Para mayor informaci\u00f3n puedes consultar la web <a href=\"http:\/\/www.aepd.es\/\">www.aepd.es<\/a><\/p>\n\n\n\n<p><strong>Modificaciones y actualizaciones de la presente pol\u00edtica de privacidad<\/strong><\/p>\n\n\n\n<p>RESUELVE TU DEUDA podr\u00e1 modificar, ampliar, corregir o actualizar la presente Pol\u00edtica de Privacidad, en cualquier momento y bajo su completa responsabilidad. En todos los casos, publicaremos la fecha de \u00faltima actualizaci\u00f3n de esta pol\u00edtica. Podremos comunicar estos cambios a trav\u00e9s de nuestra p\u00e1gina web o mediante el env\u00edo de un correo electr\u00f3nico en caso de contar con su direcci\u00f3n.<\/p>\n\n\n\n<p class=\"has-text-align-right\"><strong>\u00daltima actualizaci\u00f3n: Diciembre de 2021<\/strong><\/p>\n","protected":false},"excerpt":{"rendered":"<p>POL\u00cdTICA DE PRIVACIDAD PARA CANDIDATOS Esta Pol\u00edtica de Privacidad tiene por objeto brindar informaci\u00f3n sobre el tratamiento de los datos personales de aquellas personas f\u00edsicas que han enviado un curr\u00edculum a RESUELVE [&#8230;]<\/p>\n<p><a class=\"read-more\" href=\"https:\/\/dev.resuelvetudeuda.com\/es-es\/politica-de-privacidad-candidatos\/\">Leer m\u00e1s<\/a><\/p>\n","protected":false},"author":5,"featured_media":0,"parent":0,"menu_order":0,"comment_status":"closed","ping_status":"closed","template":"page-templates\/template-legales.php","meta":{"footnotes":""},"class_list":["post-10921","page","type-page","status-publish","hentry"],"yoast_head":"\n<title>Pol\u00edtica de Privacidad para Candidatos | Resuelve tu Deuda Espa\u00f1a<\/title>\n<meta name=\"robots\" content=\"index, follow, max-snippet:-1, max-image-preview:large, max-video-preview:-1\" \/>\n<link rel=\"canonical\" href=\"https:\/\/bravocredito.es\/politica-de-privacidad-candidatos\" \/>\n<meta property=\"og:locale\" content=\"es_ES\" \/>\n<meta property=\"og:type\" content=\"article\" \/>\n<meta property=\"og:title\" content=\"Pol\u00edtica de Privacidad para Candidatos | Resuelve tu Deuda Espa\u00f1a\" \/>\n<meta property=\"og:description\" content=\"POL\u00cdTICA DE PRIVACIDAD PARA CANDIDATOS Esta Pol\u00edtica de Privacidad tiene por objeto brindar informaci\u00f3n sobre el tratamiento de los datos personales de aquellas personas f\u00edsicas que han enviado un curr\u00edculum a RESUELVE [...]Leer m\u00e1s\" \/>\n<meta property=\"og:url\" content=\"https:\/\/bravocredito.es\/politica-de-privacidad-candidatos\" \/>\n<meta property=\"og:site_name\" content=\"Resuelve tu Deuda Espa\u00f1a\" \/>\n<meta property=\"article:publisher\" content=\"https:\/\/www.facebook.com\/ResuelveTuDeuda\" \/>\n<meta property=\"article:modified_time\" content=\"2023-10-20T13:17:08+00:00\" \/>\n<meta property=\"og:image\" content=\"https:\/\/dev.resuelvetudeuda.com\/es-es\/wp-content\/uploads\/sites\/4\/2021\/04\/rtd2021_cover.png\" \/>\n\t<meta property=\"og:image:width\" content=\"1200\" \/>\n\t<meta property=\"og:image:height\" content=\"630\" \/>\n\t<meta property=\"og:image:type\" content=\"image\/png\" \/>\n<meta name=\"twitter:card\" content=\"summary_large_image\" \/>\n<meta name=\"twitter:site\" content=\"@resuelvetudeuda\" \/>\n<meta name=\"twitter:label1\" content=\"Tiempo de lectura\" \/>\n\t<meta name=\"twitter:data1\" content=\"7 minutos\" \/>\n<script type=\"application\/ld+json\" class=\"yoast-schema-graph\">{\"@context\":\"https:\/\/schema.org\",\"@graph\":[{\"@type\":\"WebPage\",\"@id\":\"https:\/\/dev.resuelvetudeuda.com\/es-es\/politica-de-privacidad-candidatos\/\",\"url\":\"https:\/\/bravocredito.es\/politica-de-privacidad-candidatos\",\"name\":\"Pol\u00edtica de Privacidad para Candidatos | Resuelve tu Deuda Espa\u00f1a\",\"isPartOf\":{\"@id\":\"https:\/\/dev.resuelvetudeuda.com\/es-es\/#website\"},\"datePublished\":\"2021-05-19T21:55:33+00:00\",\"dateModified\":\"2023-10-20T13:17:08+00:00\",\"breadcrumb\":{\"@id\":\"https:\/\/bravocredito.es\/politica-de-privacidad-candidatos#breadcrumb\"},\"inLanguage\":\"es\",\"potentialAction\":[{\"@type\":\"ReadAction\",\"target\":[\"https:\/\/bravocredito.es\/politica-de-privacidad-candidatos\"]}]},{\"@type\":\"BreadcrumbList\",\"@id\":\"https:\/\/bravocredito.es\/politica-de-privacidad-candidatos#breadcrumb\",\"itemListElement\":[{\"@type\":\"ListItem\",\"position\":1,\"name\":\"Inicio\",\"item\":\"https:\/\/dev.resuelvetudeuda.com\/es-es\/\"},{\"@type\":\"ListItem\",\"position\":2,\"name\":\"Pol\u00edtica de Privacidad para Candidatos\"}]},{\"@type\":\"WebSite\",\"@id\":\"https:\/\/dev.resuelvetudeuda.com\/es-es\/#website\",\"url\":\"https:\/\/dev.resuelvetudeuda.com\/es-es\/\",\"name\":\"Resuelve tu Deuda Espa\u00f1a\",\"description\":\"Somos la reparadora de cr\u00e9dito con m\u00e1s experiencia en Am\u00e9rica Latina.\",\"publisher\":{\"@id\":\"https:\/\/dev.resuelvetudeuda.com\/es-es\/#organization\"},\"potentialAction\":[{\"@type\":\"SearchAction\",\"target\":{\"@type\":\"EntryPoint\",\"urlTemplate\":\"https:\/\/dev.resuelvetudeuda.com\/es-es\/?s={search_term_string}\"},\"query-input\":\"required name=search_term_string\"}],\"inLanguage\":\"es\"},{\"@type\":\"Organization\",\"@id\":\"https:\/\/dev.resuelvetudeuda.com\/es-es\/#organization\",\"name\":\"Resuelve tu Deuda\",\"url\":\"https:\/\/dev.resuelvetudeuda.com\/es-es\/\",\"logo\":{\"@type\":\"ImageObject\",\"inLanguage\":\"es\",\"@id\":\"https:\/\/dev.resuelvetudeuda.com\/es-es\/#\/schema\/logo\/image\/\",\"url\":\"https:\/\/dev.resuelvetudeuda.com\/es-es\/wp-content\/uploads\/sites\/4\/2021\/04\/logoRTD.png\",\"contentUrl\":\"https:\/\/dev.resuelvetudeuda.com\/es-es\/wp-content\/uploads\/sites\/4\/2021\/04\/logoRTD.png\",\"width\":192,\"height\":192,\"caption\":\"Resuelve tu Deuda\"},\"image\":{\"@id\":\"https:\/\/dev.resuelvetudeuda.com\/es-es\/#\/schema\/logo\/image\/\"},\"sameAs\":[\"https:\/\/www.facebook.com\/ResuelveTuDeuda\",\"https:\/\/twitter.com\/resuelvetudeuda\",\"https:\/\/www.instagram.com\/resuelvetudeuda\",\"https:\/\/www.linkedin.com\/company\/resuelve-global\/\"]}]}<\/script>\n","yoast_head_json":{"title":"Pol\u00edtica de Privacidad para Candidatos | Resuelve tu Deuda Espa\u00f1a","robots":{"index":"index","follow":"follow","max-snippet":"max-snippet:-1","max-image-preview":"max-image-preview:large","max-video-preview":"max-video-preview:-1"},"canonical":"https:\/\/bravocredito.es\/politica-de-privacidad-candidatos","og_locale":"es_ES","og_type":"article","og_title":"Pol\u00edtica de Privacidad para Candidatos | Resuelve tu Deuda Espa\u00f1a","og_description":"POL\u00cdTICA DE PRIVACIDAD PARA CANDIDATOS Esta Pol\u00edtica de Privacidad tiene por objeto brindar informaci\u00f3n sobre el tratamiento de los datos personales de aquellas personas f\u00edsicas que han enviado un curr\u00edculum a RESUELVE [...]Leer m\u00e1s","og_url":"https:\/\/bravocredito.es\/politica-de-privacidad-candidatos","og_site_name":"Resuelve tu Deuda Espa\u00f1a","article_publisher":"https:\/\/www.facebook.com\/ResuelveTuDeuda","article_modified_time":"2023-10-20T13:17:08+00:00","og_image":[{"width":1200,"height":630,"url":"https:\/\/dev.resuelvetudeuda.com\/es-es\/wp-content\/uploads\/sites\/4\/2021\/04\/rtd2021_cover.png","type":"image\/png"}],"twitter_card":"summary_large_image","twitter_site":"@resuelvetudeuda","twitter_misc":{"Tiempo de lectura":"7 minutos"},"schema":{"@context":"https:\/\/schema.org","@graph":[{"@type":"WebPage","@id":"https:\/\/dev.resuelvetudeuda.com\/es-es\/politica-de-privacidad-candidatos\/","url":"https:\/\/bravocredito.es\/politica-de-privacidad-candidatos","name":"Pol\u00edtica de Privacidad para Candidatos | Resuelve tu Deuda Espa\u00f1a","isPartOf":{"@id":"https:\/\/dev.resuelvetudeuda.com\/es-es\/#website"},"datePublished":"2021-05-19T21:55:33+00:00","dateModified":"2023-10-20T13:17:08+00:00","breadcrumb":{"@id":"https:\/\/bravocredito.es\/politica-de-privacidad-candidatos#breadcrumb"},"inLanguage":"es","potentialAction":[{"@type":"ReadAction","target":["https:\/\/bravocredito.es\/politica-de-privacidad-candidatos"]}]},{"@type":"BreadcrumbList","@id":"https:\/\/bravocredito.es\/politica-de-privacidad-candidatos#breadcrumb","itemListElement":[{"@type":"ListItem","position":1,"name":"Inicio","item":"https:\/\/dev.resuelvetudeuda.com\/es-es\/"},{"@type":"ListItem","position":2,"name":"Pol\u00edtica de Privacidad para Candidatos"}]},{"@type":"WebSite","@id":"https:\/\/dev.resuelvetudeuda.com\/es-es\/#website","url":"https:\/\/dev.resuelvetudeuda.com\/es-es\/","name":"Resuelve tu Deuda Espa\u00f1a","description":"Somos la reparadora de cr\u00e9dito con m\u00e1s experiencia en Am\u00e9rica Latina.","publisher":{"@id":"https:\/\/dev.resuelvetudeuda.com\/es-es\/#organization"},"potentialAction":[{"@type":"SearchAction","target":{"@type":"EntryPoint","urlTemplate":"https:\/\/dev.resuelvetudeuda.com\/es-es\/?s={search_term_string}"},"query-input":"required name=search_term_string"}],"inLanguage":"es"},{"@type":"Organization","@id":"https:\/\/dev.resuelvetudeuda.com\/es-es\/#organization","name":"Resuelve tu Deuda","url":"https:\/\/dev.resuelvetudeuda.com\/es-es\/","logo":{"@type":"ImageObject","inLanguage":"es","@id":"https:\/\/dev.resuelvetudeuda.com\/es-es\/#\/schema\/logo\/image\/","url":"https:\/\/dev.resuelvetudeuda.com\/es-es\/wp-content\/uploads\/sites\/4\/2021\/04\/logoRTD.png","contentUrl":"https:\/\/dev.resuelvetudeuda.com\/es-es\/wp-content\/uploads\/sites\/4\/2021\/04\/logoRTD.png","width":192,"height":192,"caption":"Resuelve tu Deuda"},"image":{"@id":"https:\/\/dev.resuelvetudeuda.com\/es-es\/#\/schema\/logo\/image\/"},"sameAs":["https:\/\/www.facebook.com\/ResuelveTuDeuda","https:\/\/twitter.com\/resuelvetudeuda","https:\/\/www.instagram.com\/resuelvetudeuda","https:\/\/www.linkedin.com\/company\/resuelve-global\/"]}]}},"_links":{"self":[{"href":"https:\/\/dev.resuelvetudeuda.com\/es-es\/wp-json\/wp\/v2\/pages\/10921","targetHints":{"allow":["GET"]}}],"collection":[{"href":"https:\/\/dev.resuelvetudeuda.com\/es-es\/wp-json\/wp\/v2\/pages"}],"about":[{"href":"https:\/\/dev.resuelvetudeuda.com\/es-es\/wp-json\/wp\/v2\/types\/page"}],"author":[{"embeddable":true,"href":"https:\/\/dev.resuelvetudeuda.com\/es-es\/wp-json\/wp\/v2\/users\/5"}],"replies":[{"embeddable":true,"href":"https:\/\/dev.resuelvetudeuda.com\/es-es\/wp-json\/wp\/v2\/comments?post=10921"}],"version-history":[{"count":0,"href":"https:\/\/dev.resuelvetudeuda.com\/es-es\/wp-json\/wp\/v2\/pages\/10921\/revisions"}],"wp:attachment":[{"href":"https:\/\/dev.resuelvetudeuda.com\/es-es\/wp-json\/wp\/v2\/media?parent=10921"}],"curies":[{"name":"wp","href":"https:\/\/api.w.org\/{rel}","templated":true}]}}