{"id":9782,"date":"2020-10-05T18:33:14","date_gmt":"2020-10-05T23:33:14","guid":{"rendered":"http:\/\/resuelve-tu-deuda.local\/?page_id=9782"},"modified":"2023-10-20T06:11:05","modified_gmt":"2023-10-20T12:11:05","slug":"nuestros-clientes","status":"publish","type":"page","link":"https:\/\/dev.resuelvetudeuda.com\/es-es\/nuestros-clientes\/","title":{"rendered":"Historias de \u00c9xito"},"content":{"rendered":"<div class=\"wp-bootstrap-blocks-container container mb-2\">\n\t\n<div class=\"wp-bootstrap-blocks-row row\">\n\t\n\n<div class=\"col-12 col-md-12\">\n\t\t\t\n\n<div class=\"wp-block-rtd-block-rtd-title row page-title\"><div class=\"col text-center\"><h2>Ellos <strong>ya viven tranquilos<\/strong><br>\u00a1ahora es tu momento!<\/h2><\/div><\/div>\n\n\n<div class=\"row testimonials\">\n <div class=\"testimonial col-md-6\">\n <div class=\"testimonial-content\">\n <div class=\"top\">\n <div class=\"carita\"><img decoding=\"async\" width=\"88\" height=\"90\"\n src=\"https:\/\/dev.resuelvetudeuda.com\/es-es\/wp-content\/uploads\/sites\/4\/2020\/10\/img_beka.png\" alt=\"10927\">\n <\/div>\n <h3 class=\"name\">Beka <\/h3>\n <h4 class=\"city\">Madrid <\/h4>\n <\/div>\n <div class=\"bottom\">\n <p class=\"phrase\">&#8220;Resuelve tu Deuda te brinda una oferta incre\u00edble, que no puedes imaginar y plazos que puedes pagar. Al final te quitar\u00e1s de esas deudas y ser\u00e1s feliz.&#8221; <\/p>\n <\/div>\n\n <\/div>\n <\/div>\n <div class=\"testimonial col-md-6\">\n <div class=\"testimonial-content\">\n <div class=\"top\">\n <div class=\"carita\"><img decoding=\"async\" width=\"88\" height=\"90\"\n src=\"https:\/\/dev.resuelvetudeuda.com\/es-es\/wp-content\/uploads\/sites\/4\/2020\/10\/img_nuria.png\" alt=\"10928\">\n <\/div>\n <h3 class=\"name\">Nuria <\/h3>\n <h4 class=\"city\">Madrid <\/h4>\n <\/div>\n <div class=\"bottom\">\n <p class=\"phrase\">&#8220;Ellos han resuelto todas mis deudas, fue un proceso largo pero siempre estuvieron ah\u00ed para tranquilizarme y apoyarme.&#8221; <\/p>\n <\/div>\n\n <\/div>\n <\/div>\n <div class=\"testimonial col-md-6\">\n <div class=\"testimonial-content\">\n <div class=\"top\">\n <div class=\"carita\"><img decoding=\"async\" width=\"88\" height=\"90\"\n src=\"https:\/\/dev.resuelvetudeuda.com\/es-es\/wp-content\/uploads\/sites\/4\/2020\/10\/testimonio-1-1.png\" alt=\"11428\">\n <\/div>\n <h3 class=\"name\">Maria Alastuey <\/h3>\n <h4 class=\"city\">MADRID <\/h4>\n <\/div>\n <div class=\"bottom\">\n <p class=\"phrase\">&#8220;Gracias a este programa consegu\u00ed liquidar todas mis deudas. Se preocupan mucho por los clientes y nos ofrecen la mejor ayuda.&#8221; <\/p>\n <a class=\"link\" href=\"https:\/\/www.youtube.com\/watch?v=MqVVkN0ARz8\">\n Conoce su historia <\/a>\n <\/div>\n\n <\/div>\n <\/div>\n <\/div> \n\n\n<div class=\"wp-block-rtd-rtd-cta undefined cta\"><h3><strong>\u00a1Creemos en las segundas oportunidades,<br>d\u00e9janos ayudarte!<\/strong><\/h3><a href=\"https:\/\/dev.resuelvetudeuda.com\/es-es\/asesoria\/\" class=\"btn btn-lg\">Obt\u00e9n una asesor\u00eda<\/a><\/div>\n\n\t<\/div>\n\n<\/div>\n\n<\/div>\n\n\n\n<p><\/p>\n","protected":false},"excerpt":{"rendered":"<p> [&#8230;]<\/p>\n<p><a class=\"read-more\" href=\"https:\/\/dev.resuelvetudeuda.com\/es-es\/nuestros-clientes\/\">Leer m\u00e1s<\/a><\/p>\n","protected":false},"author":5,"featured_media":0,"parent":0,"menu_order":0,"comment_status":"closed","ping_status":"closed","template":"page-templates\/template-rtd-default.php","meta":{"footnotes":""},"class_list":["post-9782","page","type-page","status-publish","hentry"],"yoast_head":"\n<title>Resuelve tu Deuda opiniones 100 % reales<\/title>\n<meta name=\"description\" content=\"Resuelve tu Deuda tiene diferentes opiniones sobre su servicio, en esta ocasi\u00f3n te contamos los comentarios m\u00e1s relvantes que se hacen respecto a la reparadora de cr\u00e9dito.\" \/>\n<meta name=\"robots\" content=\"index, follow, max-snippet:-1, max-image-preview:large, max-video-preview:-1\" \/>\n<link rel=\"canonical\" href=\"https:\/\/bravocredito.es\/nosotros\" \/>\n<meta property=\"og:locale\" content=\"es_ES\" \/>\n<meta property=\"og:type\" content=\"article\" \/>\n<meta property=\"og:title\" content=\"Resuelve tu Deuda opiniones 100 % reales\" \/>\n<meta property=\"og:description\" content=\"Resuelve tu Deuda tiene diferentes opiniones sobre su servicio, en esta ocasi\u00f3n te contamos los comentarios m\u00e1s relvantes que se hacen respecto a la reparadora de cr\u00e9dito.\" \/>\n<meta property=\"og:url\" content=\"https:\/\/bravocredito.es\/nosotros\" \/>\n<meta property=\"og:site_name\" content=\"Resuelve tu Deuda Espa\u00f1a\" \/>\n<meta property=\"article:publisher\" content=\"https:\/\/www.facebook.com\/ResuelveTuDeuda\" \/>\n<meta property=\"article:modified_time\" content=\"2023-10-20T12:11:05+00:00\" \/>\n<meta property=\"og:image\" content=\"https:\/\/dev.resuelvetudeuda.com\/es-es\/wp-content\/uploads\/sites\/4\/2021\/04\/rtd2021_cover.png\" \/>\n\t<meta property=\"og:image:width\" content=\"1200\" \/>\n\t<meta property=\"og:image:height\" content=\"630\" \/>\n\t<meta property=\"og:image:type\" content=\"image\/png\" \/>\n<meta name=\"twitter:card\" content=\"summary_large_image\" \/>\n<meta name=\"twitter:site\" content=\"@resuelvetudeuda\" \/>\n<meta name=\"twitter:label1\" content=\"Tiempo de lectura\" \/>\n\t<meta name=\"twitter:data1\" content=\"1 minuto\" \/>\n<script type=\"application\/ld+json\" class=\"yoast-schema-graph\">{\"@context\":\"https:\/\/schema.org\",\"@graph\":[{\"@type\":\"WebPage\",\"@id\":\"https:\/\/dev.resuelvetudeuda.com\/es-es\/nuestros-clientes\/\",\"url\":\"https:\/\/bravocredito.es\/nosotros\",\"name\":\"Resuelve tu Deuda opiniones 100 % reales\",\"isPartOf\":{\"@id\":\"https:\/\/dev.resuelvetudeuda.com\/es-es\/#website\"},\"datePublished\":\"2020-10-05T23:33:14+00:00\",\"dateModified\":\"2023-10-20T12:11:05+00:00\",\"description\":\"Resuelve tu Deuda tiene diferentes opiniones sobre su servicio, en esta ocasi\u00f3n te contamos los comentarios m\u00e1s relvantes que se hacen respecto a la reparadora de cr\u00e9dito.\",\"breadcrumb\":{\"@id\":\"https:\/\/bravocredito.es\/nosotros#breadcrumb\"},\"inLanguage\":\"es\",\"potentialAction\":[{\"@type\":\"ReadAction\",\"target\":[\"https:\/\/bravocredito.es\/nosotros\"]}]},{\"@type\":\"BreadcrumbList\",\"@id\":\"https:\/\/bravocredito.es\/nosotros#breadcrumb\",\"itemListElement\":[{\"@type\":\"ListItem\",\"position\":1,\"name\":\"Inicio\",\"item\":\"https:\/\/dev.resuelvetudeuda.com\/es-es\/\"},{\"@type\":\"ListItem\",\"position\":2,\"name\":\"Historias de \u00c9xito\"}]},{\"@type\":\"WebSite\",\"@id\":\"https:\/\/dev.resuelvetudeuda.com\/es-es\/#website\",\"url\":\"https:\/\/dev.resuelvetudeuda.com\/es-es\/\",\"name\":\"Resuelve tu Deuda Espa\u00f1a\",\"description\":\"Somos la reparadora de cr\u00e9dito con m\u00e1s experiencia en Am\u00e9rica Latina.\",\"publisher\":{\"@id\":\"https:\/\/dev.resuelvetudeuda.com\/es-es\/#organization\"},\"potentialAction\":[{\"@type\":\"SearchAction\",\"target\":{\"@type\":\"EntryPoint\",\"urlTemplate\":\"https:\/\/dev.resuelvetudeuda.com\/es-es\/?s={search_term_string}\"},\"query-input\":\"required name=search_term_string\"}],\"inLanguage\":\"es\"},{\"@type\":\"Organization\",\"@id\":\"https:\/\/dev.resuelvetudeuda.com\/es-es\/#organization\",\"name\":\"Resuelve tu Deuda\",\"url\":\"https:\/\/dev.resuelvetudeuda.com\/es-es\/\",\"logo\":{\"@type\":\"ImageObject\",\"inLanguage\":\"es\",\"@id\":\"https:\/\/dev.resuelvetudeuda.com\/es-es\/#\/schema\/logo\/image\/\",\"url\":\"https:\/\/dev.resuelvetudeuda.com\/es-es\/wp-content\/uploads\/sites\/4\/2021\/04\/logoRTD.png\",\"contentUrl\":\"https:\/\/dev.resuelvetudeuda.com\/es-es\/wp-content\/uploads\/sites\/4\/2021\/04\/logoRTD.png\",\"width\":192,\"height\":192,\"caption\":\"Resuelve tu Deuda\"},\"image\":{\"@id\":\"https:\/\/dev.resuelvetudeuda.com\/es-es\/#\/schema\/logo\/image\/\"},\"sameAs\":[\"https:\/\/www.facebook.com\/ResuelveTuDeuda\",\"https:\/\/twitter.com\/resuelvetudeuda\",\"https:\/\/www.instagram.com\/resuelvetudeuda\",\"https:\/\/www.linkedin.com\/company\/resuelve-global\/\"]}]}<\/script>\n","yoast_head_json":{"title":"Resuelve tu Deuda opiniones 100 % reales","description":"Resuelve tu Deuda tiene diferentes opiniones sobre su servicio, en esta ocasi\u00f3n te contamos los comentarios m\u00e1s relvantes que se hacen respecto a la reparadora de cr\u00e9dito.","robots":{"index":"index","follow":"follow","max-snippet":"max-snippet:-1","max-image-preview":"max-image-preview:large","max-video-preview":"max-video-preview:-1"},"canonical":"https:\/\/bravocredito.es\/nosotros","og_locale":"es_ES","og_type":"article","og_title":"Resuelve tu Deuda opiniones 100 % reales","og_description":"Resuelve tu Deuda tiene diferentes opiniones sobre su servicio, en esta ocasi\u00f3n te contamos los comentarios m\u00e1s relvantes que se hacen respecto a la reparadora de cr\u00e9dito.","og_url":"https:\/\/bravocredito.es\/nosotros","og_site_name":"Resuelve tu Deuda Espa\u00f1a","article_publisher":"https:\/\/www.facebook.com\/ResuelveTuDeuda","article_modified_time":"2023-10-20T12:11:05+00:00","og_image":[{"width":1200,"height":630,"url":"https:\/\/dev.resuelvetudeuda.com\/es-es\/wp-content\/uploads\/sites\/4\/2021\/04\/rtd2021_cover.png","type":"image\/png"}],"twitter_card":"summary_large_image","twitter_site":"@resuelvetudeuda","twitter_misc":{"Tiempo de lectura":"1 minuto"},"schema":{"@context":"https:\/\/schema.org","@graph":[{"@type":"WebPage","@id":"https:\/\/dev.resuelvetudeuda.com\/es-es\/nuestros-clientes\/","url":"https:\/\/bravocredito.es\/nosotros","name":"Resuelve tu Deuda opiniones 100 % reales","isPartOf":{"@id":"https:\/\/dev.resuelvetudeuda.com\/es-es\/#website"},"datePublished":"2020-10-05T23:33:14+00:00","dateModified":"2023-10-20T12:11:05+00:00","description":"Resuelve tu Deuda tiene diferentes opiniones sobre su servicio, en esta ocasi\u00f3n te contamos los comentarios m\u00e1s relvantes que se hacen respecto a la reparadora de cr\u00e9dito.","breadcrumb":{"@id":"https:\/\/bravocredito.es\/nosotros#breadcrumb"},"inLanguage":"es","potentialAction":[{"@type":"ReadAction","target":["https:\/\/bravocredito.es\/nosotros"]}]},{"@type":"BreadcrumbList","@id":"https:\/\/bravocredito.es\/nosotros#breadcrumb","itemListElement":[{"@type":"ListItem","position":1,"name":"Inicio","item":"https:\/\/dev.resuelvetudeuda.com\/es-es\/"},{"@type":"ListItem","position":2,"name":"Historias de \u00c9xito"}]},{"@type":"WebSite","@id":"https:\/\/dev.resuelvetudeuda.com\/es-es\/#website","url":"https:\/\/dev.resuelvetudeuda.com\/es-es\/","name":"Resuelve tu Deuda Espa\u00f1a","description":"Somos la reparadora de cr\u00e9dito con m\u00e1s experiencia en Am\u00e9rica Latina.","publisher":{"@id":"https:\/\/dev.resuelvetudeuda.com\/es-es\/#organization"},"potentialAction":[{"@type":"SearchAction","target":{"@type":"EntryPoint","urlTemplate":"https:\/\/dev.resuelvetudeuda.com\/es-es\/?s={search_term_string}"},"query-input":"required name=search_term_string"}],"inLanguage":"es"},{"@type":"Organization","@id":"https:\/\/dev.resuelvetudeuda.com\/es-es\/#organization","name":"Resuelve tu Deuda","url":"https:\/\/dev.resuelvetudeuda.com\/es-es\/","logo":{"@type":"ImageObject","inLanguage":"es","@id":"https:\/\/dev.resuelvetudeuda.com\/es-es\/#\/schema\/logo\/image\/","url":"https:\/\/dev.resuelvetudeuda.com\/es-es\/wp-content\/uploads\/sites\/4\/2021\/04\/logoRTD.png","contentUrl":"https:\/\/dev.resuelvetudeuda.com\/es-es\/wp-content\/uploads\/sites\/4\/2021\/04\/logoRTD.png","width":192,"height":192,"caption":"Resuelve tu Deuda"},"image":{"@id":"https:\/\/dev.resuelvetudeuda.com\/es-es\/#\/schema\/logo\/image\/"},"sameAs":["https:\/\/www.facebook.com\/ResuelveTuDeuda","https:\/\/twitter.com\/resuelvetudeuda","https:\/\/www.instagram.com\/resuelvetudeuda","https:\/\/www.linkedin.com\/company\/resuelve-global\/"]}]}},"_links":{"self":[{"href":"https:\/\/dev.resuelvetudeuda.com\/es-es\/wp-json\/wp\/v2\/pages\/9782","targetHints":{"allow":["GET"]}}],"collection":[{"href":"https:\/\/dev.resuelvetudeuda.com\/es-es\/wp-json\/wp\/v2\/pages"}],"about":[{"href":"https:\/\/dev.resuelvetudeuda.com\/es-es\/wp-json\/wp\/v2\/types\/page"}],"author":[{"embeddable":true,"href":"https:\/\/dev.resuelvetudeuda.com\/es-es\/wp-json\/wp\/v2\/users\/5"}],"replies":[{"embeddable":true,"href":"https:\/\/dev.resuelvetudeuda.com\/es-es\/wp-json\/wp\/v2\/comments?post=9782"}],"version-history":[{"count":0,"href":"https:\/\/dev.resuelvetudeuda.com\/es-es\/wp-json\/wp\/v2\/pages\/9782\/revisions"}],"wp:attachment":[{"href":"https:\/\/dev.resuelvetudeuda.com\/es-es\/wp-json\/wp\/v2\/media?parent=9782"}],"curies":[{"name":"wp","href":"https:\/\/api.w.org\/{rel}","templated":true}]}}