{"id":9866,"date":"2020-10-08T01:04:02","date_gmt":"2020-10-08T06:04:02","guid":{"rendered":"http:\/\/resuelve-tu-deuda.local\/?page_id=9866"},"modified":"2023-10-20T06:13:25","modified_gmt":"2023-10-20T12:13:25","slug":"requisitos","status":"publish","type":"page","link":"https:\/\/dev.resuelvetudeuda.com\/es-es\/requisitos\/","title":{"rendered":"Requisitos"},"content":{"rendered":"<div class=\"wp-bootstrap-blocks-container container mb-2\">\n\t\n<div class=\"wp-bootstrap-blocks-row row\">\n\t\n\n<div class=\"col-12 col-md-12\">\n\t\t\t\n\n<div class=\"wp-block-rtd-block-rtd-title row page-title\"><div class=\"col text-center\"><h2>Requisitos del <strong>programa<\/strong><\/h2><p>Si deseas ser parte del programa es necesario:<\/p><\/div><\/div>\n\n\n<div class=\"container px-0\">\n <div class=\"features-slider features data-slider-length=\" 3\">\n <div class=\"feature\">\n <div class=\"feature-image\">\n <video class=\"lozad\" autoplay loop muted playsinline\n data-poster=\"https:\/\/dev.resuelvetudeuda.com\/es-es\/wp-content\/uploads\/sites\/4\/2020\/10\/requisitos_1.gif\">\n <source data-src=\"https:\/\/dev.resuelvetudeuda.com\/es-es\/wp-content\/uploads\/sites\/4\/2021\/03\/Requisitos_1.webm\" type=\"video\/webm\" \/>\n <source data-src=\"https:\/\/dev.resuelvetudeuda.com\/es-es\/wp-content\/uploads\/sites\/4\/2021\/04\/2021_REQUISITOS_1.mp4\" type=\"video\/mp4\" \/>\n <\/video>\n <\/div>\n <div class=\"feature-text\">\n \n<p>Tener una o m\u00e1s deudas, y estar atrasado con tus pagos.<\/p>\n <\/div>\n <\/div>\n <div class=\"feature\">\n <div class=\"feature-image\">\n <video class=\"lozad\" autoplay loop muted playsinline\n data-poster=\"https:\/\/dev.resuelvetudeuda.com\/es-es\/wp-content\/uploads\/sites\/4\/2020\/10\/requisitos_2.gif\">\n <source data-src=\"https:\/\/dev.resuelvetudeuda.com\/es-es\/wp-content\/uploads\/sites\/4\/2021\/03\/Requisitos_2.webm\" type=\"video\/webm\" \/>\n <source data-src=\"https:\/\/dev.resuelvetudeuda.com\/es-es\/wp-content\/uploads\/sites\/4\/2021\/04\/2021_REQUISITOS_2.mp4\" type=\"video\/mp4\" \/>\n <\/video>\n <\/div>\n <div class=\"feature-text\">\n \n<p>Que tus deudas sean en tarjetas <br>de cr\u00e9dito, microcr\u00e9ditos o <br>pr\u00e9stamos personales.<\/p>\n <\/div>\n <\/div>\n <div class=\"feature\">\n <div class=\"feature-image\">\n <video class=\"lozad\" autoplay loop muted playsinline\n data-poster=\"https:\/\/dev.resuelvetudeuda.com\/es-es\/wp-content\/uploads\/sites\/4\/2020\/10\/requisitos_3.gif\">\n <source data-src=\"https:\/\/dev.resuelvetudeuda.com\/es-es\/wp-content\/uploads\/sites\/4\/2021\/03\/Requisitos_3.webm\" type=\"video\/webm\" \/>\n <source data-src=\"https:\/\/dev.resuelvetudeuda.com\/es-es\/wp-content\/uploads\/sites\/4\/2021\/04\/2021_REQUISITOS_3.mp4\" type=\"video\/mp4\" \/>\n <\/video>\n <\/div>\n <div class=\"feature-text\">\n \n<p>Tener el deseo y compromiso para dejar atr\u00e1s tus deudas y comenzar<br>una nueva vida.<\/p>\n <\/div>\n <\/div>\n <\/div>\n<\/div>\n\n\n\n<div class=\"wp-block-rtd-rtd-cta undefined cta\"><h3>\u00a1As\u00ed podremos ayudarte!<\/h3><p>T\u00fa puedes unirte a las miles de personas que tuvieron una segunda oportunidad y ahora viven sin deudas.<\/p><a href=\"https:\/\/dev.resuelvetudeuda.com\/es-es\/nuestros-clientes\/\" class=\"btn btn-lg\">Leer nuestras historias de \u00e9xito<\/a><\/div>\n\n\t<\/div>\n\n<\/div>\n\n<\/div>\n","protected":false},"excerpt":{"rendered":"<p> [&#8230;]<\/p>\n<p><a class=\"read-more\" href=\"https:\/\/dev.resuelvetudeuda.com\/es-es\/requisitos\/\">Leer m\u00e1s<\/a><\/p>\n","protected":false},"author":5,"featured_media":0,"parent":0,"menu_order":0,"comment_status":"closed","ping_status":"closed","template":"page-templates\/template-rtd-default.php","meta":{"footnotes":""},"class_list":["post-9866","page","type-page","status-publish","hentry"],"yoast_head":"\n<title>Resuelve tu Deuda Espa\u00f1a | Beneficios<\/title>\n<meta name=\"description\" content=\"Estos son los requisitos para entrar al programa de Resuelve tu Deuda Espa\u00f1a, debes cumplir con cada unos de ellos.\" \/>\n<meta name=\"robots\" content=\"index, follow, max-snippet:-1, max-image-preview:large, max-video-preview:-1\" \/>\n<link rel=\"canonical\" href=\"https:\/\/bravocredito.es\/soluciones\" \/>\n<meta property=\"og:locale\" content=\"es_ES\" \/>\n<meta property=\"og:type\" content=\"article\" \/>\n<meta property=\"og:title\" content=\"Resuelve tu Deuda Espa\u00f1a | Beneficios\" \/>\n<meta property=\"og:description\" content=\"Estos son los requisitos para entrar al programa de Resuelve tu Deuda Espa\u00f1a, debes cumplir con cada unos de ellos.\" \/>\n<meta property=\"og:url\" content=\"https:\/\/bravocredito.es\/soluciones\" \/>\n<meta property=\"og:site_name\" content=\"Resuelve tu Deuda Espa\u00f1a\" \/>\n<meta property=\"article:publisher\" content=\"https:\/\/www.facebook.com\/ResuelveTuDeuda\" \/>\n<meta property=\"article:modified_time\" content=\"2023-10-20T12:13:25+00:00\" \/>\n<meta property=\"og:image\" content=\"https:\/\/dev.resuelvetudeuda.com\/es-es\/wp-content\/uploads\/sites\/4\/2021\/04\/rtd2021_cover.png\" \/>\n\t<meta property=\"og:image:width\" content=\"1200\" \/>\n\t<meta property=\"og:image:height\" content=\"630\" \/>\n\t<meta property=\"og:image:type\" content=\"image\/png\" \/>\n<meta name=\"twitter:card\" content=\"summary_large_image\" \/>\n<meta name=\"twitter:site\" content=\"@resuelvetudeuda\" \/>\n<meta name=\"twitter:label1\" content=\"Tiempo de lectura\" \/>\n\t<meta name=\"twitter:data1\" content=\"1 minuto\" \/>\n<script type=\"application\/ld+json\" class=\"yoast-schema-graph\">{\"@context\":\"https:\/\/schema.org\",\"@graph\":[{\"@type\":\"WebPage\",\"@id\":\"https:\/\/dev.resuelvetudeuda.com\/es-es\/requisitos\/\",\"url\":\"https:\/\/bravocredito.es\/soluciones\",\"name\":\"Resuelve tu Deuda Espa\u00f1a | Beneficios\",\"isPartOf\":{\"@id\":\"https:\/\/dev.resuelvetudeuda.com\/es-es\/#website\"},\"datePublished\":\"2020-10-08T06:04:02+00:00\",\"dateModified\":\"2023-10-20T12:13:25+00:00\",\"description\":\"Estos son los requisitos para entrar al programa de Resuelve tu Deuda Espa\u00f1a, debes cumplir con cada unos de ellos.\",\"breadcrumb\":{\"@id\":\"https:\/\/bravocredito.es\/soluciones#breadcrumb\"},\"inLanguage\":\"es\",\"potentialAction\":[{\"@type\":\"ReadAction\",\"target\":[\"https:\/\/bravocredito.es\/soluciones\"]}]},{\"@type\":\"BreadcrumbList\",\"@id\":\"https:\/\/bravocredito.es\/soluciones#breadcrumb\",\"itemListElement\":[{\"@type\":\"ListItem\",\"position\":1,\"name\":\"Inicio\",\"item\":\"https:\/\/dev.resuelvetudeuda.com\/es-es\/\"},{\"@type\":\"ListItem\",\"position\":2,\"name\":\"Requisitos\"}]},{\"@type\":\"WebSite\",\"@id\":\"https:\/\/dev.resuelvetudeuda.com\/es-es\/#website\",\"url\":\"https:\/\/dev.resuelvetudeuda.com\/es-es\/\",\"name\":\"Resuelve tu Deuda Espa\u00f1a\",\"description\":\"Somos la reparadora de cr\u00e9dito con m\u00e1s experiencia en Am\u00e9rica Latina.\",\"publisher\":{\"@id\":\"https:\/\/dev.resuelvetudeuda.com\/es-es\/#organization\"},\"potentialAction\":[{\"@type\":\"SearchAction\",\"target\":{\"@type\":\"EntryPoint\",\"urlTemplate\":\"https:\/\/dev.resuelvetudeuda.com\/es-es\/?s={search_term_string}\"},\"query-input\":\"required name=search_term_string\"}],\"inLanguage\":\"es\"},{\"@type\":\"Organization\",\"@id\":\"https:\/\/dev.resuelvetudeuda.com\/es-es\/#organization\",\"name\":\"Resuelve tu Deuda\",\"url\":\"https:\/\/dev.resuelvetudeuda.com\/es-es\/\",\"logo\":{\"@type\":\"ImageObject\",\"inLanguage\":\"es\",\"@id\":\"https:\/\/dev.resuelvetudeuda.com\/es-es\/#\/schema\/logo\/image\/\",\"url\":\"https:\/\/dev.resuelvetudeuda.com\/es-es\/wp-content\/uploads\/sites\/4\/2021\/04\/logoRTD.png\",\"contentUrl\":\"https:\/\/dev.resuelvetudeuda.com\/es-es\/wp-content\/uploads\/sites\/4\/2021\/04\/logoRTD.png\",\"width\":192,\"height\":192,\"caption\":\"Resuelve tu Deuda\"},\"image\":{\"@id\":\"https:\/\/dev.resuelvetudeuda.com\/es-es\/#\/schema\/logo\/image\/\"},\"sameAs\":[\"https:\/\/www.facebook.com\/ResuelveTuDeuda\",\"https:\/\/twitter.com\/resuelvetudeuda\",\"https:\/\/www.instagram.com\/resuelvetudeuda\",\"https:\/\/www.linkedin.com\/company\/resuelve-global\/\"]}]}<\/script>\n","yoast_head_json":{"title":"Resuelve tu Deuda Espa\u00f1a | Beneficios","description":"Estos son los requisitos para entrar al programa de Resuelve tu Deuda Espa\u00f1a, debes cumplir con cada unos de ellos.","robots":{"index":"index","follow":"follow","max-snippet":"max-snippet:-1","max-image-preview":"max-image-preview:large","max-video-preview":"max-video-preview:-1"},"canonical":"https:\/\/bravocredito.es\/soluciones","og_locale":"es_ES","og_type":"article","og_title":"Resuelve tu Deuda Espa\u00f1a | Beneficios","og_description":"Estos son los requisitos para entrar al programa de Resuelve tu Deuda Espa\u00f1a, debes cumplir con cada unos de ellos.","og_url":"https:\/\/bravocredito.es\/soluciones","og_site_name":"Resuelve tu Deuda Espa\u00f1a","article_publisher":"https:\/\/www.facebook.com\/ResuelveTuDeuda","article_modified_time":"2023-10-20T12:13:25+00:00","og_image":[{"width":1200,"height":630,"url":"https:\/\/dev.resuelvetudeuda.com\/es-es\/wp-content\/uploads\/sites\/4\/2021\/04\/rtd2021_cover.png","type":"image\/png"}],"twitter_card":"summary_large_image","twitter_site":"@resuelvetudeuda","twitter_misc":{"Tiempo de lectura":"1 minuto"},"schema":{"@context":"https:\/\/schema.org","@graph":[{"@type":"WebPage","@id":"https:\/\/dev.resuelvetudeuda.com\/es-es\/requisitos\/","url":"https:\/\/bravocredito.es\/soluciones","name":"Resuelve tu Deuda Espa\u00f1a | Beneficios","isPartOf":{"@id":"https:\/\/dev.resuelvetudeuda.com\/es-es\/#website"},"datePublished":"2020-10-08T06:04:02+00:00","dateModified":"2023-10-20T12:13:25+00:00","description":"Estos son los requisitos para entrar al programa de Resuelve tu Deuda Espa\u00f1a, debes cumplir con cada unos de ellos.","breadcrumb":{"@id":"https:\/\/bravocredito.es\/soluciones#breadcrumb"},"inLanguage":"es","potentialAction":[{"@type":"ReadAction","target":["https:\/\/bravocredito.es\/soluciones"]}]},{"@type":"BreadcrumbList","@id":"https:\/\/bravocredito.es\/soluciones#breadcrumb","itemListElement":[{"@type":"ListItem","position":1,"name":"Inicio","item":"https:\/\/dev.resuelvetudeuda.com\/es-es\/"},{"@type":"ListItem","position":2,"name":"Requisitos"}]},{"@type":"WebSite","@id":"https:\/\/dev.resuelvetudeuda.com\/es-es\/#website","url":"https:\/\/dev.resuelvetudeuda.com\/es-es\/","name":"Resuelve tu Deuda Espa\u00f1a","description":"Somos la reparadora de cr\u00e9dito con m\u00e1s experiencia en Am\u00e9rica Latina.","publisher":{"@id":"https:\/\/dev.resuelvetudeuda.com\/es-es\/#organization"},"potentialAction":[{"@type":"SearchAction","target":{"@type":"EntryPoint","urlTemplate":"https:\/\/dev.resuelvetudeuda.com\/es-es\/?s={search_term_string}"},"query-input":"required name=search_term_string"}],"inLanguage":"es"},{"@type":"Organization","@id":"https:\/\/dev.resuelvetudeuda.com\/es-es\/#organization","name":"Resuelve tu Deuda","url":"https:\/\/dev.resuelvetudeuda.com\/es-es\/","logo":{"@type":"ImageObject","inLanguage":"es","@id":"https:\/\/dev.resuelvetudeuda.com\/es-es\/#\/schema\/logo\/image\/","url":"https:\/\/dev.resuelvetudeuda.com\/es-es\/wp-content\/uploads\/sites\/4\/2021\/04\/logoRTD.png","contentUrl":"https:\/\/dev.resuelvetudeuda.com\/es-es\/wp-content\/uploads\/sites\/4\/2021\/04\/logoRTD.png","width":192,"height":192,"caption":"Resuelve tu Deuda"},"image":{"@id":"https:\/\/dev.resuelvetudeuda.com\/es-es\/#\/schema\/logo\/image\/"},"sameAs":["https:\/\/www.facebook.com\/ResuelveTuDeuda","https:\/\/twitter.com\/resuelvetudeuda","https:\/\/www.instagram.com\/resuelvetudeuda","https:\/\/www.linkedin.com\/company\/resuelve-global\/"]}]}},"_links":{"self":[{"href":"https:\/\/dev.resuelvetudeuda.com\/es-es\/wp-json\/wp\/v2\/pages\/9866","targetHints":{"allow":["GET"]}}],"collection":[{"href":"https:\/\/dev.resuelvetudeuda.com\/es-es\/wp-json\/wp\/v2\/pages"}],"about":[{"href":"https:\/\/dev.resuelvetudeuda.com\/es-es\/wp-json\/wp\/v2\/types\/page"}],"author":[{"embeddable":true,"href":"https:\/\/dev.resuelvetudeuda.com\/es-es\/wp-json\/wp\/v2\/users\/5"}],"replies":[{"embeddable":true,"href":"https:\/\/dev.resuelvetudeuda.com\/es-es\/wp-json\/wp\/v2\/comments?post=9866"}],"version-history":[{"count":0,"href":"https:\/\/dev.resuelvetudeuda.com\/es-es\/wp-json\/wp\/v2\/pages\/9866\/revisions"}],"wp:attachment":[{"href":"https:\/\/dev.resuelvetudeuda.com\/es-es\/wp-json\/wp\/v2\/media?parent=9866"}],"curies":[{"name":"wp","href":"https:\/\/api.w.org\/{rel}","templated":true}]}}