{"id":10218,"date":"2020-10-21T14:30:17","date_gmt":"2020-10-21T19:30:17","guid":{"rendered":"https:\/\/rtdnewtest.wpengine.com\/pt\/?page_id=10218"},"modified":"2022-04-07T19:44:53","modified_gmt":"2022-04-07T19:44:53","slug":"politicas-de-cookies","status":"publish","type":"page","link":"https:\/\/dev.resuelvetudeuda.com\/pt-br\/politicas-de-cookies\/","title":{"rendered":"Pol\u00edtica de Cookies"},"content":{"rendered":"\n<h2 class=\"has-text-align-center wp-block-heading\"><strong>Pol\u00edtica de Cookies<\/strong><\/h2>\n\n\n\n<p>Janela de acesso \u00e0 p\u00e1gina web da Rasd Resolva a sua D\u00edvida &#8211; Portugal, Unipessoal LDA (RESOLVA A SUA D\u00cdVIDA)]<\/p>\n\n\n\n<ul class=\"wp-block-list\"><li>Empresas afiliadas da RESOLVA A SUA D\u00cdVIDA.<\/li><li>Terceiros que prestem servi\u00e7os afins e \/ ou complementares aos da RESOLVA A SUA D\u00cdVIDA.<\/li><\/ul>\n\n\n\n<p>Este s\u00edtio web utiliza Cookies de acordo com a pol\u00edtica em vigor, para melhorar e personalizar a sua experi\u00eancia de navega\u00e7\u00e3o. Autoriza a utiliza\u00e7\u00e3o de cookies [<a href=\"https:\/\/www.resolvasuadivida.com\/poltica-cookies\/clkn\/https\/www.resolvasuadivida.com\/poltica-cookies\/\">https:\/\/www.resolvasuadivida.com\/poltica-cookies\/<\/a>]<\/p>\n\n\n\n<p>Autoriza que lhe mostremos an\u00fancios relacionados com os seus interesses noutros s\u00edtios web? [<a href=\"https:\/\/www.resolvasuadivida.com\/poltica-cookies\/clkn\/https\/www.resolvasuadivida.com\/poltica-cookies\/\">https:\/\/www.resolvasuadivida.com\/poltica-cookies\/<\/a>]<\/p>\n\n\n\n<p>A presente Pol\u00edtica de Cookies tem por finalidade inform\u00e1-lo de forma clara e precisa sobre as cookies que se utilizam no site da RESOLVA A SUA D\u00cdVIDA.<\/p>\n\n\n\n<p><strong>O que s\u00e3o as cookies e para que servem?<\/strong><\/p>\n\n\n\n<p>As cookies s\u00e3o pequenos ficheiros que se descarregam no seu computador quando acede a determinadas p\u00e1ginas web. Servem, entre outras coisas, para armazenar e recuperar informa\u00e7\u00e3o sobre os h\u00e1bitos de navega\u00e7\u00e3o de um utilizador ou do seu equipamento e proporcionar-lhe uma melhor experi\u00eancia de navega\u00e7\u00e3o.<\/p>\n\n\n\n<p><strong>Que tipos de cookies utiliza a RESOLVA A SUA D\u00cdVIDA?<\/strong><\/p>\n\n\n\n<p>O site da RESOLVA A SUA D\u00cdVIDA utiliza tanto cookies pr\u00f3prias como de terceiros e identificam-se em seguida de acordo com a sua finalidade:<\/p>\n\n\n\n<p><strong>Cookies de t\u00e9cnicas<\/strong><\/p>\n\n\n\n<p>S\u00e3o cookies que permitem ao utilizador a navega\u00e7\u00e3o atrav\u00e9s da p\u00e1gina web e a utiliza\u00e7\u00e3o das diferentes op\u00e7\u00f5es ou servi\u00e7os que nela existem, como por exemplo identificar a sess\u00e3o, a comunica\u00e7\u00e3o de dados e o controlo do tr\u00e1fego da web.<\/p>\n\n\n\n<p><strong>Cookies de an\u00e1lise<\/strong><\/p>\n\n\n\n<p>S\u00e3o cookies tratadas por n\u00f3s ou por terceiros que nos permitem quantificar o n\u00famero de utilizadores e realizar a medi\u00e7\u00e3o e an\u00e1lise estat\u00edstica da navega\u00e7\u00e3o no nosso site. Para isso, utilizamos a ferramenta de um fornecedor externo (Google Analytics) que re\u00fane dados an\u00f3nimos de navega\u00e7\u00e3o e nos permite medir estatisticamente a utiliza\u00e7\u00e3o do nosso site para melhorar os nossos conte\u00fados e procurar um melhor e mais apropriado servi\u00e7o.<\/p>\n\n\n\n<p><strong>Como se podem desabilitar as Cookies?<\/strong><\/p>\n\n\n\n<p>Pode restringir, bloquear ou apagar as cookies mediante a configura\u00e7\u00e3o das op\u00e7\u00f5es do seu navegador da Internet. Todos os navegadores modernos permitem mudar a configura\u00e7\u00e3o de Cookies. Estes ajustes normalmente encontram-se nas &#8220;Op\u00e7\u00f5es&#8221; ou &#8220;Prefer\u00eancias&#8221; do menu do seu navegador.<\/p>\n\n\n\n<p>Em seguida indicamos como faz\u00ea-lo:<\/p>\n\n\n\n<p><strong>Internet Explorer<\/strong><\/p>\n\n\n\n<ul class=\"wp-block-list\"><li>Ferramentas -&gt; Op\u00e7\u00f5es de Internet -&gt; Privacidade -&gt; Configura\u00e7\u00e3o.<\/li><li>Para mais informa\u00e7\u00e3o, pode consultar o suporte da Microsoft ou a Ajuda do navegador.<\/li><\/ul>\n\n\n\n<p><strong>Firefox<\/strong><\/p>\n\n\n\n<ul class=\"wp-block-list\"><li>Ferramentas -&gt; Op\u00e7\u00f5es -&gt; Privacidade -&gt; Historial -&gt; Configura\u00e7\u00e3o Personalizada.<\/li><li>Para mais informa\u00e7\u00e3o, pode consultar o suporte de Mozilla ou a Ajuda do navegador.<\/li><\/ul>\n\n\n\n<p><strong>Chrome<\/strong><\/p>\n\n\n\n<ul class=\"wp-block-list\"><li>Chrome: Configura\u00e7\u00e3o -&gt; Mostrar op\u00e7\u00f5es avan\u00e7adas -&gt; Privacidade -&gt; Configura\u00e7\u00e3o de conte\u00fado.<\/li><li>Para mais informa\u00e7\u00e3o, pode consultar o suporte do Google ou a Ajuda do navegador.<\/li><\/ul>\n\n\n\n<p><strong>Safari<\/strong><\/p>\n\n\n\n<ul class=\"wp-block-list\"><li>Prefer\u00eancias -&gt; Seguran\u00e7a.<\/li><li>Para mais informa\u00e7\u00e3o, pode consultar o suporte da Apple ou a Ajuda do navegador.<\/li><\/ul>\n\n\n\n<p>Tenha em conta que estes navegadores est\u00e3o submetidos a atualiza\u00e7\u00f5es ou modifica\u00e7\u00f5es, pelo que n\u00e3o podemos garantir que a informa\u00e7\u00e3o anterior se ajuste exatamente \u00e0 vers\u00e3o do seu navegador. Igualmente, para o caso em que utilize navegadores distintos dos anteriores, deve seguir as instru\u00e7\u00f5es do seu pr\u00f3prio navegador de Internet para mudar as prefer\u00eancias relativas \u00e0s cookies.<\/p>\n\n\n\n<p>A RESOLVA A SUA D\u00cdVIDA pode modificar esta Pol\u00edtica de Cookies em fun\u00e7\u00e3o de exig\u00eancias legislativas, regulamentares ou com a finalidade de adaptar dita Pol\u00edtica \u00e0s instru\u00e7\u00f5es ditadas pela Ag\u00eancia Espanhola de Prote\u00e7\u00e3o de Dados. Por isso, aconselha-se os Utilizadores a visitarem periodicamente esta p\u00e1gina para conhecer as altera\u00e7\u00f5es sofridas nas mesmas.<\/p>\n\n\n\n<p>A RESOLVA A SUA D\u00cdVIDA n\u00e3o pode controlar nem ser responsabilizada pelo conte\u00fado e veracidade dos termos e condi\u00e7\u00f5es nem pol\u00edticas de privacidade da Google referenciadas nesta pol\u00edtica de cookies.<\/p>\n\n\n\n<p class=\"has-text-align-right\"><strong><strong>\u00daltima atualiza\u00e7\u00e3o em abril de 2022<\/strong>.<\/strong><\/p>\n","protected":false},"excerpt":{"rendered":"<p>Pol\u00edtica de Cookies Janela de acesso \u00e0 p\u00e1gina web da Rasd Resolva a sua D\u00edvida &#8211; Portugal, Unipessoal LDA (RESOLVA A SUA D\u00cdVIDA)] Empresas afiliadas da RESOLVA A SUA D\u00cdVIDA. Terceiros que [&#8230;]<\/p>\n<p><a class=\"read-more\" href=\"https:\/\/dev.resuelvetudeuda.com\/pt-br\/politicas-de-cookies\/\">Leer m\u00e1s<\/a><\/p>\n","protected":false},"author":20,"featured_media":0,"parent":0,"menu_order":0,"comment_status":"closed","ping_status":"closed","template":"page-templates\/template-legales.php","meta":{"footnotes":""},"class_list":["post-10218","page","type-page","status-publish","hentry"],"yoast_head":"<!-- This site is optimized with the Yoast SEO plugin v20.13 - https:\/\/yoast.com\/wordpress\/plugins\/seo\/ -->\n<title>Pol\u00edtica de Cookies - Resolva A Sua D\u00edvida Brasil<\/title>\n<meta name=\"description\" content=\"Resuelve tu Deuda tiene pol\u00edticas de cookies, con\u00f3celas todas para estar informado.\" \/>\n<meta name=\"robots\" content=\"index, follow, max-snippet:-1, max-image-preview:large, max-video-preview:-1\" \/>\n<link rel=\"canonical\" href=\"https:\/\/dev.resuelvetudeuda.com\/pt-pt\/politicas-de-cookies\/\" \/>\n<meta property=\"og:locale\" content=\"pt_BR\" \/>\n<meta property=\"og:type\" content=\"article\" \/>\n<meta property=\"og:title\" content=\"Pol\u00edtica de Cookies - Resolva A Sua D\u00edvida Brasil\" \/>\n<meta property=\"og:description\" content=\"Resuelve tu Deuda tiene pol\u00edticas de cookies, con\u00f3celas todas para estar informado.\" \/>\n<meta property=\"og:url\" content=\"https:\/\/dev.resuelvetudeuda.com\/pt-pt\/politicas-de-cookies\/\" \/>\n<meta property=\"og:site_name\" content=\"Resolva A Sua D\u00edvida Brasil\" \/>\n<meta property=\"article:modified_time\" content=\"2022-04-07T19:44:53+00:00\" \/>\n<meta name=\"twitter:card\" content=\"summary_large_image\" \/>\n<meta name=\"twitter:label1\" content=\"Est. tempo de leitura\" \/>\n\t<meta name=\"twitter:data1\" content=\"3 minutos\" \/>\n<script type=\"application\/ld+json\" class=\"yoast-schema-graph\">{\"@context\":\"https:\/\/schema.org\",\"@graph\":[{\"@type\":\"WebPage\",\"@id\":\"https:\/\/dev.resuelvetudeuda.com\/pt-br\/politicas-de-cookies\/\",\"url\":\"https:\/\/dev.resuelvetudeuda.com\/pt-pt\/politicas-de-cookies\/\",\"name\":\"Pol\u00edtica de Cookies - Resolva A Sua D\u00edvida Brasil\",\"isPartOf\":{\"@id\":\"https:\/\/dev.resuelvetudeuda.com\/pt-br\/#website\"},\"datePublished\":\"2020-10-21T19:30:17+00:00\",\"dateModified\":\"2022-04-07T19:44:53+00:00\",\"description\":\"Resuelve tu Deuda tiene pol\u00edticas de cookies, con\u00f3celas todas para estar informado.\",\"breadcrumb\":{\"@id\":\"https:\/\/dev.resuelvetudeuda.com\/pt-pt\/politicas-de-cookies\/#breadcrumb\"},\"inLanguage\":\"pt-BR\",\"potentialAction\":[{\"@type\":\"ReadAction\",\"target\":[\"https:\/\/dev.resuelvetudeuda.com\/pt-pt\/politicas-de-cookies\/\"]}]},{\"@type\":\"BreadcrumbList\",\"@id\":\"https:\/\/dev.resuelvetudeuda.com\/pt-pt\/politicas-de-cookies\/#breadcrumb\",\"itemListElement\":[{\"@type\":\"ListItem\",\"position\":1,\"name\":\"Inicio\",\"item\":\"https:\/\/dev.resuelvetudeuda.com\/pt-br\/\"},{\"@type\":\"ListItem\",\"position\":2,\"name\":\"Pol\u00edtica de Cookies\"}]},{\"@type\":\"WebSite\",\"@id\":\"https:\/\/dev.resuelvetudeuda.com\/pt-br\/#website\",\"url\":\"https:\/\/dev.resuelvetudeuda.com\/pt-br\/\",\"name\":\"Resolva A Sua D\u00edvida Brasil\",\"description\":\"Somos la reparadora de cr\u00e9dito con m\u00e1s experiencia en Am\u00e9rica Latina.\",\"potentialAction\":[{\"@type\":\"SearchAction\",\"target\":{\"@type\":\"EntryPoint\",\"urlTemplate\":\"https:\/\/dev.resuelvetudeuda.com\/pt-br\/?s={search_term_string}\"},\"query-input\":\"required name=search_term_string\"}],\"inLanguage\":\"pt-BR\"}]}<\/script>\n<!-- \/ Yoast SEO plugin. -->","yoast_head_json":{"title":"Pol\u00edtica de Cookies - Resolva A Sua D\u00edvida Brasil","description":"Resuelve tu Deuda tiene pol\u00edticas de cookies, con\u00f3celas todas para estar informado.","robots":{"index":"index","follow":"follow","max-snippet":"max-snippet:-1","max-image-preview":"max-image-preview:large","max-video-preview":"max-video-preview:-1"},"canonical":"https:\/\/dev.resuelvetudeuda.com\/pt-pt\/politicas-de-cookies\/","og_locale":"pt_BR","og_type":"article","og_title":"Pol\u00edtica de Cookies - Resolva A Sua D\u00edvida Brasil","og_description":"Resuelve tu Deuda tiene pol\u00edticas de cookies, con\u00f3celas todas para estar informado.","og_url":"https:\/\/dev.resuelvetudeuda.com\/pt-pt\/politicas-de-cookies\/","og_site_name":"Resolva A Sua D\u00edvida Brasil","article_modified_time":"2022-04-07T19:44:53+00:00","twitter_card":"summary_large_image","twitter_misc":{"Est. tempo de leitura":"3 minutos"},"schema":{"@context":"https:\/\/schema.org","@graph":[{"@type":"WebPage","@id":"https:\/\/dev.resuelvetudeuda.com\/pt-br\/politicas-de-cookies\/","url":"https:\/\/dev.resuelvetudeuda.com\/pt-pt\/politicas-de-cookies\/","name":"Pol\u00edtica de Cookies - Resolva A Sua D\u00edvida Brasil","isPartOf":{"@id":"https:\/\/dev.resuelvetudeuda.com\/pt-br\/#website"},"datePublished":"2020-10-21T19:30:17+00:00","dateModified":"2022-04-07T19:44:53+00:00","description":"Resuelve tu Deuda tiene pol\u00edticas de cookies, con\u00f3celas todas para estar informado.","breadcrumb":{"@id":"https:\/\/dev.resuelvetudeuda.com\/pt-pt\/politicas-de-cookies\/#breadcrumb"},"inLanguage":"pt-BR","potentialAction":[{"@type":"ReadAction","target":["https:\/\/dev.resuelvetudeuda.com\/pt-pt\/politicas-de-cookies\/"]}]},{"@type":"BreadcrumbList","@id":"https:\/\/dev.resuelvetudeuda.com\/pt-pt\/politicas-de-cookies\/#breadcrumb","itemListElement":[{"@type":"ListItem","position":1,"name":"Inicio","item":"https:\/\/dev.resuelvetudeuda.com\/pt-br\/"},{"@type":"ListItem","position":2,"name":"Pol\u00edtica de Cookies"}]},{"@type":"WebSite","@id":"https:\/\/dev.resuelvetudeuda.com\/pt-br\/#website","url":"https:\/\/dev.resuelvetudeuda.com\/pt-br\/","name":"Resolva A Sua D\u00edvida Brasil","description":"Somos la reparadora de cr\u00e9dito con m\u00e1s experiencia en Am\u00e9rica Latina.","potentialAction":[{"@type":"SearchAction","target":{"@type":"EntryPoint","urlTemplate":"https:\/\/dev.resuelvetudeuda.com\/pt-br\/?s={search_term_string}"},"query-input":"required name=search_term_string"}],"inLanguage":"pt-BR"}]}},"_links":{"self":[{"href":"https:\/\/dev.resuelvetudeuda.com\/pt-br\/wp-json\/wp\/v2\/pages\/10218","targetHints":{"allow":["GET"]}}],"collection":[{"href":"https:\/\/dev.resuelvetudeuda.com\/pt-br\/wp-json\/wp\/v2\/pages"}],"about":[{"href":"https:\/\/dev.resuelvetudeuda.com\/pt-br\/wp-json\/wp\/v2\/types\/page"}],"author":[{"embeddable":true,"href":"https:\/\/dev.resuelvetudeuda.com\/pt-br\/wp-json\/wp\/v2\/users\/20"}],"replies":[{"embeddable":true,"href":"https:\/\/dev.resuelvetudeuda.com\/pt-br\/wp-json\/wp\/v2\/comments?post=10218"}],"version-history":[{"count":0,"href":"https:\/\/dev.resuelvetudeuda.com\/pt-br\/wp-json\/wp\/v2\/pages\/10218\/revisions"}],"wp:attachment":[{"href":"https:\/\/dev.resuelvetudeuda.com\/pt-br\/wp-json\/wp\/v2\/media?parent=10218"}],"curies":[{"name":"wp","href":"https:\/\/api.w.org\/{rel}","templated":true}]}}