{"id":9763,"date":"2020-10-04T22:09:32","date_gmt":"2020-10-05T03:09:32","guid":{"rendered":"http:\/\/resuelve-tu-deuda.local\/?page_id=9763"},"modified":"2022-05-05T22:38:27","modified_gmt":"2022-05-06T03:38:27","slug":"frequentes","status":"publish","type":"page","link":"https:\/\/dev.resuelvetudeuda.com\/pt-br\/frequentes\/","title":{"rendered":"Perguntas frequentes"},"content":{"rendered":"<div class=\"wp-bootstrap-blocks-container container mb-2\">\n\t\n\n<div class=\"wp-block-rtd-block-rtd-title row page-title\"><div class=\"col text-center\"><h2>Estas s\u00e3o algumas<br><strong>das d\u00favidas mais comuns<\/strong><\/h2><\/div><\/div>\n\n\n<div class=\"wp-bootstrap-blocks-row row\">\n\t\n\n<div class=\"col-12 col-md-6\">\n\t\t\t\n\n<div class=\"wp-block-rtd-rtd-image-box image-box faq-image-box\"><a href=\"#programa\"><div class=\"image-box-content\"><div class=\"image-box-image\"><img decoding=\"async\" src=\"https:\/\/dev.resuelvetudeuda.com\/pt\/wp-content\/uploads\/sites\/5\/2021\/02\/faqs_programa.png\"\/><\/div><h4>Sobre o programa<\/h4><\/div><\/a><\/div>\n\n\t<\/div>\n\n\n\n<div class=\"col-12 col-md-6\">\n\t\t\t\n\n<div class=\"wp-block-rtd-rtd-image-box image-box faq-image-box\"><a href=\"#clientes\"><div class=\"image-box-content\"><div class=\"image-box-image\"><img decoding=\"async\" src=\"https:\/\/dev.resuelvetudeuda.com\/pt\/wp-content\/uploads\/sites\/5\/2021\/02\/faqs_clientes.png\"\/><\/div><h4>Para clientes<\/h4><\/div><\/a><\/div>\n\n\t<\/div>\n\n<\/div>\n\n<\/div>\n\n\n<div class=\"wp-bootstrap-blocks-container container-fluid mb-2 pleca-left\">\n\t\n<div class=\"wp-bootstrap-blocks-container container mb-2\">\n\t\n<div class=\"wp-bootstrap-blocks-row row\">\n\t\n\n<div class=\"col-12 col-md-12\">\n\t\t\t\n<script>\n(function($) {\n\n    $(document).ready(function() {\n\n\n        \/\/ Smooth scrolling when clicking on a hash link\n        $('a[href^=\"#\"]:not([data-toggle=\"collapse\"])').on(\"click\", function(e) {\n            e.preventDefault();\n\n            var target = this.hash;\n            var $target = $(target);\n\n            $(\"html, body\").stop().animate({\n                    scrollTop: $target.offset().top,\n                },\n                900,\n                \"swing\"\n            );\n        });\n\n    });\n})(jQuery);\n<\/script>\n<div id=\"programa\" class=\"faqs-section\">\n    <h3>Sobre o Programa    <\/h3>\n    \n    <div class=\"panel-group\" id=\"accordion-programa\" role=\"tablist\" aria-multiselectable=\"true\">\n        <div class=\"panel panel-default\">\n            <div class=\"panel-heading\" role=\"tab\" id=\"faq-11122\">\n                <h5 class=\"panel-title\">\n                    <a class=\"collapsed\" role=\"button\" data-toggle=\"collapse\"\n                        href=\"#collapseItemOpen11122\" aria-expanded=\"true\"\n                        aria-controls=\"collapseItemOpen11122\">\n                        Empresta?                    <\/a>\n                <\/h5>\n            <\/div>\n            <div id=\"collapseItemOpen11122\" class=\"panel-collapse collapse in\" role=\"tabpanel\"\n                aria-labelledby=\"faq-11122\">\n                <div class=\"panel-body\">\n                    <p><!-- wp:paragraph -->\n<p>Resolva A Sua D\u00edvida destina-se a anular definitivamente as d\u00edvidas. O que fazemos \u00e9 negociar descontos para que possa&nbsp; pagar menos e dar-lhe a capacidade de faz\u00ea-lo com os seus pr\u00f3prios recursos sem procurar outro empr\u00e9stimo.<\/p>\n<!-- \/wp:paragraph -->                    <\/p>\n                <\/div>\n            <\/div>\n        <\/div>\n    <\/div>\n\n    <hr>\n\n    \n    <div class=\"panel-group\" id=\"accordion-programa\" role=\"tablist\" aria-multiselectable=\"true\">\n        <div class=\"panel panel-default\">\n            <div class=\"panel-heading\" role=\"tab\" id=\"faq-11124\">\n                <h5 class=\"panel-title\">\n                    <a class=\"collapsed\" role=\"button\" data-toggle=\"collapse\"\n                        href=\"#collapseItemOpen11124\" aria-expanded=\"true\"\n                        aria-controls=\"collapseItemOpen11124\">\n                        Com que institui\u00e7\u00f5es posso negociar a minha d\u00edvida?                    <\/a>\n                <\/h5>\n            <\/div>\n            <div id=\"collapseItemOpen11124\" class=\"panel-collapse collapse in\" role=\"tabpanel\"\n                aria-labelledby=\"faq-11124\">\n                <div class=\"panel-body\">\n                    <p><!-- wp:paragraph -->\n<p>Negociamos com institui\u00e7\u00f5es banc\u00e1rias, departamentais e de cr\u00e9dito.<\/p>\n<!-- \/wp:paragraph -->                    <\/p>\n                <\/div>\n            <\/div>\n        <\/div>\n    <\/div>\n\n    <hr>\n\n    \n    <div class=\"panel-group\" id=\"accordion-programa\" role=\"tablist\" aria-multiselectable=\"true\">\n        <div class=\"panel panel-default\">\n            <div class=\"panel-heading\" role=\"tab\" id=\"faq-11125\">\n                <h5 class=\"panel-title\">\n                    <a class=\"collapsed\" role=\"button\" data-toggle=\"collapse\"\n                        href=\"#collapseItemOpen11125\" aria-expanded=\"true\"\n                        aria-controls=\"collapseItemOpen11125\">\n                        Em quanto tempo posso pagar a minha d\u00edvida?                    <\/a>\n                <\/h5>\n            <\/div>\n            <div id=\"collapseItemOpen11125\" class=\"panel-collapse collapse in\" role=\"tabpanel\"\n                aria-labelledby=\"faq-11125\">\n                <div class=\"panel-body\">\n                    <p><!-- wp:paragraph -->\n<p>Quando a equipe Resolva a Sua D\u00edvida conhecer a sua situa\u00e7\u00e3o em detalhe, o seu consultor definir\u00e1 um plano de poupan\u00e7a espec\u00edfico com um tempo personalizado de acordo com o seu caso. Em m\u00e9dia, poder\u00e1 ficar livre das d\u00edvidas entre 24 e 48 meses.<\/p>\n<!-- \/wp:paragraph -->                    <\/p>\n                <\/div>\n            <\/div>\n        <\/div>\n    <\/div>\n\n    <hr>\n\n    \n    <div class=\"panel-group\" id=\"accordion-programa\" role=\"tablist\" aria-multiselectable=\"true\">\n        <div class=\"panel panel-default\">\n            <div class=\"panel-heading\" role=\"tab\" id=\"faq-11126\">\n                <h5 class=\"panel-title\">\n                    <a class=\"collapsed\" role=\"button\" data-toggle=\"collapse\"\n                        href=\"#collapseItemOpen11126\" aria-expanded=\"true\"\n                        aria-controls=\"collapseItemOpen11126\">\n                        Que taxas tenho que pagar?                    <\/a>\n                <\/h5>\n            <\/div>\n            <div id=\"collapseItemOpen11126\" class=\"panel-collapse collapse in\" role=\"tabpanel\"\n                aria-labelledby=\"faq-11126\">\n                <div class=\"panel-body\">\n                    <p><!-- wp:paragraph -->\n<p>Uma taxa de inscri\u00e7\u00e3o de programa, equivalente a um m\u00eas da sua poupan\u00e7a.<\/p>\n<!-- \/wp:paragraph -->\n\n<!-- wp:list -->\n<ul><li>Uma comiss\u00e3o mensal&nbsp;<\/li><li>E uma comiss\u00e3o de 15% de sucesso, isto \u00e9 sobre o desconto que obtemos sobre a sua d\u00edvida. Ser\u00e1 cobrado quando obtivermos resultados favor\u00e1veis para voc\u00ea, n\u00e3o antes.&nbsp;<\/li><\/ul>\n<!-- \/wp:list -->\n\n<!-- wp:paragraph -->\n<p>As nossas comiss\u00f5es j\u00e1 est\u00e3o inclu\u00eddas no plano de poupan\u00e7a que criamos para voc\u00ea, por isso n\u00e3o precisa gastar nada extra no final. Pode ver detalhadamente como o nosso programa funciona aqui.<\/p>\n<!-- \/wp:paragraph -->                    <\/p>\n                <\/div>\n            <\/div>\n        <\/div>\n    <\/div>\n\n    <hr>\n\n    \n    <div class=\"panel-group\" id=\"accordion-programa\" role=\"tablist\" aria-multiselectable=\"true\">\n        <div class=\"panel panel-default\">\n            <div class=\"panel-heading\" role=\"tab\" id=\"faq-11127\">\n                <h5 class=\"panel-title\">\n                    <a class=\"collapsed\" role=\"button\" data-toggle=\"collapse\"\n                        href=\"#collapseItemOpen11127\" aria-expanded=\"true\"\n                        aria-controls=\"collapseItemOpen11127\">\n                        O desconto est\u00e1 garantido?                    <\/a>\n                <\/h5>\n            <\/div>\n            <div id=\"collapseItemOpen11127\" class=\"panel-collapse collapse in\" role=\"tabpanel\"\n                aria-labelledby=\"faq-11127\">\n                <div class=\"panel-body\">\n                    <p><!-- wp:paragraph -->\n<p>O \u00fanico que pode garantir o desconto \u00e9 o seu credor. No entanto, no nosso programa, analisamos cada caso em detalhe e aceitamos aqueles que s\u00e3o suscet\u00edveis de ser negociados. Nos \u00faltimos 12 anos, liquidamos mais de 300 mil d\u00edvidas, e atingimos descontos de at\u00e9 60%.<\/p>\n<!-- \/wp:paragraph -->                    <\/p>\n                <\/div>\n            <\/div>\n        <\/div>\n    <\/div>\n\n    <hr>\n\n    \n    <div class=\"panel-group\" id=\"accordion-programa\" role=\"tablist\" aria-multiselectable=\"true\">\n        <div class=\"panel panel-default\">\n            <div class=\"panel-heading\" role=\"tab\" id=\"faq-11128\">\n                <h5 class=\"panel-title\">\n                    <a class=\"collapsed\" role=\"button\" data-toggle=\"collapse\"\n                        href=\"#collapseItemOpen11128\" aria-expanded=\"true\"\n                        aria-controls=\"collapseItemOpen11128\">\n                        Pode apagar minhas d\u00edvidas do mapa do SPC SERASA?                    <\/a>\n                <\/h5>\n            <\/div>\n            <div id=\"collapseItemOpen11128\" class=\"panel-collapse collapse in\" role=\"tabpanel\"\n                aria-labelledby=\"faq-11128\">\n                <div class=\"panel-body\">\n                    <p><!-- wp:paragraph -->\n<p>Para remover o seu registro do SERASA \u00e9 necess\u00e1rio liquidar as suas d\u00edvidas, oferecemos o melhor servi\u00e7o para lhe ajudar a conseguir voltar ao mercado financeiro.<\/p>\n<!-- \/wp:paragraph -->\n\n<!-- wp:paragraph -->\n<p>N\u00e3o confie em empresas que se ofere\u00e7am para retirar o seu nome do SERASA sem liquidar as suas d\u00edvidas e em troca de dinheiro.<\/p>\n<!-- \/wp:paragraph -->                    <\/p>\n                <\/div>\n            <\/div>\n        <\/div>\n    <\/div>\n\n    <hr>\n\n    \n    <div class=\"panel-group\" id=\"accordion-programa\" role=\"tablist\" aria-multiselectable=\"true\">\n        <div class=\"panel panel-default\">\n            <div class=\"panel-heading\" role=\"tab\" id=\"faq-11129\">\n                <h5 class=\"panel-title\">\n                    <a class=\"collapsed\" role=\"button\" data-toggle=\"collapse\"\n                        href=\"#collapseItemOpen11129\" aria-expanded=\"true\"\n                        aria-controls=\"collapseItemOpen11129\">\n                        Se n\u00e3o estiver em inadimpl\u00eancia, posso ser candidato?                    <\/a>\n                <\/h5>\n            <\/div>\n            <div id=\"collapseItemOpen11129\" class=\"panel-collapse collapse in\" role=\"tabpanel\"\n                aria-labelledby=\"faq-11129\">\n                <div class=\"panel-body\">\n                    <p><!-- wp:paragraph -->\n<p>N\u00e3o o encorajamos a parar de pagar, pelo contr\u00e1rio, a nossa miss\u00e3o \u00e9 ter melhores h\u00e1bitos financeiros. Portanto, o nosso programa \u00e9 apenas para pessoas que, por alguma raz\u00e3o, foram incapazes de cumprir com as suas obriga\u00e7\u00f5es.<\/p>\n<!-- \/wp:paragraph -->                    <\/p>\n                <\/div>\n            <\/div>\n        <\/div>\n    <\/div>\n\n    <hr>\n\n    <\/div>\n\n\n<script>\n(function($) {\n\n    $(document).ready(function() {\n\n\n        \/\/ Smooth scrolling when clicking on a hash link\n        $('a[href^=\"#\"]:not([data-toggle=\"collapse\"])').on(\"click\", function(e) {\n            e.preventDefault();\n\n            var target = this.hash;\n            var $target = $(target);\n\n            $(\"html, body\").stop().animate({\n                    scrollTop: $target.offset().top,\n                },\n                900,\n                \"swing\"\n            );\n        });\n\n    });\n})(jQuery);\n<\/script>\n<div id=\"clientes\" class=\"faqs-section\">\n    <h3>Para Clientes    <\/h3>\n    \n    <div class=\"panel-group\" id=\"accordion-clientes\" role=\"tablist\" aria-multiselectable=\"true\">\n        <div class=\"panel panel-default\">\n            <div class=\"panel-heading\" role=\"tab\" id=\"faq-11130\">\n                <h5 class=\"panel-title\">\n                    <a class=\"collapsed\" role=\"button\" data-toggle=\"collapse\"\n                        href=\"#collapseItemOpen11130\" aria-expanded=\"true\"\n                        aria-controls=\"collapseItemOpen11130\">\n                        Como saberei o status do meu programa?                    <\/a>\n                <\/h5>\n            <\/div>\n            <div id=\"collapseItemOpen11130\" class=\"panel-collapse collapse in\" role=\"tabpanel\"\n                aria-labelledby=\"faq-11130\">\n                <div class=\"panel-body\">\n                    <p><!-- wp:paragraph -->\n<p>Se tiver alguma d\u00favida sobre o andamento do seu plano de poupan\u00e7a ou a liquida\u00e7\u00e3o da sua d\u00edvida, pode contactar a nossa equipe <a href=\"https:\/\/www.resolvadividas.info\/\" data-type=\"URL\" data-id=\"https:\/\/www.resolvadividas.info\/\">consultiva a partir daqui<\/a> ou enviar um <a href=\"ola@resolvasuadivida.com\" data-type=\"URL\" data-id=\"ola@resolvasuadivida.com\">e-mail<\/a>.<\/p>\n<!-- \/wp:paragraph -->\n\n<!-- wp:paragraph -->\n<p>Estamos aqui para apoi\u00e1-lo!<\/p>\n<!-- \/wp:paragraph -->                    <\/p>\n                <\/div>\n            <\/div>\n        <\/div>\n    <\/div>\n\n    <hr>\n\n    \n    <div class=\"panel-group\" id=\"accordion-clientes\" role=\"tablist\" aria-multiselectable=\"true\">\n        <div class=\"panel panel-default\">\n            <div class=\"panel-heading\" role=\"tab\" id=\"faq-11131\">\n                <h5 class=\"panel-title\">\n                    <a class=\"collapsed\" role=\"button\" data-toggle=\"collapse\"\n                        href=\"#collapseItemOpen11131\" aria-expanded=\"true\"\n                        aria-controls=\"collapseItemOpen11131\">\n                        O que acontece se eu parar de poupar mensalmente?                    <\/a>\n                <\/h5>\n            <\/div>\n            <div id=\"collapseItemOpen11131\" class=\"panel-collapse collapse in\" role=\"tabpanel\"\n                aria-labelledby=\"faq-11131\">\n                <div class=\"panel-body\">\n                    <p><!-- wp:paragraph -->\n<p>A Resolva a Sua D\u00edvida n\u00e3o cobra quaisquer san\u00e7\u00f5es ou juros em atraso, mas o seu plano de liquida\u00e7\u00e3o tardar\u00e1 mais tempo do que o inicialmente definido quando come\u00e7ou. Lembre-se que as suas poupan\u00e7as mensais incluem as nossas comiss\u00f5es, por isso, se deixar de pagar ou ficar para tr\u00e1s nas suas d\u00edvidas, esta taxa continuar\u00e1 a existir e poder\u00e1 enfraquecer a poupan\u00e7a que j\u00e1 tem.<\/p>\n<!-- \/wp:paragraph -->                    <\/p>\n                <\/div>\n            <\/div>\n        <\/div>\n    <\/div>\n\n    <hr>\n\n    \n    <div class=\"panel-group\" id=\"accordion-clientes\" role=\"tablist\" aria-multiselectable=\"true\">\n        <div class=\"panel panel-default\">\n            <div class=\"panel-heading\" role=\"tab\" id=\"faq-11133\">\n                <h5 class=\"panel-title\">\n                    <a class=\"collapsed\" role=\"button\" data-toggle=\"collapse\"\n                        href=\"#collapseItemOpen11133\" aria-expanded=\"true\"\n                        aria-controls=\"collapseItemOpen11133\">\n                        Qu\u00e3o confi\u00e1vel \u00e9 a Resolva a Sua D\u00edvida?                    <\/a>\n                <\/h5>\n            <\/div>\n            <div id=\"collapseItemOpen11133\" class=\"panel-collapse collapse in\" role=\"tabpanel\"\n                aria-labelledby=\"faq-11133\">\n                <div class=\"panel-body\">\n                    <p><!-- wp:paragraph -->\n<p>Durante 12 anos, acompanhamos mais de 400.000 pessoas que precisavam de uma Segunda Oportunidade. Eles s\u00e3o a melhor prova de que o nosso programa \u00e9 uma op\u00e7\u00e3o confi\u00e1vel para ti, pode conhecer algumas cr\u00edticas aqui.<\/p>\n<!-- \/wp:paragraph -->                    <\/p>\n                <\/div>\n            <\/div>\n        <\/div>\n    <\/div>\n\n    <hr>\n\n    <\/div>\n\n\t<\/div>\n\n\n\n<div class=\"col-12\">\n\t\t\t\n\n<div class=\"wp-block-rtd-rtd-cta undefined cta\"><h3>N\u00e3o era isso que procurava?<\/h3><p><\/p><a href=\"https:\/\/resolvasuadivida.com\/sucursais\/\" class=\"btn btn-lg\">Contacte-nos<\/a><\/div>\n\n\t<\/div>\n\n<\/div>\n\n<\/div>\n\n<\/div>\n","protected":false},"excerpt":{"rendered":"<p> [&#8230;]<\/p>\n<p><a class=\"read-more\" href=\"https:\/\/dev.resuelvetudeuda.com\/pt-br\/frequentes\/\">Leer m\u00e1s<\/a><\/p>\n","protected":false},"author":58,"featured_media":0,"parent":0,"menu_order":0,"comment_status":"closed","ping_status":"closed","template":"page-templates\/template-rtd-default.php","meta":{"footnotes":""},"class_list":["post-9763","page","type-page","status-publish","hentry"],"yoast_head":"<!-- This site is optimized with the Yoast SEO plugin v20.13 - https:\/\/yoast.com\/wordpress\/plugins\/seo\/ -->\n<title>Resolva A Sua D\u00edvida - Perguntas Frequentes<\/title>\n<meta name=\"description\" content=\"Sabemos que tem muitas d\u00favidas sobre como o reparador funciona, requisitos e detalhes, estes s\u00e3o as perguntas frequentes da Resolva a sua D\u00edvida.\" \/>\n<meta name=\"robots\" content=\"index, follow, max-snippet:-1, max-image-preview:large, max-video-preview:-1\" \/>\n<link rel=\"canonical\" href=\"https:\/\/dev.resuelvetudeuda.com\/pt-pt\/frequentes\/\" \/>\n<meta property=\"og:locale\" content=\"pt_BR\" \/>\n<meta property=\"og:type\" content=\"article\" \/>\n<meta property=\"og:title\" content=\"Resolva A Sua D\u00edvida - Perguntas Frequentes\" \/>\n<meta property=\"og:description\" content=\"Sabemos que tem muitas d\u00favidas sobre como o reparador funciona, requisitos e detalhes, estes s\u00e3o as perguntas frequentes da Resolva a sua D\u00edvida.\" \/>\n<meta property=\"og:url\" content=\"https:\/\/dev.resuelvetudeuda.com\/pt-pt\/frequentes\/\" \/>\n<meta property=\"og:site_name\" content=\"Resolva A Sua D\u00edvida Brasil\" \/>\n<meta property=\"article:modified_time\" content=\"2022-05-06T03:38:27+00:00\" \/>\n<meta property=\"og:image\" content=\"https:\/\/dev.resuelvetudeuda.com\/pt\/wp-content\/uploads\/sites\/5\/2021\/02\/faqs_programa.png\" \/>\n<meta name=\"twitter:card\" content=\"summary_large_image\" \/>\n<meta name=\"twitter:label1\" content=\"Est. tempo de leitura\" \/>\n\t<meta name=\"twitter:data1\" content=\"1 minuto\" \/>\n<script type=\"application\/ld+json\" class=\"yoast-schema-graph\">{\"@context\":\"https:\/\/schema.org\",\"@graph\":[{\"@type\":\"WebPage\",\"@id\":\"https:\/\/dev.resuelvetudeuda.com\/pt-br\/frequentes\/\",\"url\":\"https:\/\/dev.resuelvetudeuda.com\/pt-pt\/frequentes\/\",\"name\":\"Resolva A Sua D\u00edvida - Perguntas Frequentes\",\"isPartOf\":{\"@id\":\"https:\/\/dev.resuelvetudeuda.com\/pt-br\/#website\"},\"datePublished\":\"2020-10-05T03:09:32+00:00\",\"dateModified\":\"2022-05-06T03:38:27+00:00\",\"description\":\"Sabemos que tem muitas d\u00favidas sobre como o reparador funciona, requisitos e detalhes, estes s\u00e3o as perguntas frequentes da Resolva a sua D\u00edvida.\",\"breadcrumb\":{\"@id\":\"https:\/\/dev.resuelvetudeuda.com\/pt-pt\/frequentes\/#breadcrumb\"},\"inLanguage\":\"pt-BR\",\"potentialAction\":[{\"@type\":\"ReadAction\",\"target\":[\"https:\/\/dev.resuelvetudeuda.com\/pt-pt\/frequentes\/\"]}]},{\"@type\":\"BreadcrumbList\",\"@id\":\"https:\/\/dev.resuelvetudeuda.com\/pt-pt\/frequentes\/#breadcrumb\",\"itemListElement\":[{\"@type\":\"ListItem\",\"position\":1,\"name\":\"Inicio\",\"item\":\"https:\/\/dev.resuelvetudeuda.com\/pt-br\/\"},{\"@type\":\"ListItem\",\"position\":2,\"name\":\"Perguntas frequentes\"}]},{\"@type\":\"WebSite\",\"@id\":\"https:\/\/dev.resuelvetudeuda.com\/pt-br\/#website\",\"url\":\"https:\/\/dev.resuelvetudeuda.com\/pt-br\/\",\"name\":\"Resolva A Sua D\u00edvida Brasil\",\"description\":\"Somos la reparadora de cr\u00e9dito con m\u00e1s experiencia en Am\u00e9rica Latina.\",\"potentialAction\":[{\"@type\":\"SearchAction\",\"target\":{\"@type\":\"EntryPoint\",\"urlTemplate\":\"https:\/\/dev.resuelvetudeuda.com\/pt-br\/?s={search_term_string}\"},\"query-input\":\"required name=search_term_string\"}],\"inLanguage\":\"pt-BR\"}]}<\/script>\n<!-- \/ Yoast SEO plugin. -->","yoast_head_json":{"title":"Resolva A Sua D\u00edvida - Perguntas Frequentes","description":"Sabemos que tem muitas d\u00favidas sobre como o reparador funciona, requisitos e detalhes, estes s\u00e3o as perguntas frequentes da Resolva a sua D\u00edvida.","robots":{"index":"index","follow":"follow","max-snippet":"max-snippet:-1","max-image-preview":"max-image-preview:large","max-video-preview":"max-video-preview:-1"},"canonical":"https:\/\/dev.resuelvetudeuda.com\/pt-pt\/frequentes\/","og_locale":"pt_BR","og_type":"article","og_title":"Resolva A Sua D\u00edvida - Perguntas Frequentes","og_description":"Sabemos que tem muitas d\u00favidas sobre como o reparador funciona, requisitos e detalhes, estes s\u00e3o as perguntas frequentes da Resolva a sua D\u00edvida.","og_url":"https:\/\/dev.resuelvetudeuda.com\/pt-pt\/frequentes\/","og_site_name":"Resolva A Sua D\u00edvida Brasil","article_modified_time":"2022-05-06T03:38:27+00:00","og_image":[{"url":"https:\/\/dev.resuelvetudeuda.com\/pt\/wp-content\/uploads\/sites\/5\/2021\/02\/faqs_programa.png"}],"twitter_card":"summary_large_image","twitter_misc":{"Est. tempo de leitura":"1 minuto"},"schema":{"@context":"https:\/\/schema.org","@graph":[{"@type":"WebPage","@id":"https:\/\/dev.resuelvetudeuda.com\/pt-br\/frequentes\/","url":"https:\/\/dev.resuelvetudeuda.com\/pt-pt\/frequentes\/","name":"Resolva A Sua D\u00edvida - Perguntas Frequentes","isPartOf":{"@id":"https:\/\/dev.resuelvetudeuda.com\/pt-br\/#website"},"datePublished":"2020-10-05T03:09:32+00:00","dateModified":"2022-05-06T03:38:27+00:00","description":"Sabemos que tem muitas d\u00favidas sobre como o reparador funciona, requisitos e detalhes, estes s\u00e3o as perguntas frequentes da Resolva a sua D\u00edvida.","breadcrumb":{"@id":"https:\/\/dev.resuelvetudeuda.com\/pt-pt\/frequentes\/#breadcrumb"},"inLanguage":"pt-BR","potentialAction":[{"@type":"ReadAction","target":["https:\/\/dev.resuelvetudeuda.com\/pt-pt\/frequentes\/"]}]},{"@type":"BreadcrumbList","@id":"https:\/\/dev.resuelvetudeuda.com\/pt-pt\/frequentes\/#breadcrumb","itemListElement":[{"@type":"ListItem","position":1,"name":"Inicio","item":"https:\/\/dev.resuelvetudeuda.com\/pt-br\/"},{"@type":"ListItem","position":2,"name":"Perguntas frequentes"}]},{"@type":"WebSite","@id":"https:\/\/dev.resuelvetudeuda.com\/pt-br\/#website","url":"https:\/\/dev.resuelvetudeuda.com\/pt-br\/","name":"Resolva A Sua D\u00edvida Brasil","description":"Somos la reparadora de cr\u00e9dito con m\u00e1s experiencia en Am\u00e9rica Latina.","potentialAction":[{"@type":"SearchAction","target":{"@type":"EntryPoint","urlTemplate":"https:\/\/dev.resuelvetudeuda.com\/pt-br\/?s={search_term_string}"},"query-input":"required name=search_term_string"}],"inLanguage":"pt-BR"}]}},"_links":{"self":[{"href":"https:\/\/dev.resuelvetudeuda.com\/pt-br\/wp-json\/wp\/v2\/pages\/9763","targetHints":{"allow":["GET"]}}],"collection":[{"href":"https:\/\/dev.resuelvetudeuda.com\/pt-br\/wp-json\/wp\/v2\/pages"}],"about":[{"href":"https:\/\/dev.resuelvetudeuda.com\/pt-br\/wp-json\/wp\/v2\/types\/page"}],"author":[{"embeddable":true,"href":"https:\/\/dev.resuelvetudeuda.com\/pt-br\/wp-json\/wp\/v2\/users\/58"}],"replies":[{"embeddable":true,"href":"https:\/\/dev.resuelvetudeuda.com\/pt-br\/wp-json\/wp\/v2\/comments?post=9763"}],"version-history":[{"count":0,"href":"https:\/\/dev.resuelvetudeuda.com\/pt-br\/wp-json\/wp\/v2\/pages\/9763\/revisions"}],"wp:attachment":[{"href":"https:\/\/dev.resuelvetudeuda.com\/pt-br\/wp-json\/wp\/v2\/media?parent=9763"}],"curies":[{"name":"wp","href":"https:\/\/api.w.org\/{rel}","templated":true}]}}