{"id":9851,"date":"2020-10-07T21:51:31","date_gmt":"2020-10-08T02:51:31","guid":{"rendered":"http:\/\/resuelve-tu-deuda.local\/?page_id=9851"},"modified":"2022-05-05T22:40:11","modified_gmt":"2022-05-06T03:40:11","slug":"beneficios","status":"publish","type":"page","link":"https:\/\/dev.resuelvetudeuda.com\/pt-br\/beneficios\/","title":{"rendered":"Beneficios"},"content":{"rendered":"<div class=\"wp-bootstrap-blocks-container container mb-2 px-5\">\n\t\n<div class=\"wp-bootstrap-blocks-row row\">\n\t\n\n<div class=\"col-12 col-md-12\">\n\t\t\t\n\n<div class=\"wp-block-rtd-block-rtd-title row page-title\"><div class=\"col text-center\"><h2>Conhe\u00e7a os <strong>beneficios<\/strong><\/h2><p>Sabemos como \u00e9 importante recuperar a sua estabilidade financeira.<br>Por isso, acompanhamos e o motivamos para alcan\u00e7ar isso, proporcionando-lhe:<\/p><\/div><\/div>\n\n\t<\/div>\n\n<\/div>\n\n<\/div>\n\n\n<div class=\"wp-bootstrap-blocks-container container-fluid mb-2 pleca-right\">\n\t\n<div class=\"container\">\n    <div class=\"features-vertical-desktop row row-eq-height\">\n        <div class=\"col-md-6 col-lg-6\">\n            <div class=\"features-v-slider-left\">\n                                <div class=\"feature-image-slide\">\n                                        <video class=\"lozad\" autoplay loop muted playsinline\n                        data-poster=\"https:\/\/dev.resuelvetudeuda.com\/pt-br\/wp-content\/uploads\/sites\/8\/2022\/04\/beneficios_1.gif\">\n                        <source data-src=\"https:\/\/dev.resuelvetudeuda.com\/pt-br\/wp-content\/uploads\/sites\/8\/2022\/04\/Beneficios_1.webm\" type=\"video\/webm\" \/>\n                        <source data-src=\"https:\/\/dev.resuelvetudeuda.com\/pt-br\/wp-content\/uploads\/sites\/8\/2022\/04\/Beneficios_1.mp4\" type=\"video\/mp4\" \/>\n                    <\/video>\n                                    <\/div>\n                                <div class=\"feature-image-slide\">\n                                        <video class=\"lozad\" autoplay loop muted playsinline\n                        data-poster=\"https:\/\/dev.resuelvetudeuda.com\/pt-br\/wp-content\/uploads\/sites\/8\/2022\/04\/beneficios_2.gif\">\n                        <source data-src=\"https:\/\/dev.resuelvetudeuda.com\/pt-br\/wp-content\/uploads\/sites\/8\/2022\/04\/Beneficios_2.webm\" type=\"video\/webm\" \/>\n                        <source data-src=\"https:\/\/dev.resuelvetudeuda.com\/pt-br\/wp-content\/uploads\/sites\/8\/2022\/04\/Beneficios_2.mp4\" type=\"video\/mp4\" \/>\n                    <\/video>\n                                    <\/div>\n                                <div class=\"feature-image-slide\">\n                                        <video class=\"lozad\" autoplay loop muted playsinline\n                        data-poster=\"https:\/\/dev.resuelvetudeuda.com\/pt-br\/wp-content\/uploads\/sites\/8\/2022\/04\/beneficios_3.gif\">\n                        <source data-src=\"https:\/\/dev.resuelvetudeuda.com\/pt-br\/wp-content\/uploads\/sites\/8\/2022\/04\/Beneficios_3.webm\" type=\"video\/webm\" \/>\n                        <source data-src=\"https:\/\/dev.resuelvetudeuda.com\/pt-br\/wp-content\/uploads\/sites\/8\/2022\/04\/Beneficios_3.mp4\" type=\"video\/mp4\" \/>\n                    <\/video>\n                                    <\/div>\n                                <div class=\"feature-image-slide\">\n                                        <video class=\"lozad\" autoplay loop muted playsinline\n                        data-poster=\"https:\/\/dev.resuelvetudeuda.com\/pt-br\/wp-content\/uploads\/sites\/8\/2022\/04\/beneficios_4-1.gif\">\n                        <source data-src=\"https:\/\/dev.resuelvetudeuda.com\/pt-br\/wp-content\/uploads\/sites\/8\/2022\/04\/Beneficios_4-1.webm\" type=\"video\/webm\" \/>\n                        <source data-src=\"https:\/\/dev.resuelvetudeuda.com\/pt-br\/wp-content\/uploads\/sites\/8\/2022\/04\/Beneficios_4-1.mp4\" type=\"video\/mp4\" \/>\n                    <\/video>\n                                    <\/div>\n                                <div class=\"feature-image-slide\">\n                                        <video class=\"lozad\" autoplay loop muted playsinline\n                        data-poster=\"https:\/\/dev.resuelvetudeuda.com\/pt-br\/wp-content\/uploads\/sites\/8\/2022\/04\/beneficios_6.gif\">\n                        <source data-src=\"https:\/\/dev.resuelvetudeuda.com\/pt-br\/wp-content\/uploads\/sites\/8\/2022\/04\/Beneficios_6.webm\" type=\"video\/webm\" \/>\n                        <source data-src=\"https:\/\/dev.resuelvetudeuda.com\/pt-br\/wp-content\/uploads\/sites\/8\/2022\/04\/Beneficios_6.mp4\" type=\"video\/mp4\" \/>\n                    <\/video>\n                                    <\/div>\n                            <\/div>\n        <\/div>\n        <div class=\"col-md-6 col-lg-6\">\n            <div class=\"features-v-slider-right\" data-slick='{\"slidesToShow\": 5}'>\n                                <div class=\"feature-content-slide\">\n                    <div class=\"feature-content\">\n                        <h3>Descontos at\u00e9 60%                        <\/h3>\n                        <!-- wp:paragraph -->\n<p>A nossa vasta experi\u00eancia nos permitir\u00e1 obter o melhor desconto sobre a sua d\u00edvida.<\/p>\n<!-- \/wp:paragraph -->                    <\/div>\n                <\/div>\n                                <div class=\"feature-content-slide\">\n                    <div class=\"feature-content\">\n                        <h3>Planos \u00e0 medida                        <\/h3>\n                        <!-- wp:paragraph -->\n<p>Analisamos a sua situa\u00e7\u00e3o atual e criamos um plano para que possa pagar com os seus pr\u00f3prios recursos, sem pedir mais empr\u00e9stimos.<\/p>\n<!-- \/wp:paragraph -->                    <\/div>\n                <\/div>\n                                <div class=\"feature-content-slide\">\n                    <div class=\"feature-content\">\n                        <h3>Seguran\u00e7a                        <\/h3>\n                        <!-- wp:paragraph -->\n<p>Toda a sua poupan\u00e7a \u00e9 depositada numa conta em seu nome, e a nossa equipe ir\u00e1 acompanh\u00e1-lo at\u00e9 o dia em que a sua conta estiver oficialmente liquidada.\u00a0<\/p>\n<!-- \/wp:paragraph -->                    <\/div>\n                <\/div>\n                                <div class=\"feature-content-slide\">\n                    <div class=\"feature-content\">\n                        <h3>Ajudamos-lhe a sair da negativa\u00e7\u00e3o do SERASA                        <\/h3>\n                        <!-- wp:paragraph -->\n<p>Lhe ajudamos a liquidar as suas d\u00edvidas com desconto, por esse motivo conseguir\u00e1 liquidar as suas d\u00edvidas em\u00a0 menos tempo e com desconto.<\/p>\n<!-- \/wp:paragraph -->                    <\/div>\n                <\/div>\n                                <div class=\"feature-content-slide\">\n                    <div class=\"feature-content\">\n                        <h3>E o mais importante, lhe devolvemos a estabilidade financeira.                        <\/h3>\n                        <!-- wp:paragraph -->\n<p>Para n\u00f3s o mais importante \u00e9 que recupere o controle das suas finan\u00e7as pessoais e lembre-se de como \u00e9 viver sem d\u00edvidas.&nbsp;<\/p>\n<!-- \/wp:paragraph -->                    <\/div>\n                <\/div>\n                            <\/div>\n        <\/div>\n    <\/div>\n<\/div>\n<div class=\"container-fluid px-0 mx-0\">\n    <div class=\"features-vertical-mobile\">\n        <div class=\"features-v-slider-center\" data-slider-length=\"5\">\n                        <div class=\"feature-v-slider-slide\">\n                <div class=\"feature-animation\">\n                                        <video class=\"lozad\" autoplay loop muted playsinline\n                        data-poster=\"https:\/\/dev.resuelvetudeuda.com\/pt-br\/wp-content\/uploads\/sites\/8\/2022\/04\/beneficios_1.gif\">\n                        <source data-src=\"https:\/\/dev.resuelvetudeuda.com\/pt-br\/wp-content\/uploads\/sites\/8\/2022\/04\/Beneficios_1.webm\" type=\"video\/webm\" \/>\n                        <source data-src=\"https:\/\/dev.resuelvetudeuda.com\/pt-br\/wp-content\/uploads\/sites\/8\/2022\/04\/Beneficios_1.mp4\" type=\"video\/mp4\" \/>\n                    <\/video>\n                                    <\/div>\n                <div class=\"feature-content\">\n                    <h3>Descontos at\u00e9 60%                    <\/h3>\n                    <!-- wp:paragraph -->  <p>A nossa vasta experi\u00eancia nos permitir\u00e1 obter o melhor desconto sobre a sua d\u00edvida.<\/p>  <!-- \/wp:paragraph -->                <\/div>\n            <\/div>\n                        <div class=\"feature-v-slider-slide\">\n                <div class=\"feature-animation\">\n                                        <video class=\"lozad\" autoplay loop muted playsinline\n                        data-poster=\"https:\/\/dev.resuelvetudeuda.com\/pt-br\/wp-content\/uploads\/sites\/8\/2022\/04\/beneficios_2.gif\">\n                        <source data-src=\"https:\/\/dev.resuelvetudeuda.com\/pt-br\/wp-content\/uploads\/sites\/8\/2022\/04\/Beneficios_2.webm\" type=\"video\/webm\" \/>\n                        <source data-src=\"https:\/\/dev.resuelvetudeuda.com\/pt-br\/wp-content\/uploads\/sites\/8\/2022\/04\/Beneficios_2.mp4\" type=\"video\/mp4\" \/>\n                    <\/video>\n                                    <\/div>\n                <div class=\"feature-content\">\n                    <h3>Planos \u00e0 medida                    <\/h3>\n                    <!-- wp:paragraph -->  <p>Analisamos a sua situa\u00e7\u00e3o atual e criamos um plano para que possa pagar com os seus pr\u00f3prios recursos, sem pedir mais empr\u00e9stimos.<\/p>  <!-- \/wp:paragraph -->                <\/div>\n            <\/div>\n                        <div class=\"feature-v-slider-slide\">\n                <div class=\"feature-animation\">\n                                        <video class=\"lozad\" autoplay loop muted playsinline\n                        data-poster=\"https:\/\/dev.resuelvetudeuda.com\/pt-br\/wp-content\/uploads\/sites\/8\/2022\/04\/beneficios_3.gif\">\n                        <source data-src=\"https:\/\/dev.resuelvetudeuda.com\/pt-br\/wp-content\/uploads\/sites\/8\/2022\/04\/Beneficios_3.webm\" type=\"video\/webm\" \/>\n                        <source data-src=\"https:\/\/dev.resuelvetudeuda.com\/pt-br\/wp-content\/uploads\/sites\/8\/2022\/04\/Beneficios_3.mp4\" type=\"video\/mp4\" \/>\n                    <\/video>\n                                    <\/div>\n                <div class=\"feature-content\">\n                    <h3>Seguran\u00e7a                    <\/h3>\n                    <!-- wp:paragraph -->  <p>Toda a sua poupan\u00e7a \u00e9 depositada numa conta em seu nome, e a nossa equipe ir\u00e1 acompanh\u00e1-lo at\u00e9 o dia em que a sua conta estiver oficialmente liquidada.\u00a0<\/p>  <!-- \/wp:paragraph -->                <\/div>\n            <\/div>\n                        <div class=\"feature-v-slider-slide\">\n                <div class=\"feature-animation\">\n                                        <video class=\"lozad\" autoplay loop muted playsinline\n                        data-poster=\"https:\/\/dev.resuelvetudeuda.com\/pt-br\/wp-content\/uploads\/sites\/8\/2022\/04\/beneficios_4-1.gif\">\n                        <source data-src=\"https:\/\/dev.resuelvetudeuda.com\/pt-br\/wp-content\/uploads\/sites\/8\/2022\/04\/Beneficios_4-1.webm\" type=\"video\/webm\" \/>\n                        <source data-src=\"https:\/\/dev.resuelvetudeuda.com\/pt-br\/wp-content\/uploads\/sites\/8\/2022\/04\/Beneficios_4-1.mp4\" type=\"video\/mp4\" \/>\n                    <\/video>\n                                    <\/div>\n                <div class=\"feature-content\">\n                    <h3>Ajudamos-lhe a sair da negativa\u00e7\u00e3o do SERASA                    <\/h3>\n                    <!-- wp:paragraph -->  <p>Lhe ajudamos a liquidar as suas d\u00edvidas com desconto, por esse motivo conseguir\u00e1 liquidar as suas d\u00edvidas em\u00a0 menos tempo e com desconto.<\/p>  <!-- \/wp:paragraph -->                <\/div>\n            <\/div>\n                        <div class=\"feature-v-slider-slide\">\n                <div class=\"feature-animation\">\n                                        <video class=\"lozad\" autoplay loop muted playsinline\n                        data-poster=\"https:\/\/dev.resuelvetudeuda.com\/pt-br\/wp-content\/uploads\/sites\/8\/2022\/04\/beneficios_6.gif\">\n                        <source data-src=\"https:\/\/dev.resuelvetudeuda.com\/pt-br\/wp-content\/uploads\/sites\/8\/2022\/04\/Beneficios_6.webm\" type=\"video\/webm\" \/>\n                        <source data-src=\"https:\/\/dev.resuelvetudeuda.com\/pt-br\/wp-content\/uploads\/sites\/8\/2022\/04\/Beneficios_6.mp4\" type=\"video\/mp4\" \/>\n                    <\/video>\n                                    <\/div>\n                <div class=\"feature-content\">\n                    <h3>E o mais importante, lhe devolvemos a estabilidade financeira.                    <\/h3>\n                    <!-- wp:paragraph -->  <p>Para n\u00f3s o mais importante \u00e9 que recupere o controle das suas finan\u00e7as pessoais e lembre-se de como \u00e9 viver sem d\u00edvidas.&nbsp;<\/p>  <!-- \/wp:paragraph -->                <\/div>\n            <\/div>\n                    <\/div>\n    <\/div>\n<\/div>\n\n\n\n<div class=\"wp-bootstrap-blocks-container container mb-2\">\n\t\n<div class=\"wp-bootstrap-blocks-row row\">\n\t\n\n<div class=\"col-12\">\n\t\t\t\n\n<div class=\"wp-block-rtd-rtd-cta undefined cta\"><h3>Conosco poder\u00e1 <strong>recome\u00e7ar a sua vida financeira<\/strong><\/h3><a href=\"https:\/\/resolvasuadivida.com\/requisitos\/\" class=\"btn btn-lg\">Conhe\u00e7a os requisitos<\/a><\/div>\n\n\t<\/div>\n\n<\/div>\n\n<\/div>\n\n<\/div>\n\n\n\n<p><\/p>\n","protected":false},"excerpt":{"rendered":"<p> [&#8230;]<\/p>\n<p><a class=\"read-more\" href=\"https:\/\/dev.resuelvetudeuda.com\/pt-br\/beneficios\/\">Leer m\u00e1s<\/a><\/p>\n","protected":false},"author":58,"featured_media":0,"parent":0,"menu_order":0,"comment_status":"closed","ping_status":"closed","template":"page-templates\/template-rtd-default.php","meta":{"footnotes":""},"class_list":["post-9851","page","type-page","status-publish","hentry"],"yoast_head":"<!-- This site is optimized with the Yoast SEO plugin v20.13 - https:\/\/yoast.com\/wordpress\/plugins\/seo\/ -->\n<title>Beneficios - Resolva A Sua D\u00edvida Brasil<\/title>\n<meta name=\"robots\" content=\"index, follow, max-snippet:-1, max-image-preview:large, max-video-preview:-1\" \/>\n<link rel=\"canonical\" href=\"https:\/\/dev.resuelvetudeuda.com\/pt-pt\/beneficios\/\" \/>\n<meta property=\"og:locale\" content=\"pt_BR\" \/>\n<meta property=\"og:type\" content=\"article\" \/>\n<meta property=\"og:title\" content=\"Beneficios - Resolva A Sua D\u00edvida Brasil\" \/>\n<meta property=\"og:description\" content=\"[...]Leer m\u00e1s\" \/>\n<meta property=\"og:url\" content=\"https:\/\/dev.resuelvetudeuda.com\/pt-pt\/beneficios\/\" \/>\n<meta property=\"og:site_name\" content=\"Resolva A Sua D\u00edvida Brasil\" \/>\n<meta property=\"article:modified_time\" content=\"2022-05-06T03:40:11+00:00\" \/>\n<meta name=\"twitter:card\" content=\"summary_large_image\" \/>\n<meta name=\"twitter:label1\" content=\"Est. tempo de leitura\" \/>\n\t<meta name=\"twitter:data1\" content=\"1 minuto\" \/>\n<script type=\"application\/ld+json\" class=\"yoast-schema-graph\">{\"@context\":\"https:\/\/schema.org\",\"@graph\":[{\"@type\":\"WebPage\",\"@id\":\"https:\/\/dev.resuelvetudeuda.com\/pt-br\/beneficios\/\",\"url\":\"https:\/\/dev.resuelvetudeuda.com\/pt-pt\/beneficios\/\",\"name\":\"Beneficios - Resolva A Sua D\u00edvida Brasil\",\"isPartOf\":{\"@id\":\"https:\/\/dev.resuelvetudeuda.com\/pt-br\/#website\"},\"datePublished\":\"2020-10-08T02:51:31+00:00\",\"dateModified\":\"2022-05-06T03:40:11+00:00\",\"breadcrumb\":{\"@id\":\"https:\/\/dev.resuelvetudeuda.com\/pt-pt\/beneficios\/#breadcrumb\"},\"inLanguage\":\"pt-BR\",\"potentialAction\":[{\"@type\":\"ReadAction\",\"target\":[\"https:\/\/dev.resuelvetudeuda.com\/pt-pt\/beneficios\/\"]}]},{\"@type\":\"BreadcrumbList\",\"@id\":\"https:\/\/dev.resuelvetudeuda.com\/pt-pt\/beneficios\/#breadcrumb\",\"itemListElement\":[{\"@type\":\"ListItem\",\"position\":1,\"name\":\"Inicio\",\"item\":\"https:\/\/dev.resuelvetudeuda.com\/pt-br\/\"},{\"@type\":\"ListItem\",\"position\":2,\"name\":\"Beneficios\"}]},{\"@type\":\"WebSite\",\"@id\":\"https:\/\/dev.resuelvetudeuda.com\/pt-br\/#website\",\"url\":\"https:\/\/dev.resuelvetudeuda.com\/pt-br\/\",\"name\":\"Resolva A Sua D\u00edvida Brasil\",\"description\":\"Somos la reparadora de cr\u00e9dito con m\u00e1s experiencia en Am\u00e9rica Latina.\",\"potentialAction\":[{\"@type\":\"SearchAction\",\"target\":{\"@type\":\"EntryPoint\",\"urlTemplate\":\"https:\/\/dev.resuelvetudeuda.com\/pt-br\/?s={search_term_string}\"},\"query-input\":\"required name=search_term_string\"}],\"inLanguage\":\"pt-BR\"}]}<\/script>\n<!-- \/ Yoast SEO plugin. -->","yoast_head_json":{"title":"Beneficios - Resolva A Sua D\u00edvida Brasil","robots":{"index":"index","follow":"follow","max-snippet":"max-snippet:-1","max-image-preview":"max-image-preview:large","max-video-preview":"max-video-preview:-1"},"canonical":"https:\/\/dev.resuelvetudeuda.com\/pt-pt\/beneficios\/","og_locale":"pt_BR","og_type":"article","og_title":"Beneficios - Resolva A Sua D\u00edvida Brasil","og_description":"[...]Leer m\u00e1s","og_url":"https:\/\/dev.resuelvetudeuda.com\/pt-pt\/beneficios\/","og_site_name":"Resolva A Sua D\u00edvida Brasil","article_modified_time":"2022-05-06T03:40:11+00:00","twitter_card":"summary_large_image","twitter_misc":{"Est. tempo de leitura":"1 minuto"},"schema":{"@context":"https:\/\/schema.org","@graph":[{"@type":"WebPage","@id":"https:\/\/dev.resuelvetudeuda.com\/pt-br\/beneficios\/","url":"https:\/\/dev.resuelvetudeuda.com\/pt-pt\/beneficios\/","name":"Beneficios - Resolva A Sua D\u00edvida Brasil","isPartOf":{"@id":"https:\/\/dev.resuelvetudeuda.com\/pt-br\/#website"},"datePublished":"2020-10-08T02:51:31+00:00","dateModified":"2022-05-06T03:40:11+00:00","breadcrumb":{"@id":"https:\/\/dev.resuelvetudeuda.com\/pt-pt\/beneficios\/#breadcrumb"},"inLanguage":"pt-BR","potentialAction":[{"@type":"ReadAction","target":["https:\/\/dev.resuelvetudeuda.com\/pt-pt\/beneficios\/"]}]},{"@type":"BreadcrumbList","@id":"https:\/\/dev.resuelvetudeuda.com\/pt-pt\/beneficios\/#breadcrumb","itemListElement":[{"@type":"ListItem","position":1,"name":"Inicio","item":"https:\/\/dev.resuelvetudeuda.com\/pt-br\/"},{"@type":"ListItem","position":2,"name":"Beneficios"}]},{"@type":"WebSite","@id":"https:\/\/dev.resuelvetudeuda.com\/pt-br\/#website","url":"https:\/\/dev.resuelvetudeuda.com\/pt-br\/","name":"Resolva A Sua D\u00edvida Brasil","description":"Somos la reparadora de cr\u00e9dito con m\u00e1s experiencia en Am\u00e9rica Latina.","potentialAction":[{"@type":"SearchAction","target":{"@type":"EntryPoint","urlTemplate":"https:\/\/dev.resuelvetudeuda.com\/pt-br\/?s={search_term_string}"},"query-input":"required name=search_term_string"}],"inLanguage":"pt-BR"}]}},"_links":{"self":[{"href":"https:\/\/dev.resuelvetudeuda.com\/pt-br\/wp-json\/wp\/v2\/pages\/9851","targetHints":{"allow":["GET"]}}],"collection":[{"href":"https:\/\/dev.resuelvetudeuda.com\/pt-br\/wp-json\/wp\/v2\/pages"}],"about":[{"href":"https:\/\/dev.resuelvetudeuda.com\/pt-br\/wp-json\/wp\/v2\/types\/page"}],"author":[{"embeddable":true,"href":"https:\/\/dev.resuelvetudeuda.com\/pt-br\/wp-json\/wp\/v2\/users\/58"}],"replies":[{"embeddable":true,"href":"https:\/\/dev.resuelvetudeuda.com\/pt-br\/wp-json\/wp\/v2\/comments?post=9851"}],"version-history":[{"count":0,"href":"https:\/\/dev.resuelvetudeuda.com\/pt-br\/wp-json\/wp\/v2\/pages\/9851\/revisions"}],"wp:attachment":[{"href":"https:\/\/dev.resuelvetudeuda.com\/pt-br\/wp-json\/wp\/v2\/media?parent=9851"}],"curies":[{"name":"wp","href":"https:\/\/api.w.org\/{rel}","templated":true}]}}