{"id":9866,"date":"2020-10-08T01:04:02","date_gmt":"2020-10-08T06:04:02","guid":{"rendered":"http:\/\/resuelve-tu-deuda.local\/?page_id=9866"},"modified":"2021-06-17T16:54:12","modified_gmt":"2021-06-17T21:54:12","slug":"requisitos","status":"publish","type":"page","link":"https:\/\/dev.resuelvetudeuda.com\/pt-pt\/requisitos\/","title":{"rendered":"Requisitos"},"content":{"rendered":"<div class=\"wp-bootstrap-blocks-container container mb-2\">\n\t\n<div class=\"wp-bootstrap-blocks-row row\">\n\t\n\n<div class=\"col-12 col-md-12\">\n\t\t\t\n\n<div class=\"wp-block-rtd-block-rtd-title row page-title\"><div class=\"col text-center\"><h2>Requisitos do <strong>programa<\/strong><\/h2><p>Se quiser fazer parte do programa, precisa:<\/p><\/div><\/div>\n\n\n<div class=\"container px-0\">\n    <div class=\"features-slider features data-slider-length=\" 3\">\n                <div class=\"feature\">\n            <div class=\"feature-image\">\n                                <video class=\"lozad\" autoplay loop muted playsinline\n                    data-poster=\"https:\/\/dev.resuelvetudeuda.com\/pt-pt\/wp-content\/uploads\/sites\/5\/2020\/10\/requisitos_1.gif\">\n                    <source data-src=\"https:\/\/dev.resuelvetudeuda.com\/pt\/wp-content\/uploads\/sites\/5\/2021\/03\/Requisitos_1.webm\" type=\"video\/webm\" \/>\n                    <source data-src=\"https:\/\/dev.resuelvetudeuda.com\/pt\/wp-content\/uploads\/sites\/5\/2021\/04\/2021_REQUISITOS_1.mp4\" type=\"video\/mp4\" \/>\n                <\/video>\n                            <\/div>\n            <div class=\"feature-text\">\n                                <!-- wp:paragraph -->\n<p>Ter uma ou mais d\u00edvidas e estar em incumprimento com seus pagamentos<\/p>\n<!-- \/wp:paragraph -->            <\/div>\n        <\/div>\n                <div class=\"feature\">\n            <div class=\"feature-image\">\n                                <video class=\"lozad\" autoplay loop muted playsinline\n                    data-poster=\"https:\/\/dev.resuelvetudeuda.com\/pt-pt\/wp-content\/uploads\/sites\/5\/2020\/10\/requisitos_2.gif\">\n                    <source data-src=\"https:\/\/dev.resuelvetudeuda.com\/pt\/wp-content\/uploads\/sites\/5\/2021\/03\/Requisitos_2.webm\" type=\"video\/webm\" \/>\n                    <source data-src=\"https:\/\/dev.resuelvetudeuda.com\/pt\/wp-content\/uploads\/sites\/5\/2021\/04\/2021_REQUISITOS_2.mp4\" type=\"video\/mp4\" \/>\n                <\/video>\n                            <\/div>\n            <div class=\"feature-text\">\n                                <!-- wp:paragraph -->\n<p>Ter as suas d\u00edvidas em cart\u00f5es de cr\u00e9dito ou empr\u00e9stimos pessoais.<\/p>\n<!-- \/wp:paragraph -->            <\/div>\n        <\/div>\n                <div class=\"feature\">\n            <div class=\"feature-image\">\n                                <video class=\"lozad\" autoplay loop muted playsinline\n                    data-poster=\"https:\/\/dev.resuelvetudeuda.com\/pt-pt\/wp-content\/uploads\/sites\/5\/2020\/10\/requisitos_3.gif\">\n                    <source data-src=\"https:\/\/dev.resuelvetudeuda.com\/pt\/wp-content\/uploads\/sites\/5\/2021\/03\/Requisitos_3.webm\" type=\"video\/webm\" \/>\n                    <source data-src=\"https:\/\/dev.resuelvetudeuda.com\/pt\/wp-content\/uploads\/sites\/5\/2021\/04\/2021_REQUISITOS_3.mp4\" type=\"video\/mp4\" \/>\n                <\/video>\n                            <\/div>\n            <div class=\"feature-text\">\n                                <!-- wp:paragraph -->\n<p>Ter o desejo e o compromisso de deixar as suas d\u00edvidas para tr\u00e1s.<\/p>\n<!-- \/wp:paragraph -->            <\/div>\n        <\/div>\n            <\/div>\n<\/div>\n\n\n\n<div class=\"wp-block-rtd-rtd-cta undefined cta\"><h3>Para que possamos ajud\u00e1-lo!<\/h3><p>Pode fazer parte das milhares de pessoas que tiveram uma Segunda Oportunidade e agora vivem sem d\u00edvidas.<\/p><a href=\"https:\/\/dev.resuelvetudeuda.com\/pt-pt\/consultivo\/\" class=\"btn btn-lg\">Obter aconselhamento especializado\u00a0<\/a><\/div>\n\n\t<\/div>\n\n<\/div>\n\n<\/div>\n","protected":false},"excerpt":{"rendered":"<p> [&#8230;]<\/p>\n<p><a class=\"read-more\" href=\"https:\/\/dev.resuelvetudeuda.com\/pt-pt\/requisitos\/\">Ler mais<\/a><\/p>\n","protected":false},"author":5,"featured_media":0,"parent":0,"menu_order":0,"comment_status":"closed","ping_status":"closed","template":"page-templates\/template-rtd-default.php","meta":{"footnotes":""},"class_list":["post-9866","page","type-page","status-publish","hentry"],"yoast_head":"<!-- This site is optimized with the Yoast SEO plugin v20.13 - https:\/\/yoast.com\/wordpress\/plugins\/seo\/ -->\n<title>Resolva A Sua D\u00edvida - Requisitos de D\u00edvida<\/title>\n<meta name=\"description\" content=\"Estes s\u00e3o os requisitos para entrar no programa Resolva a Sua D\u00edvida. Pague as suas d\u00edvidas com um reparador de cr\u00e9dito, a solu\u00e7\u00e3o para sair de d\u00edvidas.\" \/>\n<meta name=\"robots\" content=\"index, follow, max-snippet:-1, max-image-preview:large, max-video-preview:-1\" \/>\n<link rel=\"canonical\" href=\"https:\/\/dev.resuelvetudeuda.com\/pt-pt\/requisitos\/\" \/>\n<meta property=\"og:locale\" content=\"pt_PT\" \/>\n<meta property=\"og:type\" content=\"article\" \/>\n<meta property=\"og:title\" content=\"Resolva A Sua D\u00edvida - Requisitos de D\u00edvida\" \/>\n<meta property=\"og:description\" content=\"Estes s\u00e3o os requisitos para entrar no programa Resolva a Sua D\u00edvida. Pague as suas d\u00edvidas com um reparador de cr\u00e9dito, a solu\u00e7\u00e3o para sair de d\u00edvidas.\" \/>\n<meta property=\"og:url\" content=\"https:\/\/dev.resuelvetudeuda.com\/pt-pt\/requisitos\/\" \/>\n<meta property=\"og:site_name\" content=\"Resuelve Tu Deuda Portugal\" \/>\n<meta property=\"article:publisher\" content=\"https:\/\/www.facebook.com\/ResuelveTuDeuda\" \/>\n<meta property=\"article:modified_time\" content=\"2021-06-17T21:54:12+00:00\" \/>\n<meta property=\"og:image\" content=\"https:\/\/dev.resuelvetudeuda.com\/pt-pt\/wp-content\/uploads\/sites\/5\/2021\/04\/rtd2021_cover.png\" \/>\n\t<meta property=\"og:image:width\" content=\"1200\" \/>\n\t<meta property=\"og:image:height\" content=\"630\" \/>\n\t<meta property=\"og:image:type\" content=\"image\/png\" \/>\n<meta name=\"twitter:card\" content=\"summary_large_image\" \/>\n<meta name=\"twitter:site\" content=\"@resuelvetudeuda\" \/>\n<meta name=\"twitter:label1\" content=\"Tempo estimado de leitura\" \/>\n\t<meta name=\"twitter:data1\" content=\"1 minuto\" \/>\n<script type=\"application\/ld+json\" class=\"yoast-schema-graph\">{\"@context\":\"https:\/\/schema.org\",\"@graph\":[{\"@type\":\"WebPage\",\"@id\":\"https:\/\/dev.resuelvetudeuda.com\/pt-pt\/requisitos\/\",\"url\":\"https:\/\/dev.resuelvetudeuda.com\/pt-pt\/requisitos\/\",\"name\":\"Resolva A Sua D\u00edvida - Requisitos de D\u00edvida\",\"isPartOf\":{\"@id\":\"https:\/\/dev.resuelvetudeuda.com\/pt-pt\/#website\"},\"datePublished\":\"2020-10-08T06:04:02+00:00\",\"dateModified\":\"2021-06-17T21:54:12+00:00\",\"description\":\"Estes s\u00e3o os requisitos para entrar no programa Resolva a Sua D\u00edvida. Pague as suas d\u00edvidas com um reparador de cr\u00e9dito, a solu\u00e7\u00e3o para sair de d\u00edvidas.\",\"breadcrumb\":{\"@id\":\"https:\/\/dev.resuelvetudeuda.com\/pt-pt\/requisitos\/#breadcrumb\"},\"inLanguage\":\"pt-PT\",\"potentialAction\":[{\"@type\":\"ReadAction\",\"target\":[\"https:\/\/dev.resuelvetudeuda.com\/pt-pt\/requisitos\/\"]}]},{\"@type\":\"BreadcrumbList\",\"@id\":\"https:\/\/dev.resuelvetudeuda.com\/pt-pt\/requisitos\/#breadcrumb\",\"itemListElement\":[{\"@type\":\"ListItem\",\"position\":1,\"name\":\"Inicio\",\"item\":\"https:\/\/dev.resuelvetudeuda.com\/pt-pt\/\"},{\"@type\":\"ListItem\",\"position\":2,\"name\":\"Requisitos\"}]},{\"@type\":\"WebSite\",\"@id\":\"https:\/\/dev.resuelvetudeuda.com\/pt-pt\/#website\",\"url\":\"https:\/\/dev.resuelvetudeuda.com\/pt-pt\/\",\"name\":\"Resuelve Tu Deuda Portugal\",\"description\":\"Somos la reparadora de cr\u00e9dito con m\u00e1s experiencia en Am\u00e9rica Latina.\",\"publisher\":{\"@id\":\"https:\/\/dev.resuelvetudeuda.com\/pt-pt\/#organization\"},\"potentialAction\":[{\"@type\":\"SearchAction\",\"target\":{\"@type\":\"EntryPoint\",\"urlTemplate\":\"https:\/\/dev.resuelvetudeuda.com\/pt-pt\/?s={search_term_string}\"},\"query-input\":\"required name=search_term_string\"}],\"inLanguage\":\"pt-PT\"},{\"@type\":\"Organization\",\"@id\":\"https:\/\/dev.resuelvetudeuda.com\/pt-pt\/#organization\",\"name\":\"Resuelve tu Deuda\",\"url\":\"https:\/\/dev.resuelvetudeuda.com\/pt-pt\/\",\"logo\":{\"@type\":\"ImageObject\",\"inLanguage\":\"pt-PT\",\"@id\":\"https:\/\/dev.resuelvetudeuda.com\/pt-pt\/#\/schema\/logo\/image\/\",\"url\":\"https:\/\/dev.resuelvetudeuda.com\/pt\/wp-content\/uploads\/sites\/5\/2021\/04\/logoRTD.png\",\"contentUrl\":\"https:\/\/dev.resuelvetudeuda.com\/pt\/wp-content\/uploads\/sites\/5\/2021\/04\/logoRTD.png\",\"width\":192,\"height\":192,\"caption\":\"Resuelve tu Deuda\"},\"image\":{\"@id\":\"https:\/\/dev.resuelvetudeuda.com\/pt-pt\/#\/schema\/logo\/image\/\"},\"sameAs\":[\"https:\/\/www.facebook.com\/ResuelveTuDeuda\",\"https:\/\/twitter.com\/resuelvetudeuda\",\"https:\/\/www.instagram.com\/resuelvetudeuda\",\"https:\/\/www.linkedin.com\/company\/resuelve-global\/\"]}]}<\/script>\n<!-- \/ Yoast SEO plugin. -->","yoast_head_json":{"title":"Resolva A Sua D\u00edvida - Requisitos de D\u00edvida","description":"Estes s\u00e3o os requisitos para entrar no programa Resolva a Sua D\u00edvida. Pague as suas d\u00edvidas com um reparador de cr\u00e9dito, a solu\u00e7\u00e3o para sair de d\u00edvidas.","robots":{"index":"index","follow":"follow","max-snippet":"max-snippet:-1","max-image-preview":"max-image-preview:large","max-video-preview":"max-video-preview:-1"},"canonical":"https:\/\/dev.resuelvetudeuda.com\/pt-pt\/requisitos\/","og_locale":"pt_PT","og_type":"article","og_title":"Resolva A Sua D\u00edvida - Requisitos de D\u00edvida","og_description":"Estes s\u00e3o os requisitos para entrar no programa Resolva a Sua D\u00edvida. Pague as suas d\u00edvidas com um reparador de cr\u00e9dito, a solu\u00e7\u00e3o para sair de d\u00edvidas.","og_url":"https:\/\/dev.resuelvetudeuda.com\/pt-pt\/requisitos\/","og_site_name":"Resuelve Tu Deuda Portugal","article_publisher":"https:\/\/www.facebook.com\/ResuelveTuDeuda","article_modified_time":"2021-06-17T21:54:12+00:00","og_image":[{"width":1200,"height":630,"url":"https:\/\/dev.resuelvetudeuda.com\/pt-pt\/wp-content\/uploads\/sites\/5\/2021\/04\/rtd2021_cover.png","type":"image\/png"}],"twitter_card":"summary_large_image","twitter_site":"@resuelvetudeuda","twitter_misc":{"Tempo estimado de leitura":"1 minuto"},"schema":{"@context":"https:\/\/schema.org","@graph":[{"@type":"WebPage","@id":"https:\/\/dev.resuelvetudeuda.com\/pt-pt\/requisitos\/","url":"https:\/\/dev.resuelvetudeuda.com\/pt-pt\/requisitos\/","name":"Resolva A Sua D\u00edvida - Requisitos de D\u00edvida","isPartOf":{"@id":"https:\/\/dev.resuelvetudeuda.com\/pt-pt\/#website"},"datePublished":"2020-10-08T06:04:02+00:00","dateModified":"2021-06-17T21:54:12+00:00","description":"Estes s\u00e3o os requisitos para entrar no programa Resolva a Sua D\u00edvida. Pague as suas d\u00edvidas com um reparador de cr\u00e9dito, a solu\u00e7\u00e3o para sair de d\u00edvidas.","breadcrumb":{"@id":"https:\/\/dev.resuelvetudeuda.com\/pt-pt\/requisitos\/#breadcrumb"},"inLanguage":"pt-PT","potentialAction":[{"@type":"ReadAction","target":["https:\/\/dev.resuelvetudeuda.com\/pt-pt\/requisitos\/"]}]},{"@type":"BreadcrumbList","@id":"https:\/\/dev.resuelvetudeuda.com\/pt-pt\/requisitos\/#breadcrumb","itemListElement":[{"@type":"ListItem","position":1,"name":"Inicio","item":"https:\/\/dev.resuelvetudeuda.com\/pt-pt\/"},{"@type":"ListItem","position":2,"name":"Requisitos"}]},{"@type":"WebSite","@id":"https:\/\/dev.resuelvetudeuda.com\/pt-pt\/#website","url":"https:\/\/dev.resuelvetudeuda.com\/pt-pt\/","name":"Resuelve Tu Deuda Portugal","description":"Somos la reparadora de cr\u00e9dito con m\u00e1s experiencia en Am\u00e9rica Latina.","publisher":{"@id":"https:\/\/dev.resuelvetudeuda.com\/pt-pt\/#organization"},"potentialAction":[{"@type":"SearchAction","target":{"@type":"EntryPoint","urlTemplate":"https:\/\/dev.resuelvetudeuda.com\/pt-pt\/?s={search_term_string}"},"query-input":"required name=search_term_string"}],"inLanguage":"pt-PT"},{"@type":"Organization","@id":"https:\/\/dev.resuelvetudeuda.com\/pt-pt\/#organization","name":"Resuelve tu Deuda","url":"https:\/\/dev.resuelvetudeuda.com\/pt-pt\/","logo":{"@type":"ImageObject","inLanguage":"pt-PT","@id":"https:\/\/dev.resuelvetudeuda.com\/pt-pt\/#\/schema\/logo\/image\/","url":"https:\/\/dev.resuelvetudeuda.com\/pt\/wp-content\/uploads\/sites\/5\/2021\/04\/logoRTD.png","contentUrl":"https:\/\/dev.resuelvetudeuda.com\/pt\/wp-content\/uploads\/sites\/5\/2021\/04\/logoRTD.png","width":192,"height":192,"caption":"Resuelve tu Deuda"},"image":{"@id":"https:\/\/dev.resuelvetudeuda.com\/pt-pt\/#\/schema\/logo\/image\/"},"sameAs":["https:\/\/www.facebook.com\/ResuelveTuDeuda","https:\/\/twitter.com\/resuelvetudeuda","https:\/\/www.instagram.com\/resuelvetudeuda","https:\/\/www.linkedin.com\/company\/resuelve-global\/"]}]}},"_links":{"self":[{"href":"https:\/\/dev.resuelvetudeuda.com\/pt-pt\/wp-json\/wp\/v2\/pages\/9866","targetHints":{"allow":["GET"]}}],"collection":[{"href":"https:\/\/dev.resuelvetudeuda.com\/pt-pt\/wp-json\/wp\/v2\/pages"}],"about":[{"href":"https:\/\/dev.resuelvetudeuda.com\/pt-pt\/wp-json\/wp\/v2\/types\/page"}],"author":[{"embeddable":true,"href":"https:\/\/dev.resuelvetudeuda.com\/pt-pt\/wp-json\/wp\/v2\/users\/5"}],"replies":[{"embeddable":true,"href":"https:\/\/dev.resuelvetudeuda.com\/pt-pt\/wp-json\/wp\/v2\/comments?post=9866"}],"version-history":[{"count":0,"href":"https:\/\/dev.resuelvetudeuda.com\/pt-pt\/wp-json\/wp\/v2\/pages\/9866\/revisions"}],"wp:attachment":[{"href":"https:\/\/dev.resuelvetudeuda.com\/pt-pt\/wp-json\/wp\/v2\/media?parent=9866"}],"curies":[{"name":"wp","href":"https:\/\/api.w.org\/{rel}","templated":true}]}}